{"id":377925,"date":"2025-08-18T14:03:21","date_gmt":"2025-08-18T17:03:21","guid":{"rendered":"https:\/\/raftingbariloche.ar\/producto\/navegacion-por-nahuel-huapi-isla-victoria-y-bosque-de-arrayanes-sin-traslado\/"},"modified":"2026-04-08T16:25:39","modified_gmt":"2026-04-08T19:25:39","slug":"isla-victoria-arrayanes-sin-traslado","status":"publish","type":"product","link":"https:\/\/raftingbariloche.ar\/pt\/produto\/victoria-arrayanes-island-sem-realocacao\/","title":{"rendered":"Navega\u00e7\u00e3o Nahuel Huapi: Isla Victoria e Bosque de Arrayanes sem traslado"},"content":{"rendered":"<h3 class=\"ai-optimize-22\" data-start=\"304\" data-end=\"381\">Conhe\u00e7a o melhor da Patag\u00f4nia, com a confian\u00e7a e o selo da Bariloche Excursiones.<\/h3>\n<p class=\"ai-optimize-23 ai-optimize-introduction\" data-start=\"383\" data-end=\"761\">Navegue pelo impressionante Lago Nahuel Huapi e conecte-se com dois \u00edcones da regi\u00e3o: a majestosa Ilha Victoria e a m\u00e1gica Floresta de Arrayanes. Essa alternativa \u00e9 perfeita se voc\u00ea j\u00e1 estiver em Bariloche e preferir chegar diretamente a Puerto Pa\u00f1uelo, escolhendo seu pr\u00f3prio ritmo, mas desfrutando de nosso servi\u00e7o de primeira classe e da aten\u00e7\u00e3o que nos distingue.<\/p>\n<h3 class=\"ai-optimize-24\" data-start=\"763\" data-end=\"808\">Detalhes da caminhada e destaques<\/h3>\n<p class=\"ai-optimize-25\" data-start=\"810\" data-end=\"1136\">O passeio come\u00e7a em <strong data-start=\"832\" data-end=\"850\">Puerto Pa\u00f1uelo<\/strong>, no 25\u00ba quil\u00f4metro da Avenida Bustillo. L\u00e1, um catamar\u00e3 com vistas panor\u00e2micas o aguarda para iniciar a travessia do Nahuel Huapi. O primeiro ponto \u00e9 o <strong data-start=\"1006\" data-end=\"1032\">Pen\u00ednsula de Quetrihu\u00e9<\/strong>, onde voc\u00ea percorrer\u00e1 trilhas bem conservadas na \u00fanica floresta de murta do mundo.<\/p>\n<p class=\"ai-optimize-26\" data-start=\"1138\" data-end=\"1365\">Em seguida, continuamos at\u00e9 o <strong data-start=\"1166\" data-end=\"1183\">Ilha Victoria<\/strong>, O ambiente natural \u00e9 extraordin\u00e1rio, com circuitos autoguiados que o levam at\u00e9 o <strong data-start=\"1246\" data-end=\"1264\">Praia de El Toro<\/strong>A praia de areias vulc\u00e2nicas e vest\u00edgios de povos nativos, como impressionantes pinturas rupestres.<\/p>\n<h3 class=\"ai-optimize-27\" data-start=\"1367\" data-end=\"1387\">O que voc\u00ea precisa saber<\/h3>\n<ul data-start=\"1389\" data-end=\"1663\">\n<li class=\"ai-optimize-28\" data-start=\"1389\" data-end=\"1435\">\n<p class=\"ai-optimize-29\" data-start=\"1391\" data-end=\"1435\"><strong data-start=\"1391\" data-end=\"1412\">Dura\u00e7\u00e3o total<\/strong>: das 13:00 \u00e0s 18:30 hs<\/p>\n<\/li>\n<li class=\"ai-optimize-30\" data-start=\"1436\" data-end=\"1521\">\n<p class=\"ai-optimize-31\" data-start=\"1438\" data-end=\"1521\"><strong data-start=\"1438\" data-end=\"1449\">Inclui<\/strong>Passeio de catamar\u00e3 e acompanhamento de guia profissional durante todo o tempo.<\/p>\n<\/li>\n<li class=\"ai-optimize-32\" data-start=\"1522\" data-end=\"1663\">\n<p class=\"ai-optimize-33\" data-start=\"1524\" data-end=\"1663\"><strong data-start=\"1524\" data-end=\"1538\">N\u00e3o inclui<\/strong>Traslado para Puerto Pa\u00f1uelo, taxas de embarque e acesso ao Parque Nacional, refei\u00e7\u00f5es (oferta gastron\u00f4mica a bordo e na ilha).<\/p>\n<\/li>\n<\/ul>\n<h3 class=\"ai-optimize-34\" data-start=\"1665\" data-end=\"1694\">Chegue sozinho e com conforto<\/h3>\n<p class=\"ai-optimize-35\" data-start=\"1696\" data-end=\"1943\">Puerto Pa\u00f1uelo fica a apenas meia hora do centro de Bariloche, no km 25 da Avenida Bustillo. \u00c9 poss\u00edvel chegar l\u00e1 de carro, \u00f4nibus ou \u00f4nibus local. Ao fazer a reserva, informamos passo a passo como chegar l\u00e1 facilmente e sem complica\u00e7\u00f5es.<\/p>\n<h3 class=\"ai-optimize-36\" data-start=\"1950\" data-end=\"1974\">Perguntas frequentes<\/h3>\n<p class=\"ai-optimize-37\" data-start=\"1976\" data-end=\"2212\"><strong data-start=\"1976\" data-end=\"2028\">Onde posso pagar as taxas de embarque e do parque?<\/strong><br data-start=\"2028\" data-end=\"2031\" \/>Voc\u00ea paga em dinheiro no mesmo dia em que chegar a Puerto Pa\u00f1uelo. Moradores de Bariloche, pessoas com defici\u00eancia, crian\u00e7as com menos de 6 anos de idade e aposentados argentinos n\u00e3o pagam.<\/p>\n<p class=\"ai-optimize-38\" data-start=\"2214\" data-end=\"2368\"><strong data-start=\"2214\" data-end=\"2260\">H\u00e1 descontos para estrangeiros?<\/strong><br data-start=\"2260\" data-end=\"2263\" \/>N\u00e3o. Somente aqueles que residem na Argentina e apresentam a documenta\u00e7\u00e3o correspondente podem acessar os benef\u00edcios.<\/p>\n<p class=\"ai-optimize-39\" data-start=\"2370\" data-end=\"2524\"><strong data-start=\"2370\" data-end=\"2402\">Qual navio \u00e9 usado?<\/strong><br data-start=\"2402\" data-end=\"2405\" \/>A maioria das partidas \u00e9 feita no lend\u00e1rio <strong data-start=\"2457\" data-end=\"2477\">Modesta Victoria<\/strong>, O barco pode variar de acordo com a disponibilidade.<\/p>\n<p class=\"ai-optimize-40\" data-start=\"2526\" data-end=\"2689\"><strong data-start=\"2526\" data-end=\"2587\">Posso levar comida ou fazer compras durante a caminhada?<\/strong><br data-start=\"2587\" data-end=\"2590\" \/>Se desejar, voc\u00ea pode levar sua pr\u00f3pria comida e bebidas, embora tamb\u00e9m haja comida e bebidas dispon\u00edveis no catamar\u00e3 e na Ilha Victoria.<\/p>","protected":false},"excerpt":{"rendered":"<p class=\"ai-optimize-6\">Vivi uma experi\u00eancia inesquec\u00edvel viajando pela <strong>Ilha Victoria<\/strong> e o <strong>Floresta Myrtle<\/strong>, localizado no fascinante sul da Patag\u00f4nia. Descubra a beleza da <strong>Lago Nahuel Huapi<\/strong> enquanto voc\u00ea caminha por trilhas cercadas de vegeta\u00e7\u00e3o nativa e descobre vest\u00edgios de culturas milenares. Aproveite essa proposta diferente em um ambiente verdadeiramente m\u00e1gico.<\/p>","protected":false},"featured_media":378028,"comment_status":"open","ping_status":"closed","template":"","meta":[],"product_brand":[],"product_cat":[49,54,57,58,60,64,65,69],"product_tag":[],"class_list":{"0":"post-377925","1":"product","2":"type-product","3":"status-publish","4":"has-post-thumbnail","6":"product_cat-adultos","7":"product_cat-familia","8":"product_cat-jubilados","9":"product_cat-lacustre","10":"product_cat-ninos","11":"product_cat-sin-comida","12":"product_cat-sin-traslado","13":"product_cat-todo-el-ano","15":"first","16":"instock","17":"virtual","18":"sold-individually","19":"purchasable","20":"product-type-booking"},"booking_location":"","booking_location_type":"","booking_duration":60,"booking_duration_unit":"minute","booking_buffer":0,"booking_cost":0,"booking_resources":[],"exclude_global_add_ons":false,"addons":[{"name":"ADU: Adulto","type":"input_multiplier","position":0,"required":false,"title_format":"label","default":"","description_enable":false,"description":"","placeholder_enable":false,"placeholder":"","display":"select","restrictions_type":"any_text","adjust_price":true,"price":"136000","price_type":"quantity_based","restrictions":false,"min":"0","max":"0","options":[],"id":1773233738},{"name":"MEN512 | 5 a 12","type":"input_multiplier","position":1,"required":false,"title_format":"label","default":"","description_enable":false,"description":"","placeholder_enable":false,"placeholder":"","display":"select","restrictions_type":"any_text","adjust_price":true,"price":"70000","price_type":"quantity_based","restrictions":false,"min":"0","max":"0","options":[],"id":1773233739},{"name":"ADUJ : Aposentado","type":"input_multiplier","position":2,"required":false,"title_format":"label","default":"","description_enable":false,"description":"","placeholder_enable":false,"placeholder":"","display":"select","restrictions_type":"any_text","adjust_price":true,"price":"70000","price_type":"quantity_based","restrictions":false,"min":"0","max":"0","options":[],"id":1773233740}],"yoast_head":"<!-- This site is optimized with the Yoast SEO Premium plugin v25.2 (Yoast SEO v25.2) - https:\/\/yoast.com\/wordpress\/plugins\/seo\/ -->\n<title>Isla Victoria y Arrayanes sin traslado | Rafting Bariloche<\/title>\n<meta name=\"description\" content=\"Naveg\u00e1 por tu cuenta hasta Isla Victoria y el Bosque de Arrayanes. Una experiencia natural entre aguas cristalinas y senderos.\" \/>\n<meta name=\"robots\" content=\"index, follow, max-snippet:-1, max-image-preview:large, max-video-preview:-1\" \/>\n<link rel=\"canonical\" href=\"https:\/\/raftingbariloche.ar\/pt\/produto\/victoria-arrayanes-island-sem-realocacao\/\" \/>\n<meta property=\"og:locale\" content=\"pt_BR\" \/>\n<meta property=\"og:type\" content=\"article\" \/>\n<meta property=\"og:title\" content=\"Navegaci\u00f3n por Nahuel Huapi: Isla Victoria y Bosque de Arrayanes sin traslado\" \/>\n<meta property=\"og:description\" content=\"Naveg\u00e1 por tu cuenta hasta Isla Victoria y el Bosque de Arrayanes. Una experiencia natural entre aguas cristalinas y senderos.\" \/>\n<meta property=\"og:url\" content=\"https:\/\/raftingbariloche.ar\/pt\/produto\/victoria-arrayanes-island-sem-realocacao\/\" \/>\n<meta property=\"og:site_name\" content=\"Rafting Bariloche\" \/>\n<meta property=\"article:modified_time\" content=\"2026-04-08T19:25:39+00:00\" \/>\n<meta property=\"og:image\" content=\"https:\/\/raftingbariloche.ar\/wp-content\/uploads\/sites\/5\/2025\/08\/10-C-508878220_1177470274410825_7775384980905383559_n.jpg\" \/>\n\t<meta property=\"og:image:width\" content=\"850\" \/>\n\t<meta property=\"og:image:height\" content=\"1133\" \/>\n\t<meta property=\"og:image:type\" content=\"image\/jpeg\" \/>\n<meta name=\"twitter:card\" content=\"summary_large_image\" \/>\n<meta name=\"twitter:label1\" content=\"Pre\u00e7o\" \/>\n\t<meta name=\"twitter:data1\" content=\"&#036;163,200.00\" \/>\n\t<meta name=\"twitter:label2\" content=\"Disponibilidade\" \/>\n\t<meta name=\"twitter:data2\" content=\"Em Estoque\" \/>\n<script type=\"application\/ld+json\" class=\"yoast-schema-graph\">{\"@context\":\"https:\/\/schema.org\",\"@graph\":[{\"@type\":\"WebPage\",\"@id\":\"https:\/\/raftingbariloche.ar\/producto\/isla-victoria-arrayanes-sin-traslado\/\",\"url\":\"https:\/\/raftingbariloche.ar\/producto\/isla-victoria-arrayanes-sin-traslado\/\",\"name\":\"Isla Victoria y Arrayanes sin traslado | Rafting Bariloche\",\"isPartOf\":{\"@id\":\"https:\/\/raftingbariloche.ar\/#website\"},\"primaryImageOfPage\":{\"@id\":\"https:\/\/raftingbariloche.ar\/producto\/isla-victoria-arrayanes-sin-traslado\/#primaryimage\"},\"image\":{\"@id\":\"https:\/\/raftingbariloche.ar\/producto\/isla-victoria-arrayanes-sin-traslado\/#primaryimage\"},\"thumbnailUrl\":\"https:\/\/raftingbariloche.ar\/wp-content\/uploads\/sites\/5\/2025\/08\/10-C-508878220_1177470274410825_7775384980905383559_n.jpg\",\"datePublished\":\"2025-08-18T17:03:21+00:00\",\"dateModified\":\"2026-04-08T19:25:39+00:00\",\"description\":\"Naveg\u00e1 por tu cuenta hasta Isla Victoria y el Bosque de Arrayanes. Una experiencia natural entre aguas cristalinas y senderos.\",\"breadcrumb\":{\"@id\":\"https:\/\/raftingbariloche.ar\/producto\/isla-victoria-arrayanes-sin-traslado\/#breadcrumb\"},\"inLanguage\":\"pt-BR\",\"potentialAction\":[{\"@type\":\"ReadAction\",\"target\":[\"https:\/\/raftingbariloche.ar\/producto\/isla-victoria-arrayanes-sin-traslado\/\"]}]},{\"@type\":\"ImageObject\",\"inLanguage\":\"pt-BR\",\"@id\":\"https:\/\/raftingbariloche.ar\/producto\/isla-victoria-arrayanes-sin-traslado\/#primaryimage\",\"url\":\"https:\/\/raftingbariloche.ar\/wp-content\/uploads\/sites\/5\/2025\/08\/10-C-508878220_1177470274410825_7775384980905383559_n.jpg\",\"contentUrl\":\"https:\/\/raftingbariloche.ar\/wp-content\/uploads\/sites\/5\/2025\/08\/10-C-508878220_1177470274410825_7775384980905383559_n.jpg\",\"width\":850,\"height\":1133},{\"@type\":\"BreadcrumbList\",\"@id\":\"https:\/\/raftingbariloche.ar\/producto\/isla-victoria-arrayanes-sin-traslado\/#breadcrumb\",\"itemListElement\":[{\"@type\":\"ListItem\",\"position\":1,\"name\":\"Inicio\",\"item\":\"https:\/\/raftingbariloche.ar\/\"},{\"@type\":\"ListItem\",\"position\":2,\"name\":\"Tienda\",\"item\":\"https:\/\/raftingbariloche.ar\/tienda\/\"},{\"@type\":\"ListItem\",\"position\":3,\"name\":\"Navegaci\u00f3n por Nahuel Huapi: Isla Victoria y Bosque de Arrayanes sin traslado\"}]},{\"@type\":\"WebSite\",\"@id\":\"https:\/\/raftingbariloche.ar\/#website\",\"url\":\"https:\/\/raftingbariloche.ar\/\",\"name\":\"Rafting Bariloche\",\"description\":\"\",\"potentialAction\":[{\"@type\":\"SearchAction\",\"target\":{\"@type\":\"EntryPoint\",\"urlTemplate\":\"https:\/\/raftingbariloche.ar\/?s={search_term_string}\"},\"query-input\":{\"@type\":\"PropertyValueSpecification\",\"valueRequired\":true,\"valueName\":\"search_term_string\"}}],\"inLanguage\":\"pt-BR\"}]}<\/script>\n<meta property=\"product:price:amount\" content=\"163200.00\" \/>\n<meta property=\"product:price:currency\" content=\"ARS\" \/>\n<meta property=\"og:availability\" content=\"instock\" \/>\n<meta property=\"product:availability\" content=\"instock\" \/>\n<meta property=\"product:retailer_item_id\" content=\"ADV2025ISVIYB4A10\" \/>\n<meta property=\"product:condition\" content=\"new\" \/>\n<!-- \/ Yoast SEO Premium plugin. -->","yoast_head_json":{"title":"Isla Victoria e Arrayanes sem traslado : Rafting Bariloche","description":"Navegue por conta pr\u00f3pria at\u00e9 a Ilha Victoria e a Floresta Arrayanes. Uma experi\u00eancia natural entre \u00e1guas cristalinas e trilhas.","robots":{"index":"index","follow":"follow","max-snippet":"max-snippet:-1","max-image-preview":"max-image-preview:large","max-video-preview":"max-video-preview:-1"},"canonical":"https:\/\/raftingbariloche.ar\/pt\/produto\/victoria-arrayanes-island-sem-realocacao\/","og_locale":"pt_BR","og_type":"article","og_title":"Navegaci\u00f3n por Nahuel Huapi: Isla Victoria y Bosque de Arrayanes sin traslado","og_description":"Naveg\u00e1 por tu cuenta hasta Isla Victoria y el Bosque de Arrayanes. Una experiencia natural entre aguas cristalinas y senderos.","og_url":"https:\/\/raftingbariloche.ar\/pt\/produto\/victoria-arrayanes-island-sem-realocacao\/","og_site_name":"Rafting Bariloche","article_modified_time":"2026-04-08T19:25:39+00:00","og_image":[{"width":850,"height":1133,"url":"https:\/\/raftingbariloche.ar\/wp-content\/uploads\/sites\/5\/2025\/08\/10-C-508878220_1177470274410825_7775384980905383559_n.jpg","type":"image\/jpeg"}],"twitter_card":"summary_large_image","twitter_misc":{"Pre\u00e7o":"&#36;163,200.00","Disponibilidade":"Em Estoque"},"schema":{"@context":"https:\/\/schema.org","@graph":[{"@type":"WebPage","@id":"https:\/\/raftingbariloche.ar\/producto\/isla-victoria-arrayanes-sin-traslado\/","url":"https:\/\/raftingbariloche.ar\/producto\/isla-victoria-arrayanes-sin-traslado\/","name":"Isla Victoria e Arrayanes sem traslado : Rafting Bariloche","isPartOf":{"@id":"https:\/\/raftingbariloche.ar\/#website"},"primaryImageOfPage":{"@id":"https:\/\/raftingbariloche.ar\/producto\/isla-victoria-arrayanes-sin-traslado\/#primaryimage"},"image":{"@id":"https:\/\/raftingbariloche.ar\/producto\/isla-victoria-arrayanes-sin-traslado\/#primaryimage"},"thumbnailUrl":"https:\/\/raftingbariloche.ar\/wp-content\/uploads\/sites\/5\/2025\/08\/10-C-508878220_1177470274410825_7775384980905383559_n.jpg","datePublished":"2025-08-18T17:03:21+00:00","dateModified":"2026-04-08T19:25:39+00:00","description":"Navegue por conta pr\u00f3pria at\u00e9 a Ilha Victoria e a Floresta Arrayanes. Uma experi\u00eancia natural entre \u00e1guas cristalinas e trilhas.","breadcrumb":{"@id":"https:\/\/raftingbariloche.ar\/producto\/isla-victoria-arrayanes-sin-traslado\/#breadcrumb"},"inLanguage":"pt-BR","potentialAction":[{"@type":"ReadAction","target":["https:\/\/raftingbariloche.ar\/producto\/isla-victoria-arrayanes-sin-traslado\/"]}]},{"@type":"ImageObject","inLanguage":"pt-BR","@id":"https:\/\/raftingbariloche.ar\/producto\/isla-victoria-arrayanes-sin-traslado\/#primaryimage","url":"https:\/\/raftingbariloche.ar\/wp-content\/uploads\/sites\/5\/2025\/08\/10-C-508878220_1177470274410825_7775384980905383559_n.jpg","contentUrl":"https:\/\/raftingbariloche.ar\/wp-content\/uploads\/sites\/5\/2025\/08\/10-C-508878220_1177470274410825_7775384980905383559_n.jpg","width":850,"height":1133},{"@type":"BreadcrumbList","@id":"https:\/\/raftingbariloche.ar\/producto\/isla-victoria-arrayanes-sin-traslado\/#breadcrumb","itemListElement":[{"@type":"ListItem","position":1,"name":"Inicio","item":"https:\/\/raftingbariloche.ar\/"},{"@type":"ListItem","position":2,"name":"Tienda","item":"https:\/\/raftingbariloche.ar\/tienda\/"},{"@type":"ListItem","position":3,"name":"Navegaci\u00f3n por Nahuel Huapi: Isla Victoria y Bosque de Arrayanes sin traslado"}]},{"@type":"WebSite","@id":"https:\/\/raftingbariloche.ar\/#website","url":"https:\/\/raftingbariloche.ar\/","name":"Rafting em Bariloche","description":"","potentialAction":[{"@type":"SearchAction","target":{"@type":"EntryPoint","urlTemplate":"https:\/\/raftingbariloche.ar\/?s={search_term_string}"},"query-input":{"@type":"PropertyValueSpecification","valueRequired":true,"valueName":"search_term_string"}}],"inLanguage":"pt-BR"}]},"product_price_amount":"163200.00","product_price_currency":"ARS","og_availability":"instock","product_availability":"instock","product_retailer_item_id":"ADV2025ISVIYB4A10","product_condition":"new"},"_links":{"self":[{"href":"https:\/\/raftingbariloche.ar\/pt\/wp-json\/wp\/v2\/product\/377925","targetHints":{"allow":["GET"]}}],"collection":[{"href":"https:\/\/raftingbariloche.ar\/pt\/wp-json\/wp\/v2\/product"}],"about":[{"href":"https:\/\/raftingbariloche.ar\/pt\/wp-json\/wp\/v2\/types\/product"}],"replies":[{"embeddable":true,"href":"https:\/\/raftingbariloche.ar\/pt\/wp-json\/wp\/v2\/comments?post=377925"}],"wp:featuredmedia":[{"embeddable":true,"href":"https:\/\/raftingbariloche.ar\/pt\/wp-json\/wp\/v2\/media\/378028"}],"wp:attachment":[{"href":"https:\/\/raftingbariloche.ar\/pt\/wp-json\/wp\/v2\/media?parent=377925"}],"wp:term":[{"taxonomy":"product_brand","embeddable":true,"href":"https:\/\/raftingbariloche.ar\/pt\/wp-json\/wp\/v2\/product_brand?post=377925"},{"taxonomy":"product_cat","embeddable":true,"href":"https:\/\/raftingbariloche.ar\/pt\/wp-json\/wp\/v2\/product_cat?post=377925"},{"taxonomy":"product_tag","embeddable":true,"href":"https:\/\/raftingbariloche.ar\/pt\/wp-json\/wp\/v2\/product_tag?post=377925"}],"curies":[{"name":"wp","href":"https:\/\/api.w.org\/{rel}","templated":true}]}}