{"id":377924,"date":"2025-08-18T14:02:58","date_gmt":"2025-08-18T17:02:58","guid":{"rendered":"https:\/\/raftingbariloche.ar\/producto\/excursion-a-puerto-blest-y-lago-frias-con-traslado\/"},"modified":"2026-04-07T12:05:39","modified_gmt":"2026-04-07T15:05:39","slug":"puerto-blest-lago-frias-con-traslado","status":"publish","type":"product","link":"https:\/\/raftingbariloche.ar\/pt\/produto\/puerto-blest-lago-frias-com-traslado\/","title":{"rendered":"Excurs\u00e3o a Puerto Blest e Lago Frias com traslado"},"content":{"rendered":"<h2 class=\"ai-optimize-22\">Conhe\u00e7a a grandeza de Puerto Blest e a cachoeira \u201cLos C\u00e1ntaros\u201d.\u201d<\/h2>\n<p class=\"ai-optimize-23 ai-optimize-introduction\">Mergulhe em uma experi\u00eancia inesquec\u00edvel, come\u00e7ando pelo encantador <strong>Puerto Pa\u00f1uelo<\/strong>, localizado a poucos minutos do centro de San Carlos de Bariloche. Em um emocionante passeio de barco de cerca de sessenta minutos, voc\u00ea aproveitar\u00e1 a visita ao ic\u00f4nico <strong>Ilhota Sentinela<\/strong>, onde repousam os restos mortais do famoso Perito Moreno.<\/p>\n<p class=\"ai-optimize-24\">Continuamos a caminho de um circuito de passarelas que lhe proporcionar\u00e1 vistas \u00fanicas da impressionante <strong>Cachoeira Los C\u00e1ntaros<\/strong>. Esse espet\u00e1culo natural \u00e9 impressionante, com suas enormes paredes de granito e um lari\u00e7o milenar que tem mais de 1.500 anos de idade em seus an\u00e9is.<\/p>\n<h3 class=\"ai-optimize-25\">Navega\u00e7\u00e3o panor\u00e2mica no lago<\/h3>\n<p class=\"ai-optimize-26\">Suba a bordo de um catamar\u00e3 de \u00faltima gera\u00e7\u00e3o e sinta a imensid\u00e3o do mar. <strong>paisagens incompar\u00e1veis do lago Nahuel Huapi<\/strong> e os imponentes picos da <strong>Cordilheira dos Andes<\/strong>. Deixe a magia das ilhas e o cen\u00e1rio \u00fanico dessa \u00e1rea encherem voc\u00ea de admira\u00e7\u00e3o.<\/p>\n<h2 class=\"ai-optimize-27\">Mergulhe no Lago Frias: um tesouro escondido<\/h2>\n<p class=\"ai-optimize-28\">Ao desembarcar em Puerto Blest, um lugar que seduz viajantes de todas as partes, voc\u00ea ficar\u00e1 deslumbrado com a <strong>Lago Frias<\/strong>. Seus tons verdes s\u00e3o um presente dos sedimentos glaciais trazidos pelo Cerro Tronador.<\/p>\n<p class=\"ai-optimize-29\">Para aqueles que desejam prolongar o prazer, um curto traslado de \u00f4nibus de 3 km o deixar\u00e1 em <strong>Porto Alegre<\/strong>De l\u00e1, voc\u00ea poder\u00e1 embarcar e se aproximar ainda mais dessas \u00e1guas que surpreendem a todos com sua beleza.<\/p>\n<h3 class=\"ai-optimize-30\">Op\u00e7\u00f5es de divers\u00e3o para todos<\/h3>\n<ul>\n<li class=\"ai-optimize-31\">Caminhadas guiadas pela floresta tropical de Vald\u00edvia, um santu\u00e1rio da vida e da natureza.<\/li>\n<li class=\"ai-optimize-32\">Passeios de barco no calmo Lago Frias, ideal para descobrir vistas incr\u00edveis.<\/li>\n<\/ul>\n<h2 class=\"ai-optimize-33\">Fatos importantes para sua aventura<\/h2>\n<ul>\n<li class=\"ai-optimize-34\"><strong>Dura\u00e7\u00e3o:<\/strong> Aproximadamente das 9:00 \u00e0s 17:30 horas.<\/li>\n<li class=\"ai-optimize-35\"><strong>Ele inclui:<\/strong> Traslado de ida e volta, guia durante a navega\u00e7\u00e3o e as caminhadas.<\/li>\n<li class=\"ai-optimize-36\"><strong>N\u00e3o inclu\u00eddo:<\/strong> Alimenta\u00e7\u00e3o (op\u00e7\u00e3o de compra nos Paradores) e taxas de entrada nos Parques Nacionais.<\/li>\n<\/ul>\n<h2 class=\"ai-optimize-37\">Perguntas frequentes<\/h2>\n<ul>\n<li class=\"ai-optimize-38\"><strong>Quando devo pagar as taxas de entrada nos Parques Nacionais?<\/strong><br \/>\nO pagamento \u00e9 feito no dia da excurs\u00e3o em Puerto Pa\u00f1uelo, somente em dinheiro e na moeda local. H\u00e1 descontos para residentes e crian\u00e7as com menos de cinco anos de idade.<\/li>\n<li class=\"ai-optimize-39\"><strong>H\u00e1 algum desconto para aposentados estrangeiros?<\/strong><br \/>\nN\u00e3o, os benef\u00edcios se aplicam apenas aos aposentados argentinos, que devem apresentar suas credenciais ao embarcar.<\/li>\n<li class=\"ai-optimize-40\"><strong>\u00c9 poss\u00edvel levar sua pr\u00f3pria comida?<\/strong><br \/>\n\u00c9 claro que voc\u00ea pode levar seu pr\u00f3prio almo\u00e7o ou comprar algo para comer a bordo e nas diversas paradas.<\/li>\n<li class=\"ai-optimize-41\"><strong>Qual \u00e9 o navio usado para a experi\u00eancia?<\/strong><br \/>\nNormalmente, ele navega no hist\u00f3rico Modesta Victoria, embora isso possa mudar sem aviso pr\u00e9vio.<\/li>\n<li class=\"ai-optimize-42\"><strong>Ele pode ser adicionado a outras atividades?<\/strong><br \/>\nSim, especialmente se sua excurs\u00e3o come\u00e7ar \u00e0 tarde. \u00c9 altamente recomend\u00e1vel combinar essa caminhada com o Circuito Chico para aproveitar ao m\u00e1ximo o dia.<\/li>\n<\/ul>","protected":false},"excerpt":{"rendered":"<p class=\"ai-optimize-6\">Viva uma experi\u00eancia \u00fanica visitando Puerto Blest e a Cachoeira Los C\u00e1ntaros. Desfrute de um passeio de barco e deixe-se surpreender pelo cen\u00e1rio de tirar o f\u00f4lego do Lago Frias. Compre seu ingresso agora e fa\u00e7a parte de um dia cercado por uma natureza extraordin\u00e1ria.<\/p>","protected":false},"featured_media":378022,"comment_status":"open","ping_status":"closed","template":"","meta":[],"product_brand":[],"product_cat":[49,53,54,57,58,60,64,69],"product_tag":[],"class_list":{"0":"post-377924","1":"product","2":"type-product","3":"status-publish","4":"has-post-thumbnail","6":"product_cat-adultos","7":"product_cat-con-traslado","8":"product_cat-familia","9":"product_cat-jubilados","10":"product_cat-lacustre","11":"product_cat-ninos","12":"product_cat-sin-comida","13":"product_cat-todo-el-ano","15":"first","16":"instock","17":"virtual","18":"sold-individually","19":"purchasable","20":"product-type-booking"},"booking_location":"","booking_location_type":"","booking_duration":60,"booking_duration_unit":"minute","booking_buffer":0,"booking_cost":0,"booking_resources":[],"exclude_global_add_ons":false,"addons":[{"name":"ADU: Adulto","type":"input_multiplier","position":0,"required":true,"title_format":"label","default":"","description_enable":false,"description":"","placeholder_enable":false,"placeholder":"","display":"select","restrictions_type":"any_text","adjust_price":true,"price":"212000","price_type":"quantity_based","restrictions":false,"min":"0","max":"0","options":[],"id":1773233993},{"name":"MEN512 | 5 a 12","type":"input_multiplier","position":1,"required":false,"title_format":"label","default":"","description_enable":false,"description":"","placeholder_enable":false,"placeholder":"","display":"select","restrictions_type":"any_text","adjust_price":true,"price":"119000","price_type":"quantity_based","restrictions":false,"min":"0","max":"0","options":[],"id":1773233994},{"name":"ADUJ : Aposentado","type":"input_multiplier","position":2,"required":false,"title_format":"label","default":"","description_enable":false,"description":"","placeholder_enable":false,"placeholder":"","display":"select","restrictions_type":"any_text","adjust_price":true,"price":"119000","price_type":"quantity_based","restrictions":false,"min":"0","max":"0","options":[],"id":1773233995}],"yoast_head":"<!-- This site is optimized with the Yoast SEO Premium plugin v25.2 (Yoast SEO v25.2) - https:\/\/yoast.com\/wordpress\/plugins\/seo\/ -->\n<title>Excursi\u00f3n a Puerto Blest y Lago Fr\u00edas con traslado - Rafting Bariloche<\/title>\n<meta name=\"description\" content=\"Explor\u00e1 Puerto Blest y Lago Fr\u00edas con traslado desde Bariloche. Navegaci\u00f3n, cascadas y vistas inolvidables de la Patagonia.\" \/>\n<meta name=\"robots\" content=\"index, follow, max-snippet:-1, max-image-preview:large, max-video-preview:-1\" \/>\n<link rel=\"canonical\" href=\"https:\/\/raftingbariloche.ar\/pt\/produto\/puerto-blest-lago-frias-com-traslado\/\" \/>\n<meta property=\"og:locale\" content=\"pt_BR\" \/>\n<meta property=\"og:type\" content=\"article\" \/>\n<meta property=\"og:title\" content=\"Excursi\u00f3n a Puerto Blest y Lago Fr\u00edas con traslado\" \/>\n<meta property=\"og:description\" content=\"Explor\u00e1 Puerto Blest y Lago Fr\u00edas con traslado desde Bariloche. Navegaci\u00f3n, cascadas y vistas inolvidables de la Patagonia.\" \/>\n<meta property=\"og:url\" content=\"https:\/\/raftingbariloche.ar\/pt\/produto\/puerto-blest-lago-frias-com-traslado\/\" \/>\n<meta property=\"og:site_name\" content=\"Rafting Bariloche\" \/>\n<meta property=\"article:modified_time\" content=\"2026-04-07T15:05:39+00:00\" \/>\n<meta property=\"og:image\" content=\"https:\/\/raftingbariloche.ar\/wp-content\/uploads\/sites\/5\/2025\/08\/10-D-509002547_1177476341076885_4650642580703209424_n.jpg\" \/>\n\t<meta property=\"og:image:width\" content=\"850\" \/>\n\t<meta property=\"og:image:height\" content=\"1133\" \/>\n\t<meta property=\"og:image:type\" content=\"image\/jpeg\" \/>\n<meta name=\"twitter:card\" content=\"summary_large_image\" \/>\n<meta name=\"twitter:label1\" content=\"Pre\u00e7o\" \/>\n\t<meta name=\"twitter:data1\" content=\"&#036;212,000.00\" \/>\n\t<meta name=\"twitter:label2\" content=\"Disponibilidade\" \/>\n\t<meta name=\"twitter:data2\" content=\"Em Estoque\" \/>\n<script type=\"application\/ld+json\" class=\"yoast-schema-graph\">{\"@context\":\"https:\/\/schema.org\",\"@graph\":[{\"@type\":\"WebPage\",\"@id\":\"https:\/\/raftingbariloche.ar\/producto\/puerto-blest-lago-frias-con-traslado\/\",\"url\":\"https:\/\/raftingbariloche.ar\/producto\/puerto-blest-lago-frias-con-traslado\/\",\"name\":\"Excursi\u00f3n a Puerto Blest y Lago Fr\u00edas con traslado - Rafting Bariloche\",\"isPartOf\":{\"@id\":\"https:\/\/raftingbariloche.ar\/#website\"},\"primaryImageOfPage\":{\"@id\":\"https:\/\/raftingbariloche.ar\/producto\/puerto-blest-lago-frias-con-traslado\/#primaryimage\"},\"image\":{\"@id\":\"https:\/\/raftingbariloche.ar\/producto\/puerto-blest-lago-frias-con-traslado\/#primaryimage\"},\"thumbnailUrl\":\"https:\/\/raftingbariloche.ar\/wp-content\/uploads\/sites\/5\/2025\/08\/10-D-509002547_1177476341076885_4650642580703209424_n.jpg\",\"datePublished\":\"2025-08-18T17:02:58+00:00\",\"dateModified\":\"2026-04-07T15:05:39+00:00\",\"description\":\"Explor\u00e1 Puerto Blest y Lago Fr\u00edas con traslado desde Bariloche. Navegaci\u00f3n, cascadas y vistas inolvidables de la Patagonia.\",\"breadcrumb\":{\"@id\":\"https:\/\/raftingbariloche.ar\/producto\/puerto-blest-lago-frias-con-traslado\/#breadcrumb\"},\"inLanguage\":\"pt-BR\",\"potentialAction\":[{\"@type\":\"ReadAction\",\"target\":[\"https:\/\/raftingbariloche.ar\/producto\/puerto-blest-lago-frias-con-traslado\/\"]}]},{\"@type\":\"ImageObject\",\"inLanguage\":\"pt-BR\",\"@id\":\"https:\/\/raftingbariloche.ar\/producto\/puerto-blest-lago-frias-con-traslado\/#primaryimage\",\"url\":\"https:\/\/raftingbariloche.ar\/wp-content\/uploads\/sites\/5\/2025\/08\/10-D-509002547_1177476341076885_4650642580703209424_n.jpg\",\"contentUrl\":\"https:\/\/raftingbariloche.ar\/wp-content\/uploads\/sites\/5\/2025\/08\/10-D-509002547_1177476341076885_4650642580703209424_n.jpg\",\"width\":850,\"height\":1133},{\"@type\":\"BreadcrumbList\",\"@id\":\"https:\/\/raftingbariloche.ar\/producto\/puerto-blest-lago-frias-con-traslado\/#breadcrumb\",\"itemListElement\":[{\"@type\":\"ListItem\",\"position\":1,\"name\":\"Inicio\",\"item\":\"https:\/\/raftingbariloche.ar\/\"},{\"@type\":\"ListItem\",\"position\":2,\"name\":\"Tienda\",\"item\":\"https:\/\/raftingbariloche.ar\/tienda\/\"},{\"@type\":\"ListItem\",\"position\":3,\"name\":\"Excursi\u00f3n a Puerto Blest y Lago Fr\u00edas con traslado\"}]},{\"@type\":\"WebSite\",\"@id\":\"https:\/\/raftingbariloche.ar\/#website\",\"url\":\"https:\/\/raftingbariloche.ar\/\",\"name\":\"Rafting Bariloche\",\"description\":\"\",\"potentialAction\":[{\"@type\":\"SearchAction\",\"target\":{\"@type\":\"EntryPoint\",\"urlTemplate\":\"https:\/\/raftingbariloche.ar\/?s={search_term_string}\"},\"query-input\":{\"@type\":\"PropertyValueSpecification\",\"valueRequired\":true,\"valueName\":\"search_term_string\"}}],\"inLanguage\":\"pt-BR\"}]}<\/script>\n<meta property=\"product:price:amount\" content=\"212000.00\" \/>\n<meta property=\"product:price:currency\" content=\"ARS\" \/>\n<meta property=\"og:availability\" content=\"instock\" \/>\n<meta property=\"product:availability\" content=\"instock\" \/>\n<meta property=\"product:retailer_item_id\" content=\"ADV2025PUBLYC9CR1\" \/>\n<meta property=\"product:condition\" content=\"new\" \/>\n<!-- \/ Yoast SEO Premium plugin. -->","yoast_head_json":{"title":"Excurs\u00e3o a Puerto Blest e Lago Frias com traslado - Rafting Bariloche","description":"Explore Puerto Blest e Lago Frias com traslado de Bariloche. Navega\u00e7\u00e3o, cachoeiras e vistas inesquec\u00edveis da Patag\u00f4nia.","robots":{"index":"index","follow":"follow","max-snippet":"max-snippet:-1","max-image-preview":"max-image-preview:large","max-video-preview":"max-video-preview:-1"},"canonical":"https:\/\/raftingbariloche.ar\/pt\/produto\/puerto-blest-lago-frias-com-traslado\/","og_locale":"pt_BR","og_type":"article","og_title":"Excursi\u00f3n a Puerto Blest y Lago Fr\u00edas con traslado","og_description":"Explor\u00e1 Puerto Blest y Lago Fr\u00edas con traslado desde Bariloche. Navegaci\u00f3n, cascadas y vistas inolvidables de la Patagonia.","og_url":"https:\/\/raftingbariloche.ar\/pt\/produto\/puerto-blest-lago-frias-com-traslado\/","og_site_name":"Rafting Bariloche","article_modified_time":"2026-04-07T15:05:39+00:00","og_image":[{"width":850,"height":1133,"url":"https:\/\/raftingbariloche.ar\/wp-content\/uploads\/sites\/5\/2025\/08\/10-D-509002547_1177476341076885_4650642580703209424_n.jpg","type":"image\/jpeg"}],"twitter_card":"summary_large_image","twitter_misc":{"Pre\u00e7o":"&#36;212,000.00","Disponibilidade":"Em Estoque"},"schema":{"@context":"https:\/\/schema.org","@graph":[{"@type":"WebPage","@id":"https:\/\/raftingbariloche.ar\/producto\/puerto-blest-lago-frias-con-traslado\/","url":"https:\/\/raftingbariloche.ar\/producto\/puerto-blest-lago-frias-con-traslado\/","name":"Excurs\u00e3o a Puerto Blest e Lago Frias com traslado - Rafting Bariloche","isPartOf":{"@id":"https:\/\/raftingbariloche.ar\/#website"},"primaryImageOfPage":{"@id":"https:\/\/raftingbariloche.ar\/producto\/puerto-blest-lago-frias-con-traslado\/#primaryimage"},"image":{"@id":"https:\/\/raftingbariloche.ar\/producto\/puerto-blest-lago-frias-con-traslado\/#primaryimage"},"thumbnailUrl":"https:\/\/raftingbariloche.ar\/wp-content\/uploads\/sites\/5\/2025\/08\/10-D-509002547_1177476341076885_4650642580703209424_n.jpg","datePublished":"2025-08-18T17:02:58+00:00","dateModified":"2026-04-07T15:05:39+00:00","description":"Explore Puerto Blest e Lago Frias com traslado de Bariloche. Navega\u00e7\u00e3o, cachoeiras e vistas inesquec\u00edveis da Patag\u00f4nia.","breadcrumb":{"@id":"https:\/\/raftingbariloche.ar\/producto\/puerto-blest-lago-frias-con-traslado\/#breadcrumb"},"inLanguage":"pt-BR","potentialAction":[{"@type":"ReadAction","target":["https:\/\/raftingbariloche.ar\/producto\/puerto-blest-lago-frias-con-traslado\/"]}]},{"@type":"ImageObject","inLanguage":"pt-BR","@id":"https:\/\/raftingbariloche.ar\/producto\/puerto-blest-lago-frias-con-traslado\/#primaryimage","url":"https:\/\/raftingbariloche.ar\/wp-content\/uploads\/sites\/5\/2025\/08\/10-D-509002547_1177476341076885_4650642580703209424_n.jpg","contentUrl":"https:\/\/raftingbariloche.ar\/wp-content\/uploads\/sites\/5\/2025\/08\/10-D-509002547_1177476341076885_4650642580703209424_n.jpg","width":850,"height":1133},{"@type":"BreadcrumbList","@id":"https:\/\/raftingbariloche.ar\/producto\/puerto-blest-lago-frias-con-traslado\/#breadcrumb","itemListElement":[{"@type":"ListItem","position":1,"name":"Inicio","item":"https:\/\/raftingbariloche.ar\/"},{"@type":"ListItem","position":2,"name":"Tienda","item":"https:\/\/raftingbariloche.ar\/tienda\/"},{"@type":"ListItem","position":3,"name":"Excursi\u00f3n a Puerto Blest y Lago Fr\u00edas con traslado"}]},{"@type":"WebSite","@id":"https:\/\/raftingbariloche.ar\/#website","url":"https:\/\/raftingbariloche.ar\/","name":"Rafting em Bariloche","description":"","potentialAction":[{"@type":"SearchAction","target":{"@type":"EntryPoint","urlTemplate":"https:\/\/raftingbariloche.ar\/?s={search_term_string}"},"query-input":{"@type":"PropertyValueSpecification","valueRequired":true,"valueName":"search_term_string"}}],"inLanguage":"pt-BR"}]},"product_price_amount":"212000.00","product_price_currency":"ARS","og_availability":"instock","product_availability":"instock","product_retailer_item_id":"ADV2025PUBLYC9CR1","product_condition":"new"},"_links":{"self":[{"href":"https:\/\/raftingbariloche.ar\/pt\/wp-json\/wp\/v2\/product\/377924","targetHints":{"allow":["GET"]}}],"collection":[{"href":"https:\/\/raftingbariloche.ar\/pt\/wp-json\/wp\/v2\/product"}],"about":[{"href":"https:\/\/raftingbariloche.ar\/pt\/wp-json\/wp\/v2\/types\/product"}],"replies":[{"embeddable":true,"href":"https:\/\/raftingbariloche.ar\/pt\/wp-json\/wp\/v2\/comments?post=377924"}],"wp:featuredmedia":[{"embeddable":true,"href":"https:\/\/raftingbariloche.ar\/pt\/wp-json\/wp\/v2\/media\/378022"}],"wp:attachment":[{"href":"https:\/\/raftingbariloche.ar\/pt\/wp-json\/wp\/v2\/media?parent=377924"}],"wp:term":[{"taxonomy":"product_brand","embeddable":true,"href":"https:\/\/raftingbariloche.ar\/pt\/wp-json\/wp\/v2\/product_brand?post=377924"},{"taxonomy":"product_cat","embeddable":true,"href":"https:\/\/raftingbariloche.ar\/pt\/wp-json\/wp\/v2\/product_cat?post=377924"},{"taxonomy":"product_tag","embeddable":true,"href":"https:\/\/raftingbariloche.ar\/pt\/wp-json\/wp\/v2\/product_tag?post=377924"}],"curies":[{"name":"wp","href":"https:\/\/api.w.org\/{rel}","templated":true}]}}