{"id":377923,"date":"2025-08-18T14:02:36","date_gmt":"2025-08-18T17:02:36","guid":{"rendered":"https:\/\/raftingbariloche.ar\/producto\/puerto-blest-y-cascada-los-cantaros-con-traslado\/"},"modified":"2026-04-08T16:26:16","modified_gmt":"2026-04-08T19:26:16","slug":"puerto-blest-cascada-los-cantaros-con-traslado","status":"publish","type":"product","link":"https:\/\/raftingbariloche.ar\/pt\/produto\/cachoeira-puerto-blest-los-cantaros-com-traslado\/","title":{"rendered":"Puerto Blest e Cachoeira \u201cLos Cantaros\u201d com traslado"},"content":{"rendered":"<h2 class=\"ai-optimize-22\">Conhe\u00e7a a grandeza de Puerto Blest e a cachoeira \u201cLos C\u00e1ntaros\u201d.\u201d<\/h2>\n<p class=\"ai-optimize-23 ai-optimize-introduction\">Atreva-se a experimentar novas sensa\u00e7\u00f5es no cora\u00e7\u00e3o da Patag\u00f4nia. Com a reserva do seu traslado, voc\u00ea iniciar\u00e1 sua aventura do cora\u00e7\u00e3o de Bariloche at\u00e9 o emblem\u00e1tico Puerto Pa\u00f1uelo, localizado a apenas 25 km do centro. No caminho, aproveite para apreciar as paisagens da cordilheira e a calma \u00fanica dos lagos do sul que renovam seu esp\u00edrito.<\/p>\n<h3 class=\"ai-optimize-24\">Uma experi\u00eancia inesquec\u00edvel<\/h3>\n<p class=\"ai-optimize-25\">Suba no catamar\u00e3 e parta em uma viagem de aproximadamente uma hora. Durante a navega\u00e7\u00e3o, voc\u00ea encontrar\u00e1 a ilhota Centinela, o local hist\u00f3rico onde repousam os restos mortais do grande Perito Moreno. A viagem termina nas trilhas que levam ao impressionante <strong>Cachoeira Los C\u00e1ntaros<\/strong>Os enormes blocos de granito, moldados pelas geleiras da Patag\u00f4nia, testemunham a for\u00e7a da natureza.<\/p>\n<h3 class=\"ai-optimize-26\">Maravilhas de Puerto Blest<\/h3>\n<ul>\n<li class=\"ai-optimize-27\"><strong>Bah\u00eda So\u00f1ada:<\/strong> Surpreenda-se com as paisagens da ba\u00eda e o verde \u00fanico do Lago Frias, alimentado pelo degelo do gigante Cerro Tronador.<\/li>\n<li class=\"ai-optimize-28\"><strong>Caminhada na floresta tropical de Vald\u00edvia:<\/strong> Ao percorrer seus circuitos, voc\u00ea se conectar\u00e1 com a diversidade inigual\u00e1vel desse ambiente natural \u00fanico da regi\u00e3o.<\/li>\n<\/ul>\n<h3 class=\"ai-optimize-29\">Uma mem\u00f3ria para toda a vida<\/h3>\n<p class=\"ai-optimize-30\">O retorno pelo Brazo Blest d\u00e1 o toque final: a vis\u00e3o do Cerro Tronador no horizonte ao p\u00f4r do sol \u00e9 um cart\u00e3o postal imposs\u00edvel de esquecer. Aproveite a oportunidade para fazer dessa experi\u00eancia inspiradora e surpreendente a sua pr\u00f3pria.<\/p>\n<h3 class=\"ai-optimize-31\">Principais informa\u00e7\u00f5es<\/h3>\n<ul>\n<li class=\"ai-optimize-32\"><strong>Hor\u00e1rio:<\/strong> Das 09:00 \u00e0s 18:00 hs.<\/li>\n<li class=\"ai-optimize-33\"><strong>Ele inclui:<\/strong> Traslado de ida e volta, cruzeiro guiado de catamar\u00e3 e caminhadas guiadas pela floresta.<\/li>\n<li class=\"ai-optimize-34\"><strong>N\u00e3o inclu\u00eddo:<\/strong> Almo\u00e7os (h\u00e1 paradas com op\u00e7\u00f5es de almo\u00e7o), acesso aos Parques Nacionais e taxas de embarque.<\/li>\n<\/ul>\n<h3 class=\"ai-optimize-35\">Consultas regulares<\/h3>\n<h4 class=\"ai-optimize-36\">Todos podem fazer a excurs\u00e3o?<\/h4>\n<p class=\"ai-optimize-37\">\u00c9 claro que esse passeio foi projetado para ser apreciado por jovens e idosos.<\/p>\n<h4 class=\"ai-optimize-38\">O que vestir?<\/h4>\n<p class=\"ai-optimize-39\">Sugerimos que voc\u00ea use roupas e cal\u00e7ados confort\u00e1veis para caminhar, al\u00e9m de um casaco para o caso de o tempo mudar repentinamente.<\/p>\n<h4 class=\"ai-optimize-40\">\u00c9 poss\u00edvel chegar \u00e0 cachoeira \u201cLos C\u00e1ntaros\u201d a qualquer momento?<\/h4>\n<p class=\"ai-optimize-41\">Em geral, o passeio funciona durante todo o ano. No entanto, sugerimos que voc\u00ea verifique a disponibilidade se for no inverno.<\/p>","protected":false},"excerpt":{"rendered":"<p class=\"ai-optimize-6\">Descubra a magia de Puerto Blest e a imponente cachoeira \u00abLos C\u00e1ntaros\u00bb. Desfrute de um passeio de catamar\u00e3 no Lago Nahuel Huapi e mergulhe na exuberante floresta tropical valdiviana. Essa viagem oferece vistas extraordin\u00e1rias e momentos \u00fanicos em meio \u00e0 natureza. Garanta sua experi\u00eancia e sinta a Patag\u00f4nia como nunca antes.<\/p>","protected":false},"featured_media":378018,"comment_status":"open","ping_status":"closed","template":"","meta":[],"product_brand":[],"product_cat":[49,53,54,57,58,60,64,69],"product_tag":[],"class_list":{"0":"post-377923","1":"product","2":"type-product","3":"status-publish","4":"has-post-thumbnail","6":"product_cat-adultos","7":"product_cat-con-traslado","8":"product_cat-familia","9":"product_cat-jubilados","10":"product_cat-lacustre","11":"product_cat-ninos","12":"product_cat-sin-comida","13":"product_cat-todo-el-ano","15":"first","16":"instock","17":"virtual","18":"sold-individually","19":"purchasable","20":"product-type-booking"},"booking_location":"","booking_location_type":"","booking_duration":60,"booking_duration_unit":"minute","booking_buffer":0,"booking_cost":0,"booking_resources":[],"exclude_global_add_ons":false,"addons":[{"name":"ADU: Adulto","type":"input_multiplier","position":0,"required":false,"title_format":"label","default":"","description_enable":false,"description":"","placeholder_enable":false,"placeholder":"","display":"select","restrictions_type":"any_text","adjust_price":true,"price":"158000","price_type":"quantity_based","restrictions":false,"min":"0","max":"0","options":[],"id":1773234438},{"name":"MEN512 | 5 a 12","type":"input_multiplier","position":1,"required":false,"title_format":"label","default":"","description_enable":false,"description":"","placeholder_enable":false,"placeholder":"","display":"select","restrictions_type":"any_text","adjust_price":true,"price":"92000","price_type":"quantity_based","restrictions":false,"min":"0","max":"0","options":[],"id":1773234439},{"name":"ADUJ : Aposentado","type":"input_multiplier","position":2,"required":false,"title_format":"label","default":"","description_enable":false,"description":"","placeholder_enable":false,"placeholder":"","display":"select","restrictions_type":"any_text","adjust_price":true,"price":"92000","price_type":"quantity_based","restrictions":false,"min":"0","max":"0","options":[],"id":1773234440}],"yoast_head":"<!-- This site is optimized with the Yoast SEO Premium plugin v25.2 (Yoast SEO v25.2) - https:\/\/yoast.com\/wordpress\/plugins\/seo\/ -->\n<title>Puerto Blest y Cascada &quot;Los Cantaros&quot; con traslado - Rafting Bariloche<\/title>\n<meta name=\"description\" content=\"Naveg\u00e1 el Nahuel Huapi hasta Puerto Blest y Cascada Los C\u00e1ntaros. Traslado incluido y paisajes \u00fanicos de la selva valdiviana.\" \/>\n<meta name=\"robots\" content=\"index, follow, max-snippet:-1, max-image-preview:large, max-video-preview:-1\" \/>\n<link rel=\"canonical\" href=\"https:\/\/raftingbariloche.ar\/pt\/produto\/cachoeira-puerto-blest-los-cantaros-com-traslado\/\" \/>\n<meta property=\"og:locale\" content=\"pt_BR\" \/>\n<meta property=\"og:type\" content=\"article\" \/>\n<meta property=\"og:title\" content=\"Puerto Blest y Cascada &quot;Los Cantaros&quot; con traslado\" \/>\n<meta property=\"og:description\" content=\"Naveg\u00e1 el Nahuel Huapi hasta Puerto Blest y Cascada Los C\u00e1ntaros. Traslado incluido y paisajes \u00fanicos de la selva valdiviana.\" \/>\n<meta property=\"og:url\" content=\"https:\/\/raftingbariloche.ar\/pt\/produto\/cachoeira-puerto-blest-los-cantaros-com-traslado\/\" \/>\n<meta property=\"og:site_name\" content=\"Rafting Bariloche\" \/>\n<meta property=\"article:modified_time\" content=\"2026-04-08T19:26:16+00:00\" \/>\n<meta property=\"og:image\" content=\"https:\/\/raftingbariloche.ar\/wp-content\/uploads\/sites\/5\/2025\/08\/10-A-492006039_1131449762346210_6381907563300999664_n.jpg\" \/>\n\t<meta property=\"og:image:width\" content=\"850\" \/>\n\t<meta property=\"og:image:height\" content=\"1133\" \/>\n\t<meta property=\"og:image:type\" content=\"image\/jpeg\" \/>\n<meta name=\"twitter:card\" content=\"summary_large_image\" \/>\n<meta name=\"twitter:label1\" content=\"Pre\u00e7o\" \/>\n\t<meta name=\"twitter:data1\" content=\"&#036;158,000.00\" \/>\n\t<meta name=\"twitter:label2\" content=\"Disponibilidade\" \/>\n\t<meta name=\"twitter:data2\" content=\"Em Estoque\" \/>\n<script type=\"application\/ld+json\" class=\"yoast-schema-graph\">{\"@context\":\"https:\/\/schema.org\",\"@graph\":[{\"@type\":\"WebPage\",\"@id\":\"https:\/\/raftingbariloche.ar\/producto\/puerto-blest-cascada-los-cantaros-con-traslado\/\",\"url\":\"https:\/\/raftingbariloche.ar\/producto\/puerto-blest-cascada-los-cantaros-con-traslado\/\",\"name\":\"Puerto Blest y Cascada \\\"Los Cantaros\\\" con traslado - Rafting Bariloche\",\"isPartOf\":{\"@id\":\"https:\/\/raftingbariloche.ar\/#website\"},\"primaryImageOfPage\":{\"@id\":\"https:\/\/raftingbariloche.ar\/producto\/puerto-blest-cascada-los-cantaros-con-traslado\/#primaryimage\"},\"image\":{\"@id\":\"https:\/\/raftingbariloche.ar\/producto\/puerto-blest-cascada-los-cantaros-con-traslado\/#primaryimage\"},\"thumbnailUrl\":\"https:\/\/raftingbariloche.ar\/wp-content\/uploads\/sites\/5\/2025\/08\/10-A-492006039_1131449762346210_6381907563300999664_n.jpg\",\"datePublished\":\"2025-08-18T17:02:36+00:00\",\"dateModified\":\"2026-04-08T19:26:16+00:00\",\"description\":\"Naveg\u00e1 el Nahuel Huapi hasta Puerto Blest y Cascada Los C\u00e1ntaros. Traslado incluido y paisajes \u00fanicos de la selva valdiviana.\",\"breadcrumb\":{\"@id\":\"https:\/\/raftingbariloche.ar\/producto\/puerto-blest-cascada-los-cantaros-con-traslado\/#breadcrumb\"},\"inLanguage\":\"pt-BR\",\"potentialAction\":[{\"@type\":\"ReadAction\",\"target\":[\"https:\/\/raftingbariloche.ar\/producto\/puerto-blest-cascada-los-cantaros-con-traslado\/\"]}]},{\"@type\":\"ImageObject\",\"inLanguage\":\"pt-BR\",\"@id\":\"https:\/\/raftingbariloche.ar\/producto\/puerto-blest-cascada-los-cantaros-con-traslado\/#primaryimage\",\"url\":\"https:\/\/raftingbariloche.ar\/wp-content\/uploads\/sites\/5\/2025\/08\/10-A-492006039_1131449762346210_6381907563300999664_n.jpg\",\"contentUrl\":\"https:\/\/raftingbariloche.ar\/wp-content\/uploads\/sites\/5\/2025\/08\/10-A-492006039_1131449762346210_6381907563300999664_n.jpg\",\"width\":850,\"height\":1133},{\"@type\":\"BreadcrumbList\",\"@id\":\"https:\/\/raftingbariloche.ar\/producto\/puerto-blest-cascada-los-cantaros-con-traslado\/#breadcrumb\",\"itemListElement\":[{\"@type\":\"ListItem\",\"position\":1,\"name\":\"Inicio\",\"item\":\"https:\/\/raftingbariloche.ar\/\"},{\"@type\":\"ListItem\",\"position\":2,\"name\":\"Tienda\",\"item\":\"https:\/\/raftingbariloche.ar\/tienda\/\"},{\"@type\":\"ListItem\",\"position\":3,\"name\":\"Puerto Blest y Cascada \u00abLos Cantaros\u00bb con traslado\"}]},{\"@type\":\"WebSite\",\"@id\":\"https:\/\/raftingbariloche.ar\/#website\",\"url\":\"https:\/\/raftingbariloche.ar\/\",\"name\":\"Rafting Bariloche\",\"description\":\"\",\"potentialAction\":[{\"@type\":\"SearchAction\",\"target\":{\"@type\":\"EntryPoint\",\"urlTemplate\":\"https:\/\/raftingbariloche.ar\/?s={search_term_string}\"},\"query-input\":{\"@type\":\"PropertyValueSpecification\",\"valueRequired\":true,\"valueName\":\"search_term_string\"}}],\"inLanguage\":\"pt-BR\"}]}<\/script>\n<meta property=\"product:price:amount\" content=\"158000.00\" \/>\n<meta property=\"product:price:currency\" content=\"ARS\" \/>\n<meta property=\"og:availability\" content=\"instock\" \/>\n<meta property=\"product:availability\" content=\"instock\" \/>\n<meta property=\"product:retailer_item_id\" content=\"ADV2025PUBLYCO2Q8\" \/>\n<meta property=\"product:condition\" content=\"new\" \/>\n<!-- \/ Yoast SEO Premium plugin. -->","yoast_head_json":{"title":"Puerto Blest e cachoeira \"Los Cantaros\" com traslado - Rafting Bariloche","description":"Navegue pelo Nahuel Huapi at\u00e9 Puerto Blest e a cachoeira Los C\u00e1ntaros. Traslado inclu\u00eddo e paisagens \u00fanicas da floresta tropical valdiviana.","robots":{"index":"index","follow":"follow","max-snippet":"max-snippet:-1","max-image-preview":"max-image-preview:large","max-video-preview":"max-video-preview:-1"},"canonical":"https:\/\/raftingbariloche.ar\/pt\/produto\/cachoeira-puerto-blest-los-cantaros-com-traslado\/","og_locale":"pt_BR","og_type":"article","og_title":"Puerto Blest y Cascada \"Los Cantaros\" con traslado","og_description":"Naveg\u00e1 el Nahuel Huapi hasta Puerto Blest y Cascada Los C\u00e1ntaros. Traslado incluido y paisajes \u00fanicos de la selva valdiviana.","og_url":"https:\/\/raftingbariloche.ar\/pt\/produto\/cachoeira-puerto-blest-los-cantaros-com-traslado\/","og_site_name":"Rafting Bariloche","article_modified_time":"2026-04-08T19:26:16+00:00","og_image":[{"width":850,"height":1133,"url":"https:\/\/raftingbariloche.ar\/wp-content\/uploads\/sites\/5\/2025\/08\/10-A-492006039_1131449762346210_6381907563300999664_n.jpg","type":"image\/jpeg"}],"twitter_card":"summary_large_image","twitter_misc":{"Pre\u00e7o":"&#36;158,000.00","Disponibilidade":"Em Estoque"},"schema":{"@context":"https:\/\/schema.org","@graph":[{"@type":"WebPage","@id":"https:\/\/raftingbariloche.ar\/producto\/puerto-blest-cascada-los-cantaros-con-traslado\/","url":"https:\/\/raftingbariloche.ar\/producto\/puerto-blest-cascada-los-cantaros-con-traslado\/","name":"Puerto Blest e cachoeira \"Los Cantaros\" com traslado - Rafting Bariloche","isPartOf":{"@id":"https:\/\/raftingbariloche.ar\/#website"},"primaryImageOfPage":{"@id":"https:\/\/raftingbariloche.ar\/producto\/puerto-blest-cascada-los-cantaros-con-traslado\/#primaryimage"},"image":{"@id":"https:\/\/raftingbariloche.ar\/producto\/puerto-blest-cascada-los-cantaros-con-traslado\/#primaryimage"},"thumbnailUrl":"https:\/\/raftingbariloche.ar\/wp-content\/uploads\/sites\/5\/2025\/08\/10-A-492006039_1131449762346210_6381907563300999664_n.jpg","datePublished":"2025-08-18T17:02:36+00:00","dateModified":"2026-04-08T19:26:16+00:00","description":"Navegue pelo Nahuel Huapi at\u00e9 Puerto Blest e a cachoeira Los C\u00e1ntaros. Traslado inclu\u00eddo e paisagens \u00fanicas da floresta tropical valdiviana.","breadcrumb":{"@id":"https:\/\/raftingbariloche.ar\/producto\/puerto-blest-cascada-los-cantaros-con-traslado\/#breadcrumb"},"inLanguage":"pt-BR","potentialAction":[{"@type":"ReadAction","target":["https:\/\/raftingbariloche.ar\/producto\/puerto-blest-cascada-los-cantaros-con-traslado\/"]}]},{"@type":"ImageObject","inLanguage":"pt-BR","@id":"https:\/\/raftingbariloche.ar\/producto\/puerto-blest-cascada-los-cantaros-con-traslado\/#primaryimage","url":"https:\/\/raftingbariloche.ar\/wp-content\/uploads\/sites\/5\/2025\/08\/10-A-492006039_1131449762346210_6381907563300999664_n.jpg","contentUrl":"https:\/\/raftingbariloche.ar\/wp-content\/uploads\/sites\/5\/2025\/08\/10-A-492006039_1131449762346210_6381907563300999664_n.jpg","width":850,"height":1133},{"@type":"BreadcrumbList","@id":"https:\/\/raftingbariloche.ar\/producto\/puerto-blest-cascada-los-cantaros-con-traslado\/#breadcrumb","itemListElement":[{"@type":"ListItem","position":1,"name":"Inicio","item":"https:\/\/raftingbariloche.ar\/"},{"@type":"ListItem","position":2,"name":"Tienda","item":"https:\/\/raftingbariloche.ar\/tienda\/"},{"@type":"ListItem","position":3,"name":"Puerto Blest y Cascada \u00abLos Cantaros\u00bb con traslado"}]},{"@type":"WebSite","@id":"https:\/\/raftingbariloche.ar\/#website","url":"https:\/\/raftingbariloche.ar\/","name":"Rafting em Bariloche","description":"","potentialAction":[{"@type":"SearchAction","target":{"@type":"EntryPoint","urlTemplate":"https:\/\/raftingbariloche.ar\/?s={search_term_string}"},"query-input":{"@type":"PropertyValueSpecification","valueRequired":true,"valueName":"search_term_string"}}],"inLanguage":"pt-BR"}]},"product_price_amount":"158000.00","product_price_currency":"ARS","og_availability":"instock","product_availability":"instock","product_retailer_item_id":"ADV2025PUBLYCO2Q8","product_condition":"new"},"_links":{"self":[{"href":"https:\/\/raftingbariloche.ar\/pt\/wp-json\/wp\/v2\/product\/377923","targetHints":{"allow":["GET"]}}],"collection":[{"href":"https:\/\/raftingbariloche.ar\/pt\/wp-json\/wp\/v2\/product"}],"about":[{"href":"https:\/\/raftingbariloche.ar\/pt\/wp-json\/wp\/v2\/types\/product"}],"replies":[{"embeddable":true,"href":"https:\/\/raftingbariloche.ar\/pt\/wp-json\/wp\/v2\/comments?post=377923"}],"wp:featuredmedia":[{"embeddable":true,"href":"https:\/\/raftingbariloche.ar\/pt\/wp-json\/wp\/v2\/media\/378018"}],"wp:attachment":[{"href":"https:\/\/raftingbariloche.ar\/pt\/wp-json\/wp\/v2\/media?parent=377923"}],"wp:term":[{"taxonomy":"product_brand","embeddable":true,"href":"https:\/\/raftingbariloche.ar\/pt\/wp-json\/wp\/v2\/product_brand?post=377923"},{"taxonomy":"product_cat","embeddable":true,"href":"https:\/\/raftingbariloche.ar\/pt\/wp-json\/wp\/v2\/product_cat?post=377923"},{"taxonomy":"product_tag","embeddable":true,"href":"https:\/\/raftingbariloche.ar\/pt\/wp-json\/wp\/v2\/product_tag?post=377923"}],"curies":[{"name":"wp","href":"https:\/\/api.w.org\/{rel}","templated":true}]}}