{"id":377917,"date":"2025-08-18T13:59:59","date_gmt":"2025-08-18T16:59:59","guid":{"rendered":"https:\/\/raftingbariloche.ar\/producto\/excursion-en-kayak-por-el-lago-gutierrez-desde-bariloche-con-traslado-incluido\/"},"modified":"2026-04-08T16:25:52","modified_gmt":"2026-04-08T19:25:52","slug":"excursion-kayak-lago-moreno","status":"publish","type":"product","link":"https:\/\/raftingbariloche.ar\/pt\/produto\/passeio-de-caiaque-no-lago-moreno\/","title":{"rendered":"Caiaque no Lago Moreno"},"content":{"rendered":"<h2 class=\"ai-optimize-23 ai-optimize-introduction\" data-start=\"448\" data-end=\"519\"><strong data-start=\"448\" data-end=\"517\">Uma experi\u00eancia imperd\u00edvel para conhecer Bariloche a partir da \u00e1gua<\/strong><\/h2>\n<p class=\"ai-optimize-24 ai-optimize-introduction\" data-start=\"521\" data-end=\"877\">Experimente um passeio de caiaque no Lago Moreno, cercado por paisagens naturais \u00fanicas e a tranquilidade que s\u00f3 a Patag\u00f4nia pode oferecer.<br data-start=\"659\" data-end=\"662\" \/>Com <strong data-start=\"666\" data-end=\"687\">Rafting em Bariloche<\/strong>, Voc\u00ea desfrutar\u00e1 de uma experi\u00eancia segura, guiada por profissionais certificados, com equipamentos de alta qualidade e toda a organiza\u00e7\u00e3o que caracteriza uma empresa l\u00edder em turismo de aventura.<\/p>\n<p class=\"ai-optimize-25\" data-start=\"879\" data-end=\"1187\">Essa excurs\u00e3o combina esporte, natureza e contempla\u00e7\u00e3o, ideal para quem procura uma atividade ao ar livre diferente, acess\u00edvel e com a melhor vista da Cordilheira dos Andes.<br data-start=\"1065\" data-end=\"1068\" \/>N\u00e3o \u00e9 necess\u00e1rio ter experi\u00eancia pr\u00e9via: nossos guias o acompanhar\u00e3o o tempo todo para garantir seguran\u00e7a e divers\u00e3o.<\/p>\n<h3 class=\"ai-optimize-26\" data-start=\"1194\" data-end=\"1211\"><strong data-start=\"1198\" data-end=\"1211\">Passeio<\/strong><\/h3>\n<p class=\"ai-optimize-27\" data-start=\"1213\" data-end=\"1574\"><strong data-start=\"1213\" data-end=\"1226\">Hor\u00e1rios:<\/strong> 11:00 \u00e0s 15:00 aprox. \/ 13:00 \u00e0s 17:00 aprox.<br data-start=\"1270\" data-end=\"1273\" \/>A excurs\u00e3o parte do centro de Bariloche para a \u00e1rea do Circuito Chico, onde come\u00e7a o passeio de caiaque no Lago Moreno.<br data-start=\"1409\" data-end=\"1412\" \/>Durante o passeio, s\u00e3o feitas paradas em praias naturais para apreciar o ambiente, tirar fotos e descansar, sempre acompanhados por guias especializados.<\/p>\n<h3 class=\"ai-optimize-28\" data-start=\"1581\" data-end=\"1607\"><strong data-start=\"1585\" data-end=\"1607\">Local da reuni\u00e3o<\/strong><\/h3>\n<p class=\"ai-optimize-29\" data-start=\"1609\" data-end=\"1787\">Hot\u00e9is e pontos de encontro localizados desde o centro de Bariloche at\u00e9 o km 8 da Av. Bustillo ou Av. Pioneros.<br data-start=\"1723\" data-end=\"1726\" \/>Outros pontos de partida, favor consultar no momento da reserva.<\/p>\n<h3 class=\"ai-optimize-30\" data-start=\"1794\" data-end=\"1809\"><strong data-start=\"1798\" data-end=\"1809\">Inclui<\/strong><\/h3>\n<ul data-start=\"1811\" data-end=\"2019\">\n<li class=\"ai-optimize-31\" data-start=\"1811\" data-end=\"1852\">\n<p class=\"ai-optimize-32\" data-start=\"1813\" data-end=\"1852\">Caiaque Sit On Top, confort\u00e1vel e est\u00e1vel.<\/p>\n<\/li>\n<li class=\"ai-optimize-33\" data-start=\"1853\" data-end=\"1930\">\n<p class=\"ai-optimize-34\" data-start=\"1855\" data-end=\"1930\">Equipamento t\u00e9cnico completo: colete salva-vidas, remo e jaqueta imperme\u00e1vel.<\/p>\n<\/li>\n<li class=\"ai-optimize-35\" data-start=\"1931\" data-end=\"1968\">\n<p class=\"ai-optimize-36\" data-start=\"1933\" data-end=\"1968\">Guias profissionais certificados.<\/p>\n<\/li>\n<li class=\"ai-optimize-37\" data-start=\"1969\" data-end=\"2019\">\n<p class=\"ai-optimize-38\" data-start=\"1971\" data-end=\"2019\">Traslados de e para o ponto de encontro.<\/p>\n<\/li>\n<\/ul>\n<h3 class=\"ai-optimize-39\" data-start=\"2026\" data-end=\"2044\"><strong data-start=\"2030\" data-end=\"2044\">N\u00e3o inclui<\/strong><\/h3>\n<ul data-start=\"2046\" data-end=\"2129\">\n<li class=\"ai-optimize-40\" data-start=\"2046\" data-end=\"2069\">\n<p class=\"ai-optimize-41\" data-start=\"2048\" data-end=\"2069\">Sem alimentos ou bebidas.<\/p>\n<\/li>\n<li class=\"ai-optimize-42\" data-start=\"2070\" data-end=\"2129\">\n<p class=\"ai-optimize-43\" data-start=\"2072\" data-end=\"2129\">Roupas pessoais (recomenda-se levar um casaco quente e uma muda de roupa seca).<\/p>\n<\/li>\n<\/ul>\n<h3 class=\"ai-optimize-49\" data-start=\"2273\" data-end=\"2296\"><strong data-start=\"2277\" data-end=\"2296\">Recomenda\u00e7\u00f5es<\/strong><\/h3>\n<ul data-start=\"2298\" data-end=\"2518\">\n<li class=\"ai-optimize-50\" data-start=\"2298\" data-end=\"2326\">\n<p class=\"ai-optimize-51\" data-start=\"2300\" data-end=\"2326\">Roupas esportivas ou confort\u00e1veis.<\/p>\n<\/li>\n<li class=\"ai-optimize-52\" data-start=\"2327\" data-end=\"2370\">\n<p class=\"ai-optimize-53\" data-start=\"2329\" data-end=\"2370\">Sapatos fechados ou sand\u00e1lias ajust\u00e1veis.<\/p>\n<\/li>\n<li class=\"ai-optimize-54\" data-start=\"2371\" data-end=\"2431\">\n<p class=\"ai-optimize-55\" data-start=\"2373\" data-end=\"2431\">Troca de roupas secas e agasalhos para depois da atividade.<\/p>\n<\/li>\n<li class=\"ai-optimize-56\" data-start=\"2432\" data-end=\"2490\">\n<p class=\"ai-optimize-57\" data-start=\"2434\" data-end=\"2490\">Protetor solar, bon\u00e9 e \u00f3culos de sol com fecho.<\/p>\n<\/li>\n<li class=\"ai-optimize-58\" data-start=\"2491\" data-end=\"2518\">\n<p class=\"ai-optimize-59\" data-start=\"2493\" data-end=\"2518\">Carteira de identidade.<\/p>\n<\/li>\n<\/ul>\n<p class=\"ai-optimize-60\" data-start=\"2520\" data-end=\"2617\">N\u00e3o \u00e9 necess\u00e1rio ter experi\u00eancia anterior. Atividade adequada para todas as idades a partir de 4 anos.<\/p>\n<h3 class=\"ai-optimize-61\" data-start=\"2624\" data-end=\"2652\"><strong data-start=\"2628\" data-end=\"2652\">Perguntas frequentes<\/strong><\/h3>\n<p class=\"ai-optimize-62\" data-start=\"2654\" data-end=\"2777\"><strong data-start=\"2654\" data-end=\"2688\">Que tipo de caiaque \u00e9 usado?<\/strong><br data-start=\"2688\" data-end=\"2691\" \/>Caiaques Sit On Top, projetados para excurs\u00f5es seguras e confort\u00e1veis em \u00e1guas calmas.<\/p>\n<p class=\"ai-optimize-63\" data-start=\"2779\" data-end=\"2885\"><strong data-start=\"2779\" data-end=\"2815\">\u00c9 necess\u00e1rio ter experi\u00eancia anterior?<\/strong><br data-start=\"2815\" data-end=\"2818\" \/>N\u00e3o, a atividade \u00e9 ideal para iniciantes e grupos familiares.<\/p>\n<p class=\"ai-optimize-64\" data-start=\"2887\" data-end=\"2983\"><strong data-start=\"2887\" data-end=\"2913\">O evento \u00e9 cancelado se chover?<\/strong><br data-start=\"2913\" data-end=\"2916\" \/>Ele s\u00f3 \u00e9 suspenso em caso de tempestades ou ventos fortes.<\/p>\n<p class=\"ai-optimize-65\" data-start=\"2985\" data-end=\"3115\"><strong data-start=\"2985\" data-end=\"3015\">\u00c9 uma atividade intensa?<\/strong><br data-start=\"3015\" data-end=\"3018\" \/>N\u00e3o, \u00e9 uma experi\u00eancia de baixa dificuldade, com foco na aprecia\u00e7\u00e3o da paisagem e da natureza.<\/p>","protected":false},"excerpt":{"rendered":"<p class=\"ai-optimize-6\">Excurs\u00e3o em<strong> Passeio de caiaque no Lago Moreno<\/strong> com a Rafting Bariloche.<br data-start=\"4080\" data-end=\"4083\" \/>Natureza, aventura e paisagens \u00fanicas em uma experi\u00eancia guiada e segura.<\/p>","protected":false},"featured_media":378041,"comment_status":"open","ping_status":"closed","template":"","meta":[],"product_brand":[],"product_cat":[49,51,53,54,58,60,64,70],"product_tag":[],"class_list":{"0":"post-377917","1":"product","2":"type-product","3":"status-publish","4":"has-post-thumbnail","6":"product_cat-adultos","7":"product_cat-aventura","8":"product_cat-con-traslado","9":"product_cat-familia","10":"product_cat-lacustre","11":"product_cat-ninos","12":"product_cat-sin-comida","13":"product_cat-verano","15":"first","16":"instock","17":"virtual","18":"sold-individually","19":"purchasable","20":"product-type-booking"},"booking_location":"","booking_location_type":"","booking_duration":1,"booking_duration_unit":"hour","booking_buffer":0,"booking_cost":0,"booking_resources":[],"exclude_global_add_ons":false,"addons":[{"name":"ADU: Adulto","type":"input_multiplier","position":0,"required":false,"title_format":"label","default":"","description_enable":false,"description":"","placeholder_enable":false,"placeholder":"","display":"select","restrictions_type":"any_text","adjust_price":true,"price":"107400","price_type":"quantity_based","restrictions":false,"min":"0","max":"0","options":[],"id":1773074737},{"name":"MEN512 | 5 a 12","type":"input_multiplier","position":1,"required":false,"title_format":"label","default":"","description_enable":false,"description":"","placeholder_enable":false,"placeholder":"","display":"select","restrictions_type":"any_text","adjust_price":true,"price":"107400","price_type":"quantity_based","restrictions":false,"min":"0","max":"0","options":[],"id":1773075048}],"yoast_head":"<!-- This site is optimized with the Yoast SEO Premium plugin v25.2 (Yoast SEO v25.2) - https:\/\/yoast.com\/wordpress\/plugins\/seo\/ -->\n<title>Excursi\u00f3n en Kayak por el Lago Moreno | Rafting Bariloche<\/title>\n<meta name=\"description\" content=\"Excursi\u00f3n en kayak por el Lago Moreno con Rafting Bariloche. Naturaleza, aventura y paisajes \u00fanicos en una experiencia guiada.\" \/>\n<meta name=\"robots\" content=\"index, follow, max-snippet:-1, max-image-preview:large, max-video-preview:-1\" \/>\n<link rel=\"canonical\" href=\"https:\/\/raftingbariloche.ar\/pt\/produto\/passeio-de-caiaque-no-lago-moreno\/\" \/>\n<meta property=\"og:locale\" content=\"pt_BR\" \/>\n<meta property=\"og:type\" content=\"article\" \/>\n<meta property=\"og:title\" content=\"Kayak por el Lago Moreno\" \/>\n<meta property=\"og:description\" content=\"Excursi\u00f3n en kayak por el Lago Moreno con Rafting Bariloche. Naturaleza, aventura y paisajes \u00fanicos en una experiencia guiada.\" \/>\n<meta property=\"og:url\" content=\"https:\/\/raftingbariloche.ar\/pt\/produto\/passeio-de-caiaque-no-lago-moreno\/\" \/>\n<meta property=\"og:site_name\" content=\"Rafting Bariloche\" \/>\n<meta property=\"article:modified_time\" content=\"2026-04-08T19:25:52+00:00\" \/>\n<meta property=\"og:image\" content=\"https:\/\/raftingbariloche.ar\/wp-content\/uploads\/sites\/5\/2025\/08\/10-D-1.jpg\" \/>\n\t<meta property=\"og:image:width\" content=\"850\" \/>\n\t<meta property=\"og:image:height\" content=\"1133\" \/>\n\t<meta property=\"og:image:type\" content=\"image\/jpeg\" \/>\n<meta name=\"twitter:card\" content=\"summary_large_image\" \/>\n<meta name=\"twitter:label1\" content=\"Pre\u00e7o\" \/>\n\t<meta name=\"twitter:data1\" content=\"&#036;107,400.00\" \/>\n\t<meta name=\"twitter:label2\" content=\"Disponibilidade\" \/>\n\t<meta name=\"twitter:data2\" content=\"Em Estoque\" \/>\n<script type=\"application\/ld+json\" class=\"yoast-schema-graph\">{\"@context\":\"https:\/\/schema.org\",\"@graph\":[{\"@type\":\"WebPage\",\"@id\":\"https:\/\/raftingbariloche.ar\/producto\/excursion-kayak-lago-moreno\/\",\"url\":\"https:\/\/raftingbariloche.ar\/producto\/excursion-kayak-lago-moreno\/\",\"name\":\"Excursi\u00f3n en Kayak por el Lago Moreno | Rafting Bariloche\",\"isPartOf\":{\"@id\":\"https:\/\/raftingbariloche.ar\/#website\"},\"primaryImageOfPage\":{\"@id\":\"https:\/\/raftingbariloche.ar\/producto\/excursion-kayak-lago-moreno\/#primaryimage\"},\"image\":{\"@id\":\"https:\/\/raftingbariloche.ar\/producto\/excursion-kayak-lago-moreno\/#primaryimage\"},\"thumbnailUrl\":\"https:\/\/raftingbariloche.ar\/wp-content\/uploads\/sites\/5\/2025\/08\/10-D-1.jpg\",\"datePublished\":\"2025-08-18T16:59:59+00:00\",\"dateModified\":\"2026-04-08T19:25:52+00:00\",\"description\":\"Excursi\u00f3n en kayak por el Lago Moreno con Rafting Bariloche. Naturaleza, aventura y paisajes \u00fanicos en una experiencia guiada.\",\"breadcrumb\":{\"@id\":\"https:\/\/raftingbariloche.ar\/producto\/excursion-kayak-lago-moreno\/#breadcrumb\"},\"inLanguage\":\"pt-BR\",\"potentialAction\":[{\"@type\":\"ReadAction\",\"target\":[\"https:\/\/raftingbariloche.ar\/producto\/excursion-kayak-lago-moreno\/\"]}]},{\"@type\":\"ImageObject\",\"inLanguage\":\"pt-BR\",\"@id\":\"https:\/\/raftingbariloche.ar\/producto\/excursion-kayak-lago-moreno\/#primaryimage\",\"url\":\"https:\/\/raftingbariloche.ar\/wp-content\/uploads\/sites\/5\/2025\/08\/10-D-1.jpg\",\"contentUrl\":\"https:\/\/raftingbariloche.ar\/wp-content\/uploads\/sites\/5\/2025\/08\/10-D-1.jpg\",\"width\":850,\"height\":1133,\"caption\":\"DCIM100GOPROGOPR1093.JPG\"},{\"@type\":\"BreadcrumbList\",\"@id\":\"https:\/\/raftingbariloche.ar\/producto\/excursion-kayak-lago-moreno\/#breadcrumb\",\"itemListElement\":[{\"@type\":\"ListItem\",\"position\":1,\"name\":\"Inicio\",\"item\":\"https:\/\/raftingbariloche.ar\/\"},{\"@type\":\"ListItem\",\"position\":2,\"name\":\"Tienda\",\"item\":\"https:\/\/raftingbariloche.ar\/tienda\/\"},{\"@type\":\"ListItem\",\"position\":3,\"name\":\"Kayak por el Lago Moreno\"}]},{\"@type\":\"WebSite\",\"@id\":\"https:\/\/raftingbariloche.ar\/#website\",\"url\":\"https:\/\/raftingbariloche.ar\/\",\"name\":\"Rafting Bariloche\",\"description\":\"\",\"potentialAction\":[{\"@type\":\"SearchAction\",\"target\":{\"@type\":\"EntryPoint\",\"urlTemplate\":\"https:\/\/raftingbariloche.ar\/?s={search_term_string}\"},\"query-input\":{\"@type\":\"PropertyValueSpecification\",\"valueRequired\":true,\"valueName\":\"search_term_string\"}}],\"inLanguage\":\"pt-BR\"}]}<\/script>\n<meta property=\"product:price:amount\" content=\"107400.00\" \/>\n<meta property=\"product:price:currency\" content=\"ARS\" \/>\n<meta property=\"og:availability\" content=\"instock\" \/>\n<meta property=\"product:availability\" content=\"instock\" \/>\n<meta property=\"product:retailer_item_id\" content=\"ADV2025TRENKAH9J5\" \/>\n<meta property=\"product:condition\" content=\"new\" \/>\n<!-- \/ Yoast SEO Premium plugin. -->","yoast_head_json":{"title":"Excurs\u00e3o de caiaque no Lago Moreno | Rafting Bariloche","description":"Excurs\u00e3o de caiaque no Lago Moreno com a Rafting Bariloche. Natureza, aventura e paisagens \u00fanicas em uma experi\u00eancia guiada.","robots":{"index":"index","follow":"follow","max-snippet":"max-snippet:-1","max-image-preview":"max-image-preview:large","max-video-preview":"max-video-preview:-1"},"canonical":"https:\/\/raftingbariloche.ar\/pt\/produto\/passeio-de-caiaque-no-lago-moreno\/","og_locale":"pt_BR","og_type":"article","og_title":"Kayak por el Lago Moreno","og_description":"Excursi\u00f3n en kayak por el Lago Moreno con Rafting Bariloche. Naturaleza, aventura y paisajes \u00fanicos en una experiencia guiada.","og_url":"https:\/\/raftingbariloche.ar\/pt\/produto\/passeio-de-caiaque-no-lago-moreno\/","og_site_name":"Rafting Bariloche","article_modified_time":"2026-04-08T19:25:52+00:00","og_image":[{"width":850,"height":1133,"url":"https:\/\/raftingbariloche.ar\/wp-content\/uploads\/sites\/5\/2025\/08\/10-D-1.jpg","type":"image\/jpeg"}],"twitter_card":"summary_large_image","twitter_misc":{"Pre\u00e7o":"&#36;107,400.00","Disponibilidade":"Em Estoque"},"schema":{"@context":"https:\/\/schema.org","@graph":[{"@type":"WebPage","@id":"https:\/\/raftingbariloche.ar\/producto\/excursion-kayak-lago-moreno\/","url":"https:\/\/raftingbariloche.ar\/producto\/excursion-kayak-lago-moreno\/","name":"Excurs\u00e3o de caiaque no Lago Moreno | Rafting Bariloche","isPartOf":{"@id":"https:\/\/raftingbariloche.ar\/#website"},"primaryImageOfPage":{"@id":"https:\/\/raftingbariloche.ar\/producto\/excursion-kayak-lago-moreno\/#primaryimage"},"image":{"@id":"https:\/\/raftingbariloche.ar\/producto\/excursion-kayak-lago-moreno\/#primaryimage"},"thumbnailUrl":"https:\/\/raftingbariloche.ar\/wp-content\/uploads\/sites\/5\/2025\/08\/10-D-1.jpg","datePublished":"2025-08-18T16:59:59+00:00","dateModified":"2026-04-08T19:25:52+00:00","description":"Excurs\u00e3o de caiaque no Lago Moreno com a Rafting Bariloche. Natureza, aventura e paisagens \u00fanicas em uma experi\u00eancia guiada.","breadcrumb":{"@id":"https:\/\/raftingbariloche.ar\/producto\/excursion-kayak-lago-moreno\/#breadcrumb"},"inLanguage":"pt-BR","potentialAction":[{"@type":"ReadAction","target":["https:\/\/raftingbariloche.ar\/producto\/excursion-kayak-lago-moreno\/"]}]},{"@type":"ImageObject","inLanguage":"pt-BR","@id":"https:\/\/raftingbariloche.ar\/producto\/excursion-kayak-lago-moreno\/#primaryimage","url":"https:\/\/raftingbariloche.ar\/wp-content\/uploads\/sites\/5\/2025\/08\/10-D-1.jpg","contentUrl":"https:\/\/raftingbariloche.ar\/wp-content\/uploads\/sites\/5\/2025\/08\/10-D-1.jpg","width":850,"height":1133,"caption":"DCIM100GOPROGOPR1093.JPG"},{"@type":"BreadcrumbList","@id":"https:\/\/raftingbariloche.ar\/producto\/excursion-kayak-lago-moreno\/#breadcrumb","itemListElement":[{"@type":"ListItem","position":1,"name":"Inicio","item":"https:\/\/raftingbariloche.ar\/"},{"@type":"ListItem","position":2,"name":"Tienda","item":"https:\/\/raftingbariloche.ar\/tienda\/"},{"@type":"ListItem","position":3,"name":"Kayak por el Lago Moreno"}]},{"@type":"WebSite","@id":"https:\/\/raftingbariloche.ar\/#website","url":"https:\/\/raftingbariloche.ar\/","name":"Rafting em Bariloche","description":"","potentialAction":[{"@type":"SearchAction","target":{"@type":"EntryPoint","urlTemplate":"https:\/\/raftingbariloche.ar\/?s={search_term_string}"},"query-input":{"@type":"PropertyValueSpecification","valueRequired":true,"valueName":"search_term_string"}}],"inLanguage":"pt-BR"}]},"product_price_amount":"107400.00","product_price_currency":"ARS","og_availability":"instock","product_availability":"instock","product_retailer_item_id":"ADV2025TRENKAH9J5","product_condition":"new"},"_links":{"self":[{"href":"https:\/\/raftingbariloche.ar\/pt\/wp-json\/wp\/v2\/product\/377917","targetHints":{"allow":["GET"]}}],"collection":[{"href":"https:\/\/raftingbariloche.ar\/pt\/wp-json\/wp\/v2\/product"}],"about":[{"href":"https:\/\/raftingbariloche.ar\/pt\/wp-json\/wp\/v2\/types\/product"}],"replies":[{"embeddable":true,"href":"https:\/\/raftingbariloche.ar\/pt\/wp-json\/wp\/v2\/comments?post=377917"}],"wp:featuredmedia":[{"embeddable":true,"href":"https:\/\/raftingbariloche.ar\/pt\/wp-json\/wp\/v2\/media\/378041"}],"wp:attachment":[{"href":"https:\/\/raftingbariloche.ar\/pt\/wp-json\/wp\/v2\/media?parent=377917"}],"wp:term":[{"taxonomy":"product_brand","embeddable":true,"href":"https:\/\/raftingbariloche.ar\/pt\/wp-json\/wp\/v2\/product_brand?post=377917"},{"taxonomy":"product_cat","embeddable":true,"href":"https:\/\/raftingbariloche.ar\/pt\/wp-json\/wp\/v2\/product_cat?post=377917"},{"taxonomy":"product_tag","embeddable":true,"href":"https:\/\/raftingbariloche.ar\/pt\/wp-json\/wp\/v2\/product_tag?post=377917"}],"curies":[{"name":"wp","href":"https:\/\/api.w.org\/{rel}","templated":true}]}}