{"id":377915,"date":"2025-08-18T13:59:02","date_gmt":"2025-08-18T16:59:02","guid":{"rendered":"https:\/\/raftingbariloche.ar\/producto\/rafting-al-limite-con-chile-con-traslado\/"},"modified":"2026-04-08T16:26:16","modified_gmt":"2026-04-08T19:26:16","slug":"rafting-al-limite-con-chile-con-traslado","status":"publish","type":"product","link":"https:\/\/raftingbariloche.ar\/pt\/produto\/rafting-ate-a-fronteira-do-chile-com-traslado\/","title":{"rendered":"Rafting at\u00e9 a fronteira com o Chile com traslado"},"content":{"rendered":"<h2 class=\"ai-optimize-6\">Experi\u00eancia de Rafting no Rio Manso: Aventura at\u00e9 o limite<\/h2>\n<p class=\"ai-optimize-7 ai-optimize-introduction\">Experimente o <strong>adrenalina m\u00e1xima<\/strong> Mergulhe no incr\u00edvel Rio Manso, um ambiente repleto de <strong>magia natural<\/strong> e emo\u00e7\u00e3o constante. Esse circuito de rafting, com corredeiras de n\u00edveis de intensidade 3 e 4, vai at\u00e9 o <strong>linha de fronteira com o Chile<\/strong>, N\u00f3s o convidamos a desfrutar de um dia vibrante, repleto de paisagens de sonho e sensa\u00e7\u00f5es inesquec\u00edveis.<\/p>\n<h3 class=\"ai-optimize-8\">Plano de atividades<\/h3>\n<ul>\n<li class=\"ai-optimize-9\"><strong>Hor\u00e1rio de partida:<\/strong> Sua viagem come\u00e7a \u00e0s 8:00 horas, saindo do microcentro de San Carlos de Bariloche.<\/li>\n<li class=\"ai-optimize-10\"><strong>Entrega de equipamentos:<\/strong> Nossos experientes guias locais lhe fornecer\u00e3o roupas de mergulho, coletes e capacetes.<\/li>\n<li class=\"ai-optimize-11\"><strong>Rota e dura\u00e7\u00e3o:<\/strong> Encare as corredeiras por 11 km, uma experi\u00eancia que dura cerca de 2 horas e que voc\u00ea n\u00e3o esquecer\u00e1.<\/li>\n<li class=\"ai-optimize-12\"><strong>Almo\u00e7o opcional:<\/strong> Se desejar, ap\u00f3s o rafting, voc\u00ea pode se juntar a n\u00f3s para um churrasco ou escolher entre uma variedade de saladas (custo adicional).<\/li>\n<li class=\"ai-optimize-13\"><strong>Seguran\u00e7a em todos os sentidos:<\/strong> Voc\u00ea ter\u00e1 o apoio de caiaqueiros durante toda a viagem, para que se sinta seguro e protegido.<\/li>\n<\/ul>\n<h3 class=\"ai-optimize-14\">Informa\u00e7\u00f5es essenciais<\/h3>\n<ul>\n<li class=\"ai-optimize-15\"><strong>O que levar:<\/strong> \u00c9 aconselh\u00e1vel levar uma toalha e uma muda de roupa seca.<\/li>\n<li class=\"ai-optimize-16\"><strong>Idade m\u00ednima:<\/strong> Permitido para pessoas acima de 14 anos de idade, inclusive.<\/li>\n<\/ul>\n<h3 class=\"ai-optimize-17\">Hor\u00e1rios<\/h3>\n<p class=\"ai-optimize-18\">O passeio come\u00e7a \u00e0s 09:00 e termina por volta das 18:00.<\/p>\n<h3 class=\"ai-optimize-19\">Inclui<\/h3>\n<ul>\n<li class=\"ai-optimize-20\">Experi\u00eancia abrangente de rafting.<\/li>\n<li class=\"ai-optimize-22\">Kit de equipamentos: roupa de mergulho e botas de neoprene, colete regulamentar, jaqueta imperme\u00e1vel, remos e capacetes.<\/li>\n<\/ul>\n<h3 class=\"ai-optimize-23\">Perguntas frequentes<\/h3>\n<h4 class=\"ai-optimize-24\">Posso dirigir at\u00e9 l\u00e1 por conta pr\u00f3pria?<\/h4>\n<p class=\"ai-optimize-25\">Se preferir vir em seu pr\u00f3prio carro, voc\u00ea deve comparecer \u00e0 excurs\u00e3o de rafting na Base de Villegas, Rota 83 Km 1, onde a excurs\u00e3o de rafting \u00e9 realizada. <a class=\"theme markdown__link\" href=\"https:\/\/maps.app.goo.gl\/NqbsUN6VB5Fnt7hVA\" target=\"_blank\" rel=\"noopener noreferrer\">https:\/\/maps.app.goo.gl\/NqbsUN6VB5Fnt7hVA<\/a> este \u00e9 o link para a localiza\u00e7\u00e3o do parador.<\/p>\n<h4 class=\"ai-optimize-26\">Posso vir com minha fam\u00edlia ou amigos que n\u00e3o praticam rafting?<\/h4>\n<p class=\"ai-optimize-27\">\u00c9 claro que seus acompanhantes podem passar o dia na margem do rio pagando apenas 50% do valor, sem necessidade de participar da atividade.<\/p>","protected":false},"excerpt":{"rendered":"<p class=\"ai-optimize-6\">Eu vivi uma <strong>experi\u00eancia \u00fanica de rafting<\/strong> na fronteira com o Chile. Atreva-se a correr as imponentes corredeiras do <strong>Rio Manso<\/strong>, A viagem inclui um caf\u00e9 da manh\u00e3 energ\u00e9tico, todo o equipamento inclu\u00eddo e a tranquilidade de ter profissionais experientes em caiaque \u00e0 disposi\u00e7\u00e3o. Ideal para aqueles que querem sentir a natureza em sua melhor forma.<\/p>","protected":false},"featured_media":378042,"comment_status":"open","ping_status":"closed","template":"","meta":[],"product_brand":[],"product_cat":[49,51,53,54,61,62,64,70],"product_tag":[],"class_list":{"0":"post-377915","1":"product","2":"type-product","3":"status-publish","4":"has-post-thumbnail","6":"product_cat-adultos","7":"product_cat-aventura","8":"product_cat-con-traslado","9":"product_cat-familia","10":"product_cat-otono","11":"product_cat-primavera","12":"product_cat-sin-comida","13":"product_cat-verano","15":"first","16":"instock","17":"virtual","18":"sold-individually","19":"purchasable","20":"product-type-booking"},"booking_location":"","booking_location_type":"","booking_duration":1,"booking_duration_unit":"hour","booking_buffer":0,"booking_cost":0,"booking_resources":[],"exclude_global_add_ons":false,"addons":[{"name":"ADU: Adulto","type":"input_multiplier","position":0,"required":false,"title_format":"label","default":"","description_enable":false,"description":"","placeholder_enable":false,"placeholder":"","display":"select","restrictions_type":"any_text","adjust_price":true,"price":"155400","price_type":"quantity_based","restrictions":false,"min":"0","max":"0","options":[],"id":1773236614},{"name":"EXTRA: acompanhante","type":"input_multiplier","position":1,"required":false,"title_format":"label","default":"","description_enable":false,"description":"","placeholder_enable":false,"placeholder":"","display":"select","restrictions_type":"any_text","adjust_price":true,"price":"77700","price_type":"quantity_based","restrictions":false,"min":"0","max":"0","options":[],"id":1773236615},{"name":"MEN1418 | de 14 a 18","type":"input_multiplier","position":2,"required":false,"title_format":"label","default":"","description_enable":false,"description":"","placeholder_enable":false,"placeholder":"","display":"select","restrictions_type":"any_text","adjust_price":true,"price":"155400","price_type":"quantity_based","restrictions":false,"min":"0","max":"0","options":[],"id":1773236616}],"yoast_head":"<!-- This site is optimized with the Yoast SEO Premium plugin v25.2 (Yoast SEO v25.2) - https:\/\/yoast.com\/wordpress\/plugins\/seo\/ -->\n<title>Rafting al l\u00edmite con Chile con traslado - Rafting Bariloche<\/title>\n<meta name=\"description\" content=\"Viv\u00ed la experiencia de rafting en Bariloche hasta la frontera con Chile. R\u00e1pidos grado III y IV, gu\u00edas expertos y pura adrenalina en la Patagonia.\" \/>\n<meta name=\"robots\" content=\"index, follow, max-snippet:-1, max-image-preview:large, max-video-preview:-1\" \/>\n<link rel=\"canonical\" href=\"https:\/\/raftingbariloche.ar\/pt\/produto\/rafting-ate-a-fronteira-do-chile-com-traslado\/\" \/>\n<meta property=\"og:locale\" content=\"pt_BR\" \/>\n<meta property=\"og:type\" content=\"article\" \/>\n<meta property=\"og:title\" content=\"Rafting al l\u00edmite con Chile con traslado\" \/>\n<meta property=\"og:description\" content=\"Viv\u00ed la experiencia de rafting en Bariloche hasta la frontera con Chile. R\u00e1pidos grado III y IV, gu\u00edas expertos y pura adrenalina en la Patagonia.\" \/>\n<meta property=\"og:url\" content=\"https:\/\/raftingbariloche.ar\/pt\/produto\/rafting-ate-a-fronteira-do-chile-com-traslado\/\" \/>\n<meta property=\"og:site_name\" content=\"Rafting Bariloche\" \/>\n<meta property=\"article:modified_time\" content=\"2026-04-08T19:26:16+00:00\" \/>\n<meta property=\"og:image\" content=\"https:\/\/raftingbariloche.ar\/wp-content\/uploads\/sites\/5\/2025\/08\/10-A-os-guias-de-3Crafting.jpg\" \/>\n\t<meta property=\"og:image:width\" content=\"850\" \/>\n\t<meta property=\"og:image:height\" content=\"1133\" \/>\n\t<meta property=\"og:image:type\" content=\"image\/jpeg\" \/>\n<meta name=\"twitter:card\" content=\"summary_large_image\" \/>\n<meta name=\"twitter:label1\" content=\"Pre\u00e7o\" \/>\n\t<meta name=\"twitter:data1\" content=\"&#036;155,400.00\" \/>\n\t<meta name=\"twitter:label2\" content=\"Disponibilidade\" \/>\n\t<meta name=\"twitter:data2\" content=\"Em Estoque\" \/>\n<script type=\"application\/ld+json\" class=\"yoast-schema-graph\">{\"@context\":\"https:\/\/schema.org\",\"@graph\":[{\"@type\":\"WebPage\",\"@id\":\"https:\/\/raftingbariloche.ar\/producto\/rafting-al-limite-con-chile-con-traslado\/\",\"url\":\"https:\/\/raftingbariloche.ar\/producto\/rafting-al-limite-con-chile-con-traslado\/\",\"name\":\"Rafting al l\u00edmite con Chile con traslado - Rafting Bariloche\",\"isPartOf\":{\"@id\":\"https:\/\/raftingbariloche.ar\/#website\"},\"primaryImageOfPage\":{\"@id\":\"https:\/\/raftingbariloche.ar\/producto\/rafting-al-limite-con-chile-con-traslado\/#primaryimage\"},\"image\":{\"@id\":\"https:\/\/raftingbariloche.ar\/producto\/rafting-al-limite-con-chile-con-traslado\/#primaryimage\"},\"thumbnailUrl\":\"https:\/\/raftingbariloche.ar\/wp-content\/uploads\/sites\/5\/2025\/08\/10-A-os-guias-de-3Crafting.jpg\",\"datePublished\":\"2025-08-18T16:59:02+00:00\",\"dateModified\":\"2026-04-08T19:26:16+00:00\",\"description\":\"Viv\u00ed la experiencia de rafting en Bariloche hasta la frontera con Chile. R\u00e1pidos grado III y IV, gu\u00edas expertos y pura adrenalina en la Patagonia.\",\"breadcrumb\":{\"@id\":\"https:\/\/raftingbariloche.ar\/producto\/rafting-al-limite-con-chile-con-traslado\/#breadcrumb\"},\"inLanguage\":\"pt-BR\",\"potentialAction\":[{\"@type\":\"ReadAction\",\"target\":[\"https:\/\/raftingbariloche.ar\/producto\/rafting-al-limite-con-chile-con-traslado\/\"]}]},{\"@type\":\"ImageObject\",\"inLanguage\":\"pt-BR\",\"@id\":\"https:\/\/raftingbariloche.ar\/producto\/rafting-al-limite-con-chile-con-traslado\/#primaryimage\",\"url\":\"https:\/\/raftingbariloche.ar\/wp-content\/uploads\/sites\/5\/2025\/08\/10-A-os-guias-de-3Crafting.jpg\",\"contentUrl\":\"https:\/\/raftingbariloche.ar\/wp-content\/uploads\/sites\/5\/2025\/08\/10-A-os-guias-de-3Crafting.jpg\",\"width\":850,\"height\":1133},{\"@type\":\"BreadcrumbList\",\"@id\":\"https:\/\/raftingbariloche.ar\/producto\/rafting-al-limite-con-chile-con-traslado\/#breadcrumb\",\"itemListElement\":[{\"@type\":\"ListItem\",\"position\":1,\"name\":\"Inicio\",\"item\":\"https:\/\/raftingbariloche.ar\/\"},{\"@type\":\"ListItem\",\"position\":2,\"name\":\"Tienda\",\"item\":\"https:\/\/raftingbariloche.ar\/tienda\/\"},{\"@type\":\"ListItem\",\"position\":3,\"name\":\"Rafting al l\u00edmite con Chile con traslado\"}]},{\"@type\":\"WebSite\",\"@id\":\"https:\/\/raftingbariloche.ar\/#website\",\"url\":\"https:\/\/raftingbariloche.ar\/\",\"name\":\"Rafting Bariloche\",\"description\":\"\",\"potentialAction\":[{\"@type\":\"SearchAction\",\"target\":{\"@type\":\"EntryPoint\",\"urlTemplate\":\"https:\/\/raftingbariloche.ar\/?s={search_term_string}\"},\"query-input\":{\"@type\":\"PropertyValueSpecification\",\"valueRequired\":true,\"valueName\":\"search_term_string\"}}],\"inLanguage\":\"pt-BR\"}]}<\/script>\n<meta property=\"product:price:amount\" content=\"155400.00\" \/>\n<meta property=\"product:price:currency\" content=\"ARS\" \/>\n<meta property=\"og:availability\" content=\"instock\" \/>\n<meta property=\"product:availability\" content=\"instock\" \/>\n<meta property=\"product:retailer_item_id\" content=\"ADV2025RAALL\u00cd7HIR\" \/>\n<meta property=\"product:condition\" content=\"new\" \/>\n<!-- \/ Yoast SEO Premium plugin. -->","yoast_head_json":{"title":"Rafting at\u00e9 a fronteira com o Chile com traslado - Rafting Bariloche","description":"Experimente o rafting em Bariloche at\u00e9 a fronteira com o Chile. Corredeiras de grau III e IV, guias especializados e pura adrenalina na Patag\u00f4nia.","robots":{"index":"index","follow":"follow","max-snippet":"max-snippet:-1","max-image-preview":"max-image-preview:large","max-video-preview":"max-video-preview:-1"},"canonical":"https:\/\/raftingbariloche.ar\/pt\/produto\/rafting-ate-a-fronteira-do-chile-com-traslado\/","og_locale":"pt_BR","og_type":"article","og_title":"Rafting al l\u00edmite con Chile con traslado","og_description":"Viv\u00ed la experiencia de rafting en Bariloche hasta la frontera con Chile. R\u00e1pidos grado III y IV, gu\u00edas expertos y pura adrenalina en la Patagonia.","og_url":"https:\/\/raftingbariloche.ar\/pt\/produto\/rafting-ate-a-fronteira-do-chile-com-traslado\/","og_site_name":"Rafting Bariloche","article_modified_time":"2026-04-08T19:26:16+00:00","og_image":[{"width":850,"height":1133,"url":"https:\/\/raftingbariloche.ar\/wp-content\/uploads\/sites\/5\/2025\/08\/10-A-os-guias-de-3Crafting.jpg","type":"image\/jpeg"}],"twitter_card":"summary_large_image","twitter_misc":{"Pre\u00e7o":"&#36;155,400.00","Disponibilidade":"Em Estoque"},"schema":{"@context":"https:\/\/schema.org","@graph":[{"@type":"WebPage","@id":"https:\/\/raftingbariloche.ar\/producto\/rafting-al-limite-con-chile-con-traslado\/","url":"https:\/\/raftingbariloche.ar\/producto\/rafting-al-limite-con-chile-con-traslado\/","name":"Rafting at\u00e9 a fronteira com o Chile com traslado - Rafting Bariloche","isPartOf":{"@id":"https:\/\/raftingbariloche.ar\/#website"},"primaryImageOfPage":{"@id":"https:\/\/raftingbariloche.ar\/producto\/rafting-al-limite-con-chile-con-traslado\/#primaryimage"},"image":{"@id":"https:\/\/raftingbariloche.ar\/producto\/rafting-al-limite-con-chile-con-traslado\/#primaryimage"},"thumbnailUrl":"https:\/\/raftingbariloche.ar\/wp-content\/uploads\/sites\/5\/2025\/08\/10-A-os-guias-de-3Crafting.jpg","datePublished":"2025-08-18T16:59:02+00:00","dateModified":"2026-04-08T19:26:16+00:00","description":"Experimente o rafting em Bariloche at\u00e9 a fronteira com o Chile. Corredeiras de grau III e IV, guias especializados e pura adrenalina na Patag\u00f4nia.","breadcrumb":{"@id":"https:\/\/raftingbariloche.ar\/producto\/rafting-al-limite-con-chile-con-traslado\/#breadcrumb"},"inLanguage":"pt-BR","potentialAction":[{"@type":"ReadAction","target":["https:\/\/raftingbariloche.ar\/producto\/rafting-al-limite-con-chile-con-traslado\/"]}]},{"@type":"ImageObject","inLanguage":"pt-BR","@id":"https:\/\/raftingbariloche.ar\/producto\/rafting-al-limite-con-chile-con-traslado\/#primaryimage","url":"https:\/\/raftingbariloche.ar\/wp-content\/uploads\/sites\/5\/2025\/08\/10-A-os-guias-de-3Crafting.jpg","contentUrl":"https:\/\/raftingbariloche.ar\/wp-content\/uploads\/sites\/5\/2025\/08\/10-A-os-guias-de-3Crafting.jpg","width":850,"height":1133},{"@type":"BreadcrumbList","@id":"https:\/\/raftingbariloche.ar\/producto\/rafting-al-limite-con-chile-con-traslado\/#breadcrumb","itemListElement":[{"@type":"ListItem","position":1,"name":"Inicio","item":"https:\/\/raftingbariloche.ar\/"},{"@type":"ListItem","position":2,"name":"Tienda","item":"https:\/\/raftingbariloche.ar\/tienda\/"},{"@type":"ListItem","position":3,"name":"Rafting al l\u00edmite con Chile con traslado"}]},{"@type":"WebSite","@id":"https:\/\/raftingbariloche.ar\/#website","url":"https:\/\/raftingbariloche.ar\/","name":"Rafting em Bariloche","description":"","potentialAction":[{"@type":"SearchAction","target":{"@type":"EntryPoint","urlTemplate":"https:\/\/raftingbariloche.ar\/?s={search_term_string}"},"query-input":{"@type":"PropertyValueSpecification","valueRequired":true,"valueName":"search_term_string"}}],"inLanguage":"pt-BR"}]},"product_price_amount":"155400.00","product_price_currency":"ARS","og_availability":"instock","product_availability":"instock","product_retailer_item_id":"ADV2025RAALL\u00cd7HIR","product_condition":"new"},"_links":{"self":[{"href":"https:\/\/raftingbariloche.ar\/pt\/wp-json\/wp\/v2\/product\/377915","targetHints":{"allow":["GET"]}}],"collection":[{"href":"https:\/\/raftingbariloche.ar\/pt\/wp-json\/wp\/v2\/product"}],"about":[{"href":"https:\/\/raftingbariloche.ar\/pt\/wp-json\/wp\/v2\/types\/product"}],"replies":[{"embeddable":true,"href":"https:\/\/raftingbariloche.ar\/pt\/wp-json\/wp\/v2\/comments?post=377915"}],"wp:featuredmedia":[{"embeddable":true,"href":"https:\/\/raftingbariloche.ar\/pt\/wp-json\/wp\/v2\/media\/378042"}],"wp:attachment":[{"href":"https:\/\/raftingbariloche.ar\/pt\/wp-json\/wp\/v2\/media?parent=377915"}],"wp:term":[{"taxonomy":"product_brand","embeddable":true,"href":"https:\/\/raftingbariloche.ar\/pt\/wp-json\/wp\/v2\/product_brand?post=377915"},{"taxonomy":"product_cat","embeddable":true,"href":"https:\/\/raftingbariloche.ar\/pt\/wp-json\/wp\/v2\/product_cat?post=377915"},{"taxonomy":"product_tag","embeddable":true,"href":"https:\/\/raftingbariloche.ar\/pt\/wp-json\/wp\/v2\/product_tag?post=377915"}],"curies":[{"name":"wp","href":"https:\/\/api.w.org\/{rel}","templated":true}]}}