{"id":377914,"date":"2025-08-18T13:58:40","date_gmt":"2025-08-18T16:58:40","guid":{"rendered":"https:\/\/raftingbariloche.ar\/producto\/rafting-light-en-el-rio-manso-sin-traslado\/"},"modified":"2026-04-08T16:25:53","modified_gmt":"2026-04-08T19:25:53","slug":"rafting-light-en-el-rio-manso-sin-traslado","status":"publish","type":"product","link":"https:\/\/raftingbariloche.ar\/pt\/produto\/rafting-leve-no-rio-manso-sem-traslado\/","title":{"rendered":"Rafting Light no Rio Manso sem traslado"},"content":{"rendered":"<h2 class=\"ai-optimize-21\">Ref\u00fagio para a fam\u00edlia no rio Manso<\/h2>\n<p class=\"ai-optimize-22 ai-optimize-introduction\">Participe de um <strong>Experi\u00eancia tranquila de rafting no rio Manso<\/strong>, especialmente projetado para ser compartilhado com a fam\u00edlia. Esse plano aqu\u00e1tico \u00e9 seguro e acess\u00edvel, recomendado para crian\u00e7as a partir de 5 anos de idade. As corredeiras suaves de n\u00edvel 1 e 2 garantem baixa adrenalina em um ambiente protegido, ideal para quem \u00e9 iniciante no rafting ou deseja um momento descontra\u00eddo e relaxante de conex\u00e3o com a natureza.<\/p>\n<h3 class=\"ai-optimize-23\">Dados da atividade<\/h3>\n<ul>\n<li class=\"ai-optimize-24\"><strong>Dura\u00e7\u00e3o:<\/strong> Cerca de 90 minutos de alegria e desconex\u00e3o total.<\/li>\n<li class=\"ai-optimize-25\"><strong>Viagem:<\/strong> Descubra 40 km de beleza natural e corredeiras suaves para um dia inesquec\u00edvel.<\/li>\n<li class=\"ai-optimize-26\"><strong>Equipamento inclu\u00eddo:<\/strong> Fornecemos tudo o que voc\u00ea precisa para sua seguran\u00e7a: roupa de mergulho, capacete e colete salva-vidas.<\/li>\n<\/ul>\n<h3 class=\"ai-optimize-27\">In\u00edcio da caminhada<\/h3>\n<p class=\"ai-optimize-28\">Quando voc\u00ea chegar ao seu destino, nossa equipe estar\u00e1 esperando por voc\u00ea com as melhores vibra\u00e7\u00f5es para lhe dar as boas-vindas e explicar brevemente como se comportar durante a descida. Tudo \u00e9 preparado para que voc\u00ea s\u00f3 tenha que se preocupar em se divertir, independentemente de sua experi\u00eancia.<\/p>\n<h3 class=\"ai-optimize-29\">Recomenda\u00e7\u00f5es<\/h3>\n<p class=\"ai-optimize-30\">Sugerimos que voc\u00ea traga:<\/p>\n<ul>\n<li class=\"ai-optimize-31\">Toalha pr\u00f3pria.<\/li>\n<li class=\"ai-optimize-32\">Roupas secas para depois da excurs\u00e3o.<\/li>\n<li class=\"ai-optimize-33\">T\u00eanis ou outro cal\u00e7ado que n\u00e3o se importe de molhar.<\/li>\n<\/ul>\n<h3 class=\"ai-optimize-34\">Renda aut\u00f4noma<\/h3>\n<p class=\"ai-optimize-35\">Se voc\u00ea for um daqueles que preferem chegar l\u00e1 por seus pr\u00f3prios meios, o ponto de encontro \u00e9 no <strong>Base Villegas<\/strong> localizado no<strong> Rota 83 Km 1.<\/strong> <a class=\"theme markdown__link\" href=\"https:\/\/maps.app.goo.gl\/NqbsUN6VB5Fnt7hVA\" target=\"_blank\" rel=\"noopener noreferrer\">https:\/\/maps.app.goo.gl\/NqbsUN6VB5Fnt7hVA<\/a> este \u00e9 o link para a localiza\u00e7\u00e3o do parador.<\/p>\n<h3 class=\"ai-optimize-36\">O que est\u00e1 inclu\u00eddo e o que n\u00e3o est\u00e1<\/h3>\n<ul>\n<li class=\"ai-optimize-37\"><strong>Ele inclui:<\/strong> A descida de rafting mais todo o equipamento necess\u00e1rio: neoprene, colete salva-vidas, jaqueta imperme\u00e1vel, botas de neoprene, remos e capacete.<\/li>\n<li class=\"ai-optimize-38\"><strong>N\u00e3o inclu\u00eddo:<\/strong> Traslados e refei\u00e7\u00f5es (caf\u00e9 da manh\u00e3, almo\u00e7o e lanches n\u00e3o est\u00e3o inclu\u00eddos).<\/li>\n<\/ul>\n<h3 class=\"ai-optimize-39\">Hor\u00e1rio da excurs\u00e3o<\/h3>\n<p class=\"ai-optimize-40\">O passeio de rafting vai de <strong>Das 11:30 \u00e0s 19:00 horas.<\/strong>.<\/p>\n<h2 class=\"ai-optimize-41\">Perguntas frequentes<\/h2>\n<h3 class=\"ai-optimize-42\">Qual \u00e9 a modalidade para aqueles que chegam sem transfer\u00eancia?<\/h3>\n<p class=\"ai-optimize-43\" data-pm-slice=\"1 1 []\">Se voc\u00ea escolher a op\u00e7\u00e3o sem traslado, ter\u00e1 que ir diretamente para o parador, onde tudo come\u00e7a: <strong>Base Villegas Ruta 83 Km 1.<\/strong><\/p>\n<h3 class=\"ai-optimize-44\">\u00c9 poss\u00edvel usar um companheiro que n\u00e3o esteja trabalhando?<\/h3>\n<p class=\"ai-optimize-45\">\u00c9 claro que seu acompanhante pode se juntar a voc\u00ea pagando o <strong>50% do valor<\/strong> da atividade.<\/p>","protected":false},"excerpt":{"rendered":"<h2 class=\"ai-optimize-6\">Viva a aventura do rafting no Rio Manso<\/h2>\n<p class=\"ai-optimize-7\">Passe um dia diferente com nossa proposta de rafting suave no Rio Manso, perfeito para grupos familiares e crian\u00e7as a partir de 5 anos de idade. Se preferir vir em seu pr\u00f3prio ve\u00edculo, estamos localizados na esta\u00e7\u00e3o YPF-ACA, portanto, n\u00e3o perca essa experi\u00eancia!<\/p>","protected":false},"featured_media":378046,"comment_status":"open","ping_status":"closed","template":"","meta":[],"product_brand":[],"product_cat":[49,51,60,64,65,70],"product_tag":[],"class_list":{"0":"post-377914","1":"product","2":"type-product","3":"status-publish","4":"has-post-thumbnail","6":"product_cat-adultos","7":"product_cat-aventura","8":"product_cat-ninos","9":"product_cat-sin-comida","10":"product_cat-sin-traslado","11":"product_cat-verano","13":"first","14":"instock","15":"virtual","16":"sold-individually","17":"purchasable","18":"product-type-booking"},"booking_location":"","booking_location_type":"","booking_duration":1,"booking_duration_unit":"hour","booking_buffer":0,"booking_cost":0,"booking_resources":[],"exclude_global_add_ons":false,"addons":[{"name":"ADU: Adulto","type":"input_multiplier","position":0,"required":false,"title_format":"label","default":"","description_enable":false,"description":"","placeholder_enable":false,"placeholder":"","display":"select","restrictions_type":"any_text","adjust_price":true,"price":"75000","price_type":"quantity_based","restrictions":false,"min":"0","max":"0","options":[],"id":1773079069},{"name":"EXTRA: acompanhante","type":"input_multiplier","position":1,"required":false,"title_format":"label","default":"","description_enable":false,"description":"","placeholder_enable":false,"placeholder":"","display":"select","restrictions_type":"any_text","adjust_price":true,"price":"37500","price_type":"quantity_based","restrictions":false,"min":"0","max":"0","options":[],"id":1773079070},{"name":"MEN512 | 5 a 12","type":"input_multiplier","position":2,"required":false,"title_format":"label","default":"","description_enable":false,"description":"","placeholder_enable":false,"placeholder":"","display":"select","restrictions_type":"any_text","adjust_price":true,"price":"75000","price_type":"quantity_based","restrictions":false,"min":"0","max":"0","options":[],"id":1773079071}],"yoast_head":"<!-- This site is optimized with the Yoast SEO Premium plugin v25.2 (Yoast SEO v25.2) - https:\/\/yoast.com\/wordpress\/plugins\/seo\/ -->\n<title>Rafting Light en el R\u00edo Manso sin Traslado - Rafting Bariloche<\/title>\n<meta name=\"description\" content=\"Viv\u00ed la experiencia de rafting en el R\u00edo Manso sin traslado desde Bariloche. Una aventura tranquila entre paisajes naturales \u00fanicos, ideal para familias.\" \/>\n<meta name=\"robots\" content=\"index, follow, max-snippet:-1, max-image-preview:large, max-video-preview:-1\" \/>\n<link rel=\"canonical\" href=\"https:\/\/raftingbariloche.ar\/pt\/produto\/rafting-leve-no-rio-manso-sem-traslado\/\" \/>\n<meta property=\"og:locale\" content=\"pt_BR\" \/>\n<meta property=\"og:type\" content=\"article\" \/>\n<meta property=\"og:title\" content=\"Rafting Light en el R\u00edo Manso sin Traslado\" \/>\n<meta property=\"og:description\" content=\"Viv\u00ed la experiencia de rafting en el R\u00edo Manso sin traslado desde Bariloche. Una aventura tranquila entre paisajes naturales \u00fanicos, ideal para familias.\" \/>\n<meta property=\"og:url\" content=\"https:\/\/raftingbariloche.ar\/pt\/produto\/rafting-leve-no-rio-manso-sem-traslado\/\" \/>\n<meta property=\"og:site_name\" content=\"Rafting Bariloche\" \/>\n<meta property=\"article:modified_time\" content=\"2026-04-08T19:25:53+00:00\" \/>\n<meta property=\"og:image\" content=\"https:\/\/raftingbariloche.ar\/wp-content\/uploads\/sites\/5\/2025\/08\/10-B-las-sonrisas-de-los-tripulante.jpg\" \/>\n\t<meta property=\"og:image:width\" content=\"850\" \/>\n\t<meta property=\"og:image:height\" content=\"1133\" \/>\n\t<meta property=\"og:image:type\" content=\"image\/jpeg\" \/>\n<meta name=\"twitter:card\" content=\"summary_large_image\" \/>\n<meta name=\"twitter:label1\" content=\"Pre\u00e7o\" \/>\n\t<meta name=\"twitter:data1\" content=\"&#036;75,000.00\" \/>\n\t<meta name=\"twitter:label2\" content=\"Disponibilidade\" \/>\n\t<meta name=\"twitter:data2\" content=\"Em Estoque\" \/>\n<script type=\"application\/ld+json\" class=\"yoast-schema-graph\">{\"@context\":\"https:\/\/schema.org\",\"@graph\":[{\"@type\":\"WebPage\",\"@id\":\"https:\/\/raftingbariloche.ar\/producto\/rafting-light-en-el-rio-manso-sin-traslado\/\",\"url\":\"https:\/\/raftingbariloche.ar\/producto\/rafting-light-en-el-rio-manso-sin-traslado\/\",\"name\":\"Rafting Light en el R\u00edo Manso sin Traslado - Rafting Bariloche\",\"isPartOf\":{\"@id\":\"https:\/\/raftingbariloche.ar\/#website\"},\"primaryImageOfPage\":{\"@id\":\"https:\/\/raftingbariloche.ar\/producto\/rafting-light-en-el-rio-manso-sin-traslado\/#primaryimage\"},\"image\":{\"@id\":\"https:\/\/raftingbariloche.ar\/producto\/rafting-light-en-el-rio-manso-sin-traslado\/#primaryimage\"},\"thumbnailUrl\":\"https:\/\/raftingbariloche.ar\/wp-content\/uploads\/sites\/5\/2025\/08\/10-B-las-sonrisas-de-los-tripulante.jpg\",\"datePublished\":\"2025-08-18T16:58:40+00:00\",\"dateModified\":\"2026-04-08T19:25:53+00:00\",\"description\":\"Viv\u00ed la experiencia de rafting en el R\u00edo Manso sin traslado desde Bariloche. Una aventura tranquila entre paisajes naturales \u00fanicos, ideal para familias.\",\"breadcrumb\":{\"@id\":\"https:\/\/raftingbariloche.ar\/producto\/rafting-light-en-el-rio-manso-sin-traslado\/#breadcrumb\"},\"inLanguage\":\"pt-BR\",\"potentialAction\":[{\"@type\":\"ReadAction\",\"target\":[\"https:\/\/raftingbariloche.ar\/producto\/rafting-light-en-el-rio-manso-sin-traslado\/\"]}]},{\"@type\":\"ImageObject\",\"inLanguage\":\"pt-BR\",\"@id\":\"https:\/\/raftingbariloche.ar\/producto\/rafting-light-en-el-rio-manso-sin-traslado\/#primaryimage\",\"url\":\"https:\/\/raftingbariloche.ar\/wp-content\/uploads\/sites\/5\/2025\/08\/10-B-las-sonrisas-de-los-tripulante.jpg\",\"contentUrl\":\"https:\/\/raftingbariloche.ar\/wp-content\/uploads\/sites\/5\/2025\/08\/10-B-las-sonrisas-de-los-tripulante.jpg\",\"width\":850,\"height\":1133},{\"@type\":\"BreadcrumbList\",\"@id\":\"https:\/\/raftingbariloche.ar\/producto\/rafting-light-en-el-rio-manso-sin-traslado\/#breadcrumb\",\"itemListElement\":[{\"@type\":\"ListItem\",\"position\":1,\"name\":\"Inicio\",\"item\":\"https:\/\/raftingbariloche.ar\/\"},{\"@type\":\"ListItem\",\"position\":2,\"name\":\"Tienda\",\"item\":\"https:\/\/raftingbariloche.ar\/tienda\/\"},{\"@type\":\"ListItem\",\"position\":3,\"name\":\"Rafting Light en el R\u00edo Manso sin Traslado\"}]},{\"@type\":\"WebSite\",\"@id\":\"https:\/\/raftingbariloche.ar\/#website\",\"url\":\"https:\/\/raftingbariloche.ar\/\",\"name\":\"Rafting Bariloche\",\"description\":\"\",\"potentialAction\":[{\"@type\":\"SearchAction\",\"target\":{\"@type\":\"EntryPoint\",\"urlTemplate\":\"https:\/\/raftingbariloche.ar\/?s={search_term_string}\"},\"query-input\":{\"@type\":\"PropertyValueSpecification\",\"valueRequired\":true,\"valueName\":\"search_term_string\"}}],\"inLanguage\":\"pt-BR\"}]}<\/script>\n<meta property=\"product:price:amount\" content=\"75000.00\" \/>\n<meta property=\"product:price:currency\" content=\"ARS\" \/>\n<meta property=\"og:availability\" content=\"instock\" \/>\n<meta property=\"product:availability\" content=\"instock\" \/>\n<meta property=\"product:retailer_item_id\" content=\"ADV2025RALIENTUFA\" \/>\n<meta property=\"product:condition\" content=\"new\" \/>\n<!-- \/ Yoast SEO Premium plugin. -->","yoast_head_json":{"title":"Rafting Light no Rio Manso sem traslado - Rafting Bariloche","description":"Experimente o rafting no Rio Manso sem traslado de Bariloche. Uma aventura tranquila em meio a paisagens naturais \u00fanicas, ideal para fam\u00edlias.","robots":{"index":"index","follow":"follow","max-snippet":"max-snippet:-1","max-image-preview":"max-image-preview:large","max-video-preview":"max-video-preview:-1"},"canonical":"https:\/\/raftingbariloche.ar\/pt\/produto\/rafting-leve-no-rio-manso-sem-traslado\/","og_locale":"pt_BR","og_type":"article","og_title":"Rafting Light en el R\u00edo Manso sin Traslado","og_description":"Viv\u00ed la experiencia de rafting en el R\u00edo Manso sin traslado desde Bariloche. Una aventura tranquila entre paisajes naturales \u00fanicos, ideal para familias.","og_url":"https:\/\/raftingbariloche.ar\/pt\/produto\/rafting-leve-no-rio-manso-sem-traslado\/","og_site_name":"Rafting Bariloche","article_modified_time":"2026-04-08T19:25:53+00:00","og_image":[{"width":850,"height":1133,"url":"https:\/\/raftingbariloche.ar\/wp-content\/uploads\/sites\/5\/2025\/08\/10-B-las-sonrisas-de-los-tripulante.jpg","type":"image\/jpeg"}],"twitter_card":"summary_large_image","twitter_misc":{"Pre\u00e7o":"&#36;75,000.00","Disponibilidade":"Em Estoque"},"schema":{"@context":"https:\/\/schema.org","@graph":[{"@type":"WebPage","@id":"https:\/\/raftingbariloche.ar\/producto\/rafting-light-en-el-rio-manso-sin-traslado\/","url":"https:\/\/raftingbariloche.ar\/producto\/rafting-light-en-el-rio-manso-sin-traslado\/","name":"Rafting Light no Rio Manso sem traslado - Rafting Bariloche","isPartOf":{"@id":"https:\/\/raftingbariloche.ar\/#website"},"primaryImageOfPage":{"@id":"https:\/\/raftingbariloche.ar\/producto\/rafting-light-en-el-rio-manso-sin-traslado\/#primaryimage"},"image":{"@id":"https:\/\/raftingbariloche.ar\/producto\/rafting-light-en-el-rio-manso-sin-traslado\/#primaryimage"},"thumbnailUrl":"https:\/\/raftingbariloche.ar\/wp-content\/uploads\/sites\/5\/2025\/08\/10-B-las-sonrisas-de-los-tripulante.jpg","datePublished":"2025-08-18T16:58:40+00:00","dateModified":"2026-04-08T19:25:53+00:00","description":"Experimente o rafting no Rio Manso sem traslado de Bariloche. Uma aventura tranquila em meio a paisagens naturais \u00fanicas, ideal para fam\u00edlias.","breadcrumb":{"@id":"https:\/\/raftingbariloche.ar\/producto\/rafting-light-en-el-rio-manso-sin-traslado\/#breadcrumb"},"inLanguage":"pt-BR","potentialAction":[{"@type":"ReadAction","target":["https:\/\/raftingbariloche.ar\/producto\/rafting-light-en-el-rio-manso-sin-traslado\/"]}]},{"@type":"ImageObject","inLanguage":"pt-BR","@id":"https:\/\/raftingbariloche.ar\/producto\/rafting-light-en-el-rio-manso-sin-traslado\/#primaryimage","url":"https:\/\/raftingbariloche.ar\/wp-content\/uploads\/sites\/5\/2025\/08\/10-B-las-sonrisas-de-los-tripulante.jpg","contentUrl":"https:\/\/raftingbariloche.ar\/wp-content\/uploads\/sites\/5\/2025\/08\/10-B-las-sonrisas-de-los-tripulante.jpg","width":850,"height":1133},{"@type":"BreadcrumbList","@id":"https:\/\/raftingbariloche.ar\/producto\/rafting-light-en-el-rio-manso-sin-traslado\/#breadcrumb","itemListElement":[{"@type":"ListItem","position":1,"name":"Inicio","item":"https:\/\/raftingbariloche.ar\/"},{"@type":"ListItem","position":2,"name":"Tienda","item":"https:\/\/raftingbariloche.ar\/tienda\/"},{"@type":"ListItem","position":3,"name":"Rafting Light en el R\u00edo Manso sin Traslado"}]},{"@type":"WebSite","@id":"https:\/\/raftingbariloche.ar\/#website","url":"https:\/\/raftingbariloche.ar\/","name":"Rafting em Bariloche","description":"","potentialAction":[{"@type":"SearchAction","target":{"@type":"EntryPoint","urlTemplate":"https:\/\/raftingbariloche.ar\/?s={search_term_string}"},"query-input":{"@type":"PropertyValueSpecification","valueRequired":true,"valueName":"search_term_string"}}],"inLanguage":"pt-BR"}]},"product_price_amount":"75000.00","product_price_currency":"ARS","og_availability":"instock","product_availability":"instock","product_retailer_item_id":"ADV2025RALIENTUFA","product_condition":"new"},"_links":{"self":[{"href":"https:\/\/raftingbariloche.ar\/pt\/wp-json\/wp\/v2\/product\/377914","targetHints":{"allow":["GET"]}}],"collection":[{"href":"https:\/\/raftingbariloche.ar\/pt\/wp-json\/wp\/v2\/product"}],"about":[{"href":"https:\/\/raftingbariloche.ar\/pt\/wp-json\/wp\/v2\/types\/product"}],"replies":[{"embeddable":true,"href":"https:\/\/raftingbariloche.ar\/pt\/wp-json\/wp\/v2\/comments?post=377914"}],"wp:featuredmedia":[{"embeddable":true,"href":"https:\/\/raftingbariloche.ar\/pt\/wp-json\/wp\/v2\/media\/378046"}],"wp:attachment":[{"href":"https:\/\/raftingbariloche.ar\/pt\/wp-json\/wp\/v2\/media?parent=377914"}],"wp:term":[{"taxonomy":"product_brand","embeddable":true,"href":"https:\/\/raftingbariloche.ar\/pt\/wp-json\/wp\/v2\/product_brand?post=377914"},{"taxonomy":"product_cat","embeddable":true,"href":"https:\/\/raftingbariloche.ar\/pt\/wp-json\/wp\/v2\/product_cat?post=377914"},{"taxonomy":"product_tag","embeddable":true,"href":"https:\/\/raftingbariloche.ar\/pt\/wp-json\/wp\/v2\/product_tag?post=377914"}],"curies":[{"name":"wp","href":"https:\/\/api.w.org\/{rel}","templated":true}]}}