{"id":377911,"date":"2025-08-18T13:57:24","date_gmt":"2025-08-18T16:57:24","guid":{"rendered":"https:\/\/raftingbariloche.ar\/producto\/san-martin-de-los-andes-por-los-7-lagos-naturaleza-miradores-y-postales-unicas-de-la-patagonia\/"},"modified":"2026-04-08T16:26:16","modified_gmt":"2026-04-08T19:26:16","slug":"san-martin-de-los-andes-por-7-lagos","status":"publish","type":"product","link":"https:\/\/raftingbariloche.ar\/pt\/produto\/san-martin-de-los-andes-por-7-lagos\/","title":{"rendered":"San Mart\u00edn de los Andes pelos 7 lagos: natureza, pontos de vista e cart\u00f5es postais \u00fanicos da Patag\u00f4nia"},"content":{"rendered":"<h2 class=\"ai-optimize-21\">Conhe\u00e7a a rota dos sonhos para San Mart\u00edn de los Andes<\/h2>\n<p class=\"ai-optimize-22 ai-optimize-introduction\">Deixe-se levar por uma viagem \u00fanica, come\u00e7ando em Bariloche, e ouse descobrir a encantadora San Martin de los Andes. Essa viagem pela <strong>Rota Nacional 40<\/strong> mergulha voc\u00ea em um cen\u00e1rio cativante: come\u00e7ando na pac\u00edfica <strong>Dina Huapi<\/strong>, cruzando o emblem\u00e1tico rio <strong>Limay<\/strong>, e na majestade do <strong>Parque Nacional Nahuel Huapi<\/strong>.<\/p>\n<h3 class=\"ai-optimize-23\">Um show de paisagens que o deixar\u00e1 deslumbrado<\/h3>\n<p class=\"ai-optimize-24\">Ao longo da viagem, voc\u00ea ficar\u00e1 maravilhado com as deslumbrantes vistas de cart\u00e3o postal da <strong>lagos Espejo, Correntoso, Escondido, Villarino, Falkner, Mach\u00f4nico<\/strong> e o chocante <strong>Lago L\u00e1car<\/strong>, cora\u00e7\u00e3o do <strong>Parque Nacional Lan\u00edn<\/strong>. Cada parada o convida a vivenciar a energia patag\u00f4nica de perto e a levar consigo experi\u00eancias que voc\u00ea vai querer reviver.<\/p>\n<h3 class=\"ai-optimize-25\">A alma de San Mart\u00edn de los Andes<\/h3>\n<p class=\"ai-optimize-26\">Quando voc\u00ea chegar a San Martin de los Andes, uma cidade descolada, emoldurada por montanhas imponentes e lagos transparentes, o aguardar\u00e1. Passeie pelas ruas coloridas, conhe\u00e7a as lojas de artesanato ou sente-se em uma cafeteria com uma x\u00edcara de caf\u00e9. <strong>vista incr\u00edvel<\/strong> em dire\u00e7\u00e3o ao Lago L\u00e1car.<\/p>\n<h3 class=\"ai-optimize-27\">Informa\u00e7\u00f5es sobre a rota<\/h3>\n<ul>\n<li class=\"ai-optimize-28\"><strong>Rota:<\/strong> Passeio guiado com visita a Villa La Angostura e a inesquec\u00edvel Rota dos 7 lagos.<\/li>\n<li class=\"ai-optimize-29\"><strong>Hor\u00e1rio:<\/strong> Das 8:00 \u00e0s 18:30, aproximadamente.<\/li>\n<li class=\"ai-optimize-30\"><strong>Ele inclui:<\/strong> Traslado e guia em espanhol (bil\u00edngue dispon\u00edvel por uma taxa adicional).<\/li>\n<li class=\"ai-optimize-31\"><strong>N\u00e3o inclu\u00eddo:<\/strong> Refei\u00e7\u00f5es (no caminho h\u00e1 lugares para almo\u00e7ar ou fazer um lanche).<\/li>\n<\/ul>\n<p class=\"ai-optimize-32\">N\u00e3o perca a chance de conhecer a Patag\u00f4nia como nunca antes: reserve hoje mesmo e fa\u00e7a dessa viagem um momento que todos v\u00e3o invejar!<\/p>\n<h2 class=\"ai-optimize-33\">Perguntas frequentes<\/h2>\n<ul>\n<li class=\"ai-optimize-34\"><strong>O que acontece se chover ou nevar durante a excurs\u00e3o?<\/strong><br \/>\nO passeio continua com chuva ou neve, pois isso faz parte do clima habitual do sul.<\/li>\n<li class=\"ai-optimize-35\"><strong>A excurs\u00e3o inclui navega\u00e7\u00e3o nos lagos?<\/strong><br \/>\nN\u00e3o, a viagem \u00e9 feita inteiramente por terra em um micro\u00f4nibus, com paradas para tirar fotos e visitar San Mart\u00edn de los Andes e Villa La Angostura.<\/li>\n<li class=\"ai-optimize-36\"><strong>Haver\u00e1 paradas ao longo do caminho?<\/strong><br \/>\nSim, o circuito inclui v\u00e1rias paradas e uma parada principal em San Martin de los Andes para almo\u00e7o e um passeio tranquilo.<\/li>\n<li class=\"ai-optimize-37\"><strong>\u00c9 poss\u00edvel terminar minha viagem em outro destino?<\/strong><br \/>\nSim, voc\u00ea pode encerrar o dia em Villa La Angostura ou San Martin de los Andes, levando sua bagagem com voc\u00ea.<\/li>\n<li class=\"ai-optimize-38\"><strong>\u00c9 poss\u00edvel voltar no dia seguinte?<\/strong><br \/>\nO passeio \u00e9 realizado durante o dia. Se quiser ficar mais tempo, voc\u00ea pode organizar e pagar pela viagem extra de ida e volta por conta pr\u00f3pria.<\/li>\n<\/ul>","protected":false},"excerpt":{"rendered":"<h2 class=\"ai-optimize-6\">Uma aventura inesquec\u00edvel espera por voc\u00ea<\/h2>\n<p class=\"ai-optimize-7\">Deixe-se deslumbrar pelo ambiente natural ao percorrer o <strong>rota dos 7 lagos<\/strong> com destino a San Mart\u00edn de los Andes. Descubra cen\u00e1rios de tirar o f\u00f4lego e visite uma cidade cativante, cercada por paisagens \u00fanicas. Reserve seu lugar e se atreva a viver essa experi\u00eancia irrepet\u00edvel.<\/p>","protected":false},"featured_media":378017,"comment_status":"open","ping_status":"closed","template":"","meta":[],"product_brand":[],"product_cat":[49,53,54,60,64,67,69],"product_tag":[],"class_list":{"0":"post-377911","1":"product","2":"type-product","3":"status-publish","4":"has-post-thumbnail","6":"product_cat-adultos","7":"product_cat-con-traslado","8":"product_cat-familia","9":"product_cat-ninos","10":"product_cat-sin-comida","11":"product_cat-terrestre","12":"product_cat-todo-el-ano","14":"first","15":"instock","16":"virtual","17":"sold-individually","18":"purchasable","19":"product-type-booking"},"booking_location":"","booking_location_type":"","booking_duration":1,"booking_duration_unit":"hour","booking_buffer":0,"booking_cost":0,"booking_resources":[],"exclude_global_add_ons":false,"addons":[{"name":"STD: Passageiros","type":"input_multiplier","position":0,"required":false,"title_format":"label","default":"","description_enable":false,"description":"","placeholder_enable":false,"placeholder":"","display":"select","restrictions_type":"any_text","adjust_price":true,"price":"71400","price_type":"flat_fee","restrictions":false,"min":"0","max":"0","options":[],"id":1773237111}],"yoast_head":"<!-- This site is optimized with the Yoast SEO Premium plugin v25.2 (Yoast SEO v25.2) - https:\/\/yoast.com\/wordpress\/plugins\/seo\/ -->\n<title>San Martin por los 7 Lagos - Rafting Bariloche<\/title>\n<meta name=\"description\" content=\"Excursi\u00f3n a San Mart\u00edn de los Andes por el Camino de los 7 Lagos desde Bariloche. Lagos, monta\u00f1as y miradores en un d\u00eda \u00fanico.\" \/>\n<meta name=\"robots\" content=\"index, follow, max-snippet:-1, max-image-preview:large, max-video-preview:-1\" \/>\n<link rel=\"canonical\" href=\"https:\/\/raftingbariloche.ar\/pt\/produto\/san-martin-de-los-andes-por-7-lagos\/\" \/>\n<meta property=\"og:locale\" content=\"pt_BR\" \/>\n<meta property=\"og:type\" content=\"article\" \/>\n<meta property=\"og:title\" content=\"San Mart\u00edn de los Andes por los 7 Lagos: Naturaleza, Miradores y Postales \u00danicas de la Patagonia\" \/>\n<meta property=\"og:description\" content=\"Excursi\u00f3n a San Mart\u00edn de los Andes por el Camino de los 7 Lagos desde Bariloche. Lagos, monta\u00f1as y miradores en un d\u00eda \u00fanico.\" \/>\n<meta property=\"og:url\" content=\"https:\/\/raftingbariloche.ar\/pt\/produto\/san-martin-de-los-andes-por-7-lagos\/\" \/>\n<meta property=\"og:site_name\" content=\"Rafting Bariloche\" \/>\n<meta property=\"article:modified_time\" content=\"2026-04-08T19:26:16+00:00\" \/>\n<meta property=\"og:image\" content=\"https:\/\/raftingbariloche.ar\/wp-content\/uploads\/sites\/5\/2025\/08\/10-D-IMG_2726.jpg\" \/>\n\t<meta property=\"og:image:width\" content=\"850\" \/>\n\t<meta property=\"og:image:height\" content=\"1133\" \/>\n\t<meta property=\"og:image:type\" content=\"image\/jpeg\" \/>\n<meta name=\"twitter:card\" content=\"summary_large_image\" \/>\n<meta name=\"twitter:label1\" content=\"Pre\u00e7o\" \/>\n\t<meta name=\"twitter:data1\" content=\"&#036;71,400.00\" \/>\n\t<meta name=\"twitter:label2\" content=\"Disponibilidade\" \/>\n\t<meta name=\"twitter:data2\" content=\"Em Estoque\" \/>\n<script type=\"application\/ld+json\" class=\"yoast-schema-graph\">{\"@context\":\"https:\/\/schema.org\",\"@graph\":[{\"@type\":\"WebPage\",\"@id\":\"https:\/\/raftingbariloche.ar\/producto\/san-martin-de-los-andes-por-7-lagos\/\",\"url\":\"https:\/\/raftingbariloche.ar\/producto\/san-martin-de-los-andes-por-7-lagos\/\",\"name\":\"San Martin por los 7 Lagos - Rafting Bariloche\",\"isPartOf\":{\"@id\":\"https:\/\/raftingbariloche.ar\/#website\"},\"primaryImageOfPage\":{\"@id\":\"https:\/\/raftingbariloche.ar\/producto\/san-martin-de-los-andes-por-7-lagos\/#primaryimage\"},\"image\":{\"@id\":\"https:\/\/raftingbariloche.ar\/producto\/san-martin-de-los-andes-por-7-lagos\/#primaryimage\"},\"thumbnailUrl\":\"https:\/\/raftingbariloche.ar\/wp-content\/uploads\/sites\/5\/2025\/08\/10-D-IMG_2726.jpg\",\"datePublished\":\"2025-08-18T16:57:24+00:00\",\"dateModified\":\"2026-04-08T19:26:16+00:00\",\"description\":\"Excursi\u00f3n a San Mart\u00edn de los Andes por el Camino de los 7 Lagos desde Bariloche. Lagos, monta\u00f1as y miradores en un d\u00eda \u00fanico.\",\"breadcrumb\":{\"@id\":\"https:\/\/raftingbariloche.ar\/producto\/san-martin-de-los-andes-por-7-lagos\/#breadcrumb\"},\"inLanguage\":\"pt-BR\",\"potentialAction\":[{\"@type\":\"ReadAction\",\"target\":[\"https:\/\/raftingbariloche.ar\/producto\/san-martin-de-los-andes-por-7-lagos\/\"]}]},{\"@type\":\"ImageObject\",\"inLanguage\":\"pt-BR\",\"@id\":\"https:\/\/raftingbariloche.ar\/producto\/san-martin-de-los-andes-por-7-lagos\/#primaryimage\",\"url\":\"https:\/\/raftingbariloche.ar\/wp-content\/uploads\/sites\/5\/2025\/08\/10-D-IMG_2726.jpg\",\"contentUrl\":\"https:\/\/raftingbariloche.ar\/wp-content\/uploads\/sites\/5\/2025\/08\/10-D-IMG_2726.jpg\",\"width\":850,\"height\":1133},{\"@type\":\"BreadcrumbList\",\"@id\":\"https:\/\/raftingbariloche.ar\/producto\/san-martin-de-los-andes-por-7-lagos\/#breadcrumb\",\"itemListElement\":[{\"@type\":\"ListItem\",\"position\":1,\"name\":\"Inicio\",\"item\":\"https:\/\/raftingbariloche.ar\/\"},{\"@type\":\"ListItem\",\"position\":2,\"name\":\"Tienda\",\"item\":\"https:\/\/raftingbariloche.ar\/tienda\/\"},{\"@type\":\"ListItem\",\"position\":3,\"name\":\"San Mart\u00edn de los Andes por los 7 Lagos: Naturaleza, Miradores y Postales \u00danicas de la Patagonia\"}]},{\"@type\":\"WebSite\",\"@id\":\"https:\/\/raftingbariloche.ar\/#website\",\"url\":\"https:\/\/raftingbariloche.ar\/\",\"name\":\"Rafting Bariloche\",\"description\":\"\",\"potentialAction\":[{\"@type\":\"SearchAction\",\"target\":{\"@type\":\"EntryPoint\",\"urlTemplate\":\"https:\/\/raftingbariloche.ar\/?s={search_term_string}\"},\"query-input\":{\"@type\":\"PropertyValueSpecification\",\"valueRequired\":true,\"valueName\":\"search_term_string\"}}],\"inLanguage\":\"pt-BR\"}]}<\/script>\n<meta property=\"product:price:amount\" content=\"71400.00\" \/>\n<meta property=\"product:price:currency\" content=\"ARS\" \/>\n<meta property=\"og:availability\" content=\"instock\" \/>\n<meta property=\"product:availability\" content=\"instock\" \/>\n<meta property=\"product:retailer_item_id\" content=\"ADV2025SAMADEQ219\" \/>\n<meta property=\"product:condition\" content=\"new\" \/>\n<!-- \/ Yoast SEO Premium plugin. -->","yoast_head_json":{"title":"San Mart\u00edn pelos 7 lagos - Rafting Bariloche","description":"Excurs\u00e3o a San Martin de los Andes pela Estrada dos 7 Lagos saindo de Bariloche. Lagos, montanhas e pontos de vista em um dia \u00fanico.","robots":{"index":"index","follow":"follow","max-snippet":"max-snippet:-1","max-image-preview":"max-image-preview:large","max-video-preview":"max-video-preview:-1"},"canonical":"https:\/\/raftingbariloche.ar\/pt\/produto\/san-martin-de-los-andes-por-7-lagos\/","og_locale":"pt_BR","og_type":"article","og_title":"San Mart\u00edn de los Andes por los 7 Lagos: Naturaleza, Miradores y Postales \u00danicas de la Patagonia","og_description":"Excursi\u00f3n a San Mart\u00edn de los Andes por el Camino de los 7 Lagos desde Bariloche. Lagos, monta\u00f1as y miradores en un d\u00eda \u00fanico.","og_url":"https:\/\/raftingbariloche.ar\/pt\/produto\/san-martin-de-los-andes-por-7-lagos\/","og_site_name":"Rafting Bariloche","article_modified_time":"2026-04-08T19:26:16+00:00","og_image":[{"width":850,"height":1133,"url":"https:\/\/raftingbariloche.ar\/wp-content\/uploads\/sites\/5\/2025\/08\/10-D-IMG_2726.jpg","type":"image\/jpeg"}],"twitter_card":"summary_large_image","twitter_misc":{"Pre\u00e7o":"&#36;71,400.00","Disponibilidade":"Em Estoque"},"schema":{"@context":"https:\/\/schema.org","@graph":[{"@type":"WebPage","@id":"https:\/\/raftingbariloche.ar\/producto\/san-martin-de-los-andes-por-7-lagos\/","url":"https:\/\/raftingbariloche.ar\/producto\/san-martin-de-los-andes-por-7-lagos\/","name":"San Mart\u00edn pelos 7 lagos - Rafting Bariloche","isPartOf":{"@id":"https:\/\/raftingbariloche.ar\/#website"},"primaryImageOfPage":{"@id":"https:\/\/raftingbariloche.ar\/producto\/san-martin-de-los-andes-por-7-lagos\/#primaryimage"},"image":{"@id":"https:\/\/raftingbariloche.ar\/producto\/san-martin-de-los-andes-por-7-lagos\/#primaryimage"},"thumbnailUrl":"https:\/\/raftingbariloche.ar\/wp-content\/uploads\/sites\/5\/2025\/08\/10-D-IMG_2726.jpg","datePublished":"2025-08-18T16:57:24+00:00","dateModified":"2026-04-08T19:26:16+00:00","description":"Excurs\u00e3o a San Martin de los Andes pela Estrada dos 7 Lagos saindo de Bariloche. Lagos, montanhas e pontos de vista em um dia \u00fanico.","breadcrumb":{"@id":"https:\/\/raftingbariloche.ar\/producto\/san-martin-de-los-andes-por-7-lagos\/#breadcrumb"},"inLanguage":"pt-BR","potentialAction":[{"@type":"ReadAction","target":["https:\/\/raftingbariloche.ar\/producto\/san-martin-de-los-andes-por-7-lagos\/"]}]},{"@type":"ImageObject","inLanguage":"pt-BR","@id":"https:\/\/raftingbariloche.ar\/producto\/san-martin-de-los-andes-por-7-lagos\/#primaryimage","url":"https:\/\/raftingbariloche.ar\/wp-content\/uploads\/sites\/5\/2025\/08\/10-D-IMG_2726.jpg","contentUrl":"https:\/\/raftingbariloche.ar\/wp-content\/uploads\/sites\/5\/2025\/08\/10-D-IMG_2726.jpg","width":850,"height":1133},{"@type":"BreadcrumbList","@id":"https:\/\/raftingbariloche.ar\/producto\/san-martin-de-los-andes-por-7-lagos\/#breadcrumb","itemListElement":[{"@type":"ListItem","position":1,"name":"Inicio","item":"https:\/\/raftingbariloche.ar\/"},{"@type":"ListItem","position":2,"name":"Tienda","item":"https:\/\/raftingbariloche.ar\/tienda\/"},{"@type":"ListItem","position":3,"name":"San Mart\u00edn de los Andes por los 7 Lagos: Naturaleza, Miradores y Postales \u00danicas de la Patagonia"}]},{"@type":"WebSite","@id":"https:\/\/raftingbariloche.ar\/#website","url":"https:\/\/raftingbariloche.ar\/","name":"Rafting em Bariloche","description":"","potentialAction":[{"@type":"SearchAction","target":{"@type":"EntryPoint","urlTemplate":"https:\/\/raftingbariloche.ar\/?s={search_term_string}"},"query-input":{"@type":"PropertyValueSpecification","valueRequired":true,"valueName":"search_term_string"}}],"inLanguage":"pt-BR"}]},"product_price_amount":"71400.00","product_price_currency":"ARS","og_availability":"instock","product_availability":"instock","product_retailer_item_id":"ADV2025SAMADEQ219","product_condition":"new"},"_links":{"self":[{"href":"https:\/\/raftingbariloche.ar\/pt\/wp-json\/wp\/v2\/product\/377911","targetHints":{"allow":["GET"]}}],"collection":[{"href":"https:\/\/raftingbariloche.ar\/pt\/wp-json\/wp\/v2\/product"}],"about":[{"href":"https:\/\/raftingbariloche.ar\/pt\/wp-json\/wp\/v2\/types\/product"}],"replies":[{"embeddable":true,"href":"https:\/\/raftingbariloche.ar\/pt\/wp-json\/wp\/v2\/comments?post=377911"}],"wp:featuredmedia":[{"embeddable":true,"href":"https:\/\/raftingbariloche.ar\/pt\/wp-json\/wp\/v2\/media\/378017"}],"wp:attachment":[{"href":"https:\/\/raftingbariloche.ar\/pt\/wp-json\/wp\/v2\/media?parent=377911"}],"wp:term":[{"taxonomy":"product_brand","embeddable":true,"href":"https:\/\/raftingbariloche.ar\/pt\/wp-json\/wp\/v2\/product_brand?post=377911"},{"taxonomy":"product_cat","embeddable":true,"href":"https:\/\/raftingbariloche.ar\/pt\/wp-json\/wp\/v2\/product_cat?post=377911"},{"taxonomy":"product_tag","embeddable":true,"href":"https:\/\/raftingbariloche.ar\/pt\/wp-json\/wp\/v2\/product_tag?post=377911"}],"curies":[{"name":"wp","href":"https:\/\/api.w.org\/{rel}","templated":true}]}}