{"id":377910,"date":"2025-08-18T13:56:57","date_gmt":"2025-08-18T16:56:57","guid":{"rendered":"https:\/\/raftingbariloche.ar\/producto\/cerro-tronador-y-ventisquero-negro-exploracion-total-en-el-corazon-de-la-patagonia\/"},"modified":"2026-04-08T16:26:16","modified_gmt":"2026-04-08T19:26:16","slug":"cerro-tronador-y-ventisquero-negro","status":"publish","type":"product","link":"https:\/\/raftingbariloche.ar\/pt\/produto\/cerro-tronador-e-ventisquero-negro\/","title":{"rendered":"Cerro Tronador e Ventisquero Negro: explora\u00e7\u00e3o completa no cora\u00e7\u00e3o da Patag\u00f4nia"},"content":{"rendered":"<h3 class=\"ai-optimize-6\" data-start=\"470\" data-end=\"552\"><strong data-start=\"474\" data-end=\"552\">Venha explorar uma paisagem \u00fanica nos Andes Patag\u00f4nicos.<\/strong><\/h3>\n<p class=\"ai-optimize-7 ai-optimize-introduction\" data-start=\"554\" data-end=\"888\">Esse passeio lhe oferece a chance de mergulhar em um dos lugares mais incr\u00edveis do Parque Nacional Nahuel Huapi. O <strong data-start=\"666\" data-end=\"684\">Serra do Tronador<\/strong>, A Patag\u00f4nia, famosa por suas geleiras ativas e neve perp\u00e9tua, simboliza a aventura na Patag\u00f4nia Argentina e \u00e9 o plano ideal para quem procura paisagens de tirar o f\u00f4lego e momentos inesquec\u00edveis ao ar livre.<\/p>\n<p class=\"ai-optimize-8\" data-start=\"890\" data-end=\"1248\">O passeio come\u00e7a em pontos de Bariloche (entre o centro e o km 8 da Av. Bustillo ou Av. Pioneros), seguindo uma rota c\u00eanica pr\u00f3xima aos lagos Gutierrez e Mascardi. Ao longo do caminho, h\u00e1 algumas paradas imperd\u00edveis para fotos em lugares como <strong data-start=\"1147\" data-end=\"1162\">Praia Negra<\/strong> e o <strong data-start=\"1168\" data-end=\"1198\">Mirante da Ilha do Cora\u00e7\u00e3o<\/strong>, e uma pausa no acampamento Los R\u00e1pidos.<\/p>\n<p class=\"ai-optimize-9\" data-start=\"1250\" data-end=\"1591\">A experi\u00eancia progride para o <strong data-start=\"1287\" data-end=\"1308\">Neve Negra<\/strong>, uma geleira que desce do cume do Tronador. De l\u00e1, voc\u00ea se surpreender\u00e1 com os contrastes de gelo escuro e neve sobre a cadeia de montanhas. Em <strong data-start=\"1490\" data-end=\"1505\">Pampa Linda<\/strong>, Voc\u00ea ter\u00e1 tempo livre para saborear pratos nos paradores e relaxar em meio \u00e0 natureza pura.<\/p>\n<p class=\"ai-optimize-10\" data-start=\"1593\" data-end=\"1835\">A excurs\u00e3o vai das 9:00 \u00e0s 18:30 aproximadamente e inclui traslados, guia que fala espanhol e paradas selecionadas para que voc\u00ea possa vivenciar ao m\u00e1ximo esse tesouro natural. Lembre-se: o almo\u00e7o e o acesso ao Parque Nacional n\u00e3o est\u00e3o inclu\u00eddos no pre\u00e7o.<\/p>\n<h3 class=\"ai-optimize-11\" data-start=\"1842\" data-end=\"1870\"><strong data-start=\"1846\" data-end=\"1870\">Perguntas frequentes<\/strong><\/h3>\n<p class=\"ai-optimize-12\" data-start=\"1872\" data-end=\"2010\"><strong data-start=\"1872\" data-end=\"1908\">Voc\u00ea precisa estar fisicamente apto?<\/strong><br data-start=\"1908\" data-end=\"1911\" \/>Isso n\u00e3o \u00e9 necess\u00e1rio. O passeio \u00e9 feito de ve\u00edculo e h\u00e1 apenas pequenas caminhadas para apreciar os pontos de vista. Ideal para todas as idades.<\/p>\n<p class=\"ai-optimize-13\" data-start=\"2012\" data-end=\"2124\"><strong data-start=\"2012\" data-end=\"2038\">Onde voc\u00ea almo\u00e7a?<\/strong><br data-start=\"2038\" data-end=\"2041\" \/>Em Pampa Linda, voc\u00ea encontrar\u00e1 paradores com op\u00e7\u00f5es de comidas e bebidas regionais, perfeitos para experimentar os sabores locais.<\/p>\n<p class=\"ai-optimize-14\" data-start=\"2126\" data-end=\"2290\"><strong data-start=\"2126\" data-end=\"2160\">O que eu preciso levar?<\/strong><br data-start=\"2160\" data-end=\"2163\" \/>Traga roupas confort\u00e1veis, agasalhos, bons cal\u00e7ados para caminhada, protetor solar, \u00e1gua e algum dinheiro para acesso e refei\u00e7\u00f5es.<\/p>\n<p class=\"ai-optimize-15\" data-start=\"2292\" data-end=\"2476\"><strong data-start=\"2292\" data-end=\"2322\">O que a excurs\u00e3o cobre?<\/strong><br data-start=\"2322\" data-end=\"2325\" \/>Inclui traslado dos pontos de encontro, acompanhamento de guia e o itiner\u00e1rio completo. N\u00e3o inclui almo\u00e7o ou entrada no Parque Nacional Nahuel Huapi.<\/p>","protected":false},"excerpt":{"rendered":"<p class=\"ai-optimize-6\">Viva uma experi\u00eancia \u00fanica explorando o Parque Nacional Nahuel Huapi, admirando a beleza imponente do Cerro Tronador e a incr\u00edvel Geleira Ventisquero Negro. Uma combina\u00e7\u00e3o ideal de paisagens naturais, aventura e conforto.<\/p>","protected":false},"featured_media":378013,"comment_status":"open","ping_status":"closed","template":"","meta":[],"product_brand":[],"product_cat":[49,53,54,60,64,67,69],"product_tag":[],"class_list":{"0":"post-377910","1":"product","2":"type-product","3":"status-publish","4":"has-post-thumbnail","6":"product_cat-adultos","7":"product_cat-con-traslado","8":"product_cat-familia","9":"product_cat-ninos","10":"product_cat-sin-comida","11":"product_cat-terrestre","12":"product_cat-todo-el-ano","14":"first","15":"instock","16":"virtual","17":"sold-individually","18":"purchasable","19":"product-type-booking"},"booking_location":"","booking_location_type":"","booking_duration":1,"booking_duration_unit":"hour","booking_buffer":0,"booking_cost":0,"booking_resources":[],"exclude_global_add_ons":false,"addons":[{"name":"STD: Passageiros","type":"input_multiplier","position":0,"required":false,"title_format":"label","default":"","description_enable":false,"description":"","placeholder_enable":false,"placeholder":"","display":"select","restrictions_type":"any_text","adjust_price":true,"price":"59400","price_type":"quantity_based","restrictions":false,"min":"0","max":"0","options":[],"id":1773237140}],"yoast_head":"<!-- This site is optimized with the Yoast SEO Premium plugin v25.2 (Yoast SEO v25.2) - https:\/\/yoast.com\/wordpress\/plugins\/seo\/ -->\n<title>Cerro Tronador y Ventisquero Negro - Rafting Bariloche<\/title>\n<meta name=\"description\" content=\"Excursi\u00f3n al Cerro Tronador y Ventisquero Negro desde Bariloche. Glaciares, monta\u00f1as y naturaleza patag\u00f3nica en un d\u00eda completo.\" \/>\n<meta name=\"robots\" content=\"index, follow, max-snippet:-1, max-image-preview:large, max-video-preview:-1\" \/>\n<link rel=\"canonical\" href=\"https:\/\/raftingbariloche.ar\/pt\/produto\/cerro-tronador-e-ventisquero-negro\/\" \/>\n<meta property=\"og:locale\" content=\"pt_BR\" \/>\n<meta property=\"og:type\" content=\"article\" \/>\n<meta property=\"og:title\" content=\"Cerro Tronador y Ventisquero Negro: exploraci\u00f3n total en el coraz\u00f3n de la Patagonia\" \/>\n<meta property=\"og:description\" content=\"Excursi\u00f3n al Cerro Tronador y Ventisquero Negro desde Bariloche. Glaciares, monta\u00f1as y naturaleza patag\u00f3nica en un d\u00eda completo.\" \/>\n<meta property=\"og:url\" content=\"https:\/\/raftingbariloche.ar\/pt\/produto\/cerro-tronador-e-ventisquero-negro\/\" \/>\n<meta property=\"og:site_name\" content=\"Rafting Bariloche\" \/>\n<meta property=\"article:modified_time\" content=\"2026-04-08T19:26:16+00:00\" \/>\n<meta property=\"og:image\" content=\"https:\/\/raftingbariloche.ar\/wp-content\/uploads\/sites\/5\/2025\/08\/10-D-IMG_9104.jpg\" \/>\n\t<meta property=\"og:image:width\" content=\"850\" \/>\n\t<meta property=\"og:image:height\" content=\"1133\" \/>\n\t<meta property=\"og:image:type\" content=\"image\/jpeg\" \/>\n<meta name=\"twitter:card\" content=\"summary_large_image\" \/>\n<meta name=\"twitter:label1\" content=\"Pre\u00e7o\" \/>\n\t<meta name=\"twitter:data1\" content=\"&#036;59,400.00\" \/>\n\t<meta name=\"twitter:label2\" content=\"Disponibilidade\" \/>\n\t<meta name=\"twitter:data2\" content=\"Em Estoque\" \/>\n<script type=\"application\/ld+json\" class=\"yoast-schema-graph\">{\"@context\":\"https:\/\/schema.org\",\"@graph\":[{\"@type\":\"WebPage\",\"@id\":\"https:\/\/raftingbariloche.ar\/producto\/cerro-tronador-y-ventisquero-negro\/\",\"url\":\"https:\/\/raftingbariloche.ar\/producto\/cerro-tronador-y-ventisquero-negro\/\",\"name\":\"Cerro Tronador y Ventisquero Negro - Rafting Bariloche\",\"isPartOf\":{\"@id\":\"https:\/\/raftingbariloche.ar\/#website\"},\"primaryImageOfPage\":{\"@id\":\"https:\/\/raftingbariloche.ar\/producto\/cerro-tronador-y-ventisquero-negro\/#primaryimage\"},\"image\":{\"@id\":\"https:\/\/raftingbariloche.ar\/producto\/cerro-tronador-y-ventisquero-negro\/#primaryimage\"},\"thumbnailUrl\":\"https:\/\/raftingbariloche.ar\/wp-content\/uploads\/sites\/5\/2025\/08\/10-D-IMG_9104.jpg\",\"datePublished\":\"2025-08-18T16:56:57+00:00\",\"dateModified\":\"2026-04-08T19:26:16+00:00\",\"description\":\"Excursi\u00f3n al Cerro Tronador y Ventisquero Negro desde Bariloche. Glaciares, monta\u00f1as y naturaleza patag\u00f3nica en un d\u00eda completo.\",\"breadcrumb\":{\"@id\":\"https:\/\/raftingbariloche.ar\/producto\/cerro-tronador-y-ventisquero-negro\/#breadcrumb\"},\"inLanguage\":\"pt-BR\",\"potentialAction\":[{\"@type\":\"ReadAction\",\"target\":[\"https:\/\/raftingbariloche.ar\/producto\/cerro-tronador-y-ventisquero-negro\/\"]}]},{\"@type\":\"ImageObject\",\"inLanguage\":\"pt-BR\",\"@id\":\"https:\/\/raftingbariloche.ar\/producto\/cerro-tronador-y-ventisquero-negro\/#primaryimage\",\"url\":\"https:\/\/raftingbariloche.ar\/wp-content\/uploads\/sites\/5\/2025\/08\/10-D-IMG_9104.jpg\",\"contentUrl\":\"https:\/\/raftingbariloche.ar\/wp-content\/uploads\/sites\/5\/2025\/08\/10-D-IMG_9104.jpg\",\"width\":850,\"height\":1133},{\"@type\":\"BreadcrumbList\",\"@id\":\"https:\/\/raftingbariloche.ar\/producto\/cerro-tronador-y-ventisquero-negro\/#breadcrumb\",\"itemListElement\":[{\"@type\":\"ListItem\",\"position\":1,\"name\":\"Inicio\",\"item\":\"https:\/\/raftingbariloche.ar\/\"},{\"@type\":\"ListItem\",\"position\":2,\"name\":\"Tienda\",\"item\":\"https:\/\/raftingbariloche.ar\/tienda\/\"},{\"@type\":\"ListItem\",\"position\":3,\"name\":\"Cerro Tronador y Ventisquero Negro: exploraci\u00f3n total en el coraz\u00f3n de la Patagonia\"}]},{\"@type\":\"WebSite\",\"@id\":\"https:\/\/raftingbariloche.ar\/#website\",\"url\":\"https:\/\/raftingbariloche.ar\/\",\"name\":\"Rafting Bariloche\",\"description\":\"\",\"potentialAction\":[{\"@type\":\"SearchAction\",\"target\":{\"@type\":\"EntryPoint\",\"urlTemplate\":\"https:\/\/raftingbariloche.ar\/?s={search_term_string}\"},\"query-input\":{\"@type\":\"PropertyValueSpecification\",\"valueRequired\":true,\"valueName\":\"search_term_string\"}}],\"inLanguage\":\"pt-BR\"}]}<\/script>\n<meta property=\"product:price:amount\" content=\"59400.00\" \/>\n<meta property=\"product:price:currency\" content=\"ARS\" \/>\n<meta property=\"og:availability\" content=\"instock\" \/>\n<meta property=\"product:availability\" content=\"instock\" \/>\n<meta property=\"product:retailer_item_id\" content=\"ADV2025CETRYVHMNO\" \/>\n<meta property=\"product:condition\" content=\"new\" \/>\n<!-- \/ Yoast SEO Premium plugin. -->","yoast_head_json":{"title":"Cerro Tronador e Ventisquero Negro - Rafting Bariloche","description":"Excurs\u00e3o ao Cerro Tronador e Ventisquero Negro saindo de Bariloche. Geleiras, montanhas e natureza patag\u00f4nica em um dia inteiro.","robots":{"index":"index","follow":"follow","max-snippet":"max-snippet:-1","max-image-preview":"max-image-preview:large","max-video-preview":"max-video-preview:-1"},"canonical":"https:\/\/raftingbariloche.ar\/pt\/produto\/cerro-tronador-e-ventisquero-negro\/","og_locale":"pt_BR","og_type":"article","og_title":"Cerro Tronador y Ventisquero Negro: exploraci\u00f3n total en el coraz\u00f3n de la Patagonia","og_description":"Excursi\u00f3n al Cerro Tronador y Ventisquero Negro desde Bariloche. Glaciares, monta\u00f1as y naturaleza patag\u00f3nica en un d\u00eda completo.","og_url":"https:\/\/raftingbariloche.ar\/pt\/produto\/cerro-tronador-e-ventisquero-negro\/","og_site_name":"Rafting Bariloche","article_modified_time":"2026-04-08T19:26:16+00:00","og_image":[{"width":850,"height":1133,"url":"https:\/\/raftingbariloche.ar\/wp-content\/uploads\/sites\/5\/2025\/08\/10-D-IMG_9104.jpg","type":"image\/jpeg"}],"twitter_card":"summary_large_image","twitter_misc":{"Pre\u00e7o":"&#36;59,400.00","Disponibilidade":"Em Estoque"},"schema":{"@context":"https:\/\/schema.org","@graph":[{"@type":"WebPage","@id":"https:\/\/raftingbariloche.ar\/producto\/cerro-tronador-y-ventisquero-negro\/","url":"https:\/\/raftingbariloche.ar\/producto\/cerro-tronador-y-ventisquero-negro\/","name":"Cerro Tronador e Ventisquero Negro - Rafting Bariloche","isPartOf":{"@id":"https:\/\/raftingbariloche.ar\/#website"},"primaryImageOfPage":{"@id":"https:\/\/raftingbariloche.ar\/producto\/cerro-tronador-y-ventisquero-negro\/#primaryimage"},"image":{"@id":"https:\/\/raftingbariloche.ar\/producto\/cerro-tronador-y-ventisquero-negro\/#primaryimage"},"thumbnailUrl":"https:\/\/raftingbariloche.ar\/wp-content\/uploads\/sites\/5\/2025\/08\/10-D-IMG_9104.jpg","datePublished":"2025-08-18T16:56:57+00:00","dateModified":"2026-04-08T19:26:16+00:00","description":"Excurs\u00e3o ao Cerro Tronador e Ventisquero Negro saindo de Bariloche. Geleiras, montanhas e natureza patag\u00f4nica em um dia inteiro.","breadcrumb":{"@id":"https:\/\/raftingbariloche.ar\/producto\/cerro-tronador-y-ventisquero-negro\/#breadcrumb"},"inLanguage":"pt-BR","potentialAction":[{"@type":"ReadAction","target":["https:\/\/raftingbariloche.ar\/producto\/cerro-tronador-y-ventisquero-negro\/"]}]},{"@type":"ImageObject","inLanguage":"pt-BR","@id":"https:\/\/raftingbariloche.ar\/producto\/cerro-tronador-y-ventisquero-negro\/#primaryimage","url":"https:\/\/raftingbariloche.ar\/wp-content\/uploads\/sites\/5\/2025\/08\/10-D-IMG_9104.jpg","contentUrl":"https:\/\/raftingbariloche.ar\/wp-content\/uploads\/sites\/5\/2025\/08\/10-D-IMG_9104.jpg","width":850,"height":1133},{"@type":"BreadcrumbList","@id":"https:\/\/raftingbariloche.ar\/producto\/cerro-tronador-y-ventisquero-negro\/#breadcrumb","itemListElement":[{"@type":"ListItem","position":1,"name":"Inicio","item":"https:\/\/raftingbariloche.ar\/"},{"@type":"ListItem","position":2,"name":"Tienda","item":"https:\/\/raftingbariloche.ar\/tienda\/"},{"@type":"ListItem","position":3,"name":"Cerro Tronador y Ventisquero Negro: exploraci\u00f3n total en el coraz\u00f3n de la Patagonia"}]},{"@type":"WebSite","@id":"https:\/\/raftingbariloche.ar\/#website","url":"https:\/\/raftingbariloche.ar\/","name":"Rafting em Bariloche","description":"","potentialAction":[{"@type":"SearchAction","target":{"@type":"EntryPoint","urlTemplate":"https:\/\/raftingbariloche.ar\/?s={search_term_string}"},"query-input":{"@type":"PropertyValueSpecification","valueRequired":true,"valueName":"search_term_string"}}],"inLanguage":"pt-BR"}]},"product_price_amount":"59400.00","product_price_currency":"ARS","og_availability":"instock","product_availability":"instock","product_retailer_item_id":"ADV2025CETRYVHMNO","product_condition":"new"},"_links":{"self":[{"href":"https:\/\/raftingbariloche.ar\/pt\/wp-json\/wp\/v2\/product\/377910","targetHints":{"allow":["GET"]}}],"collection":[{"href":"https:\/\/raftingbariloche.ar\/pt\/wp-json\/wp\/v2\/product"}],"about":[{"href":"https:\/\/raftingbariloche.ar\/pt\/wp-json\/wp\/v2\/types\/product"}],"replies":[{"embeddable":true,"href":"https:\/\/raftingbariloche.ar\/pt\/wp-json\/wp\/v2\/comments?post=377910"}],"wp:featuredmedia":[{"embeddable":true,"href":"https:\/\/raftingbariloche.ar\/pt\/wp-json\/wp\/v2\/media\/378013"}],"wp:attachment":[{"href":"https:\/\/raftingbariloche.ar\/pt\/wp-json\/wp\/v2\/media?parent=377910"}],"wp:term":[{"taxonomy":"product_brand","embeddable":true,"href":"https:\/\/raftingbariloche.ar\/pt\/wp-json\/wp\/v2\/product_brand?post=377910"},{"taxonomy":"product_cat","embeddable":true,"href":"https:\/\/raftingbariloche.ar\/pt\/wp-json\/wp\/v2\/product_cat?post=377910"},{"taxonomy":"product_tag","embeddable":true,"href":"https:\/\/raftingbariloche.ar\/pt\/wp-json\/wp\/v2\/product_tag?post=377910"}],"curies":[{"name":"wp","href":"https:\/\/api.w.org\/{rel}","templated":true}]}}