{"id":377909,"date":"2025-08-18T13:56:34","date_gmt":"2025-08-18T16:56:34","guid":{"rendered":"https:\/\/raftingbariloche.ar\/producto\/el-bolson-y-lago-puelo-ruta-escenica-cultura-artesanal-y-naturaleza-viva\/"},"modified":"2026-04-08T16:25:52","modified_gmt":"2026-04-08T19:25:52","slug":"bolson-y-lago-puelo","status":"publish","type":"product","link":"https:\/\/raftingbariloche.ar\/pt\/produto\/bolson-e-lago-puelo\/","title":{"rendered":"El Bols\u00f3n e Lago Puelo: rota c\u00eanica, cultura artesanal e natureza viva"},"content":{"rendered":"<h2 class=\"ai-optimize-6\">Descubra a magia de Bols\u00f3n e do Lago Puelo<\/h2>\n<p class=\"ai-optimize-7 ai-optimize-introduction\">Deixe-se levar por uma aventura irrepet\u00edvel partindo da pitoresca San Carlos de Bariloche, o cora\u00e7\u00e3o pulsante da Patag\u00f4nia argentina. Percorrendo a famosa Rota Nacional 40, voc\u00ea se surpreender\u00e1 com paisagens de sonho, desde os lagos Guti\u00e9rrez, Mascardi e Guillelmo, at\u00e9 cen\u00e1rios que parecem sa\u00eddos de um cart\u00e3o postal. Cada se\u00e7\u00e3o \u00e9 uma jornada sensorial para se conectar com a natureza da regi\u00e3o e n\u00e3o perder nenhum momento para guardar novas lembran\u00e7as.<\/p>\n<h3 class=\"ai-optimize-8\" data-start=\"section2\" data-end=\"section2\">El Bols\u00f3n: tradi\u00e7\u00e3o viva e paisagens \u00fanicas<\/h3>\n<p class=\"ai-optimize-9\"><strong>El Bols\u00f3n<\/strong> se distingue por um microclima ideal que permite a colheita de frutas finas e l\u00fapulo, os protagonistas da regi\u00e3o. Descubra o famoso <strong>Feira de artesanato<\/strong>, onde a criatividade \u00e9 expressa em cada barraca. D\u00ea uma volta e observe os mestres trabalhando com madeira, tecidos originais e cer\u00e2mica: uma oportunidade de levar algo aut\u00eantico e especial.<\/p>\n<h3 class=\"ai-optimize-10\" data-start=\"section3\" data-end=\"section3\">Parque Nacional Lago Puelo: puro encantamento<\/h3>\n<p class=\"ai-optimize-11\">No <strong>Parque Nacional Lago Puelo<\/strong>, Seus sentidos apreciar\u00e3o as \u00e1guas verdes cristalinas e os imponentes panoramas. A apenas 26 quil\u00f4metros de El Bols\u00f3n, esse canto \u00e9 a liga\u00e7\u00e3o natural entre R\u00edo Negro e Chubut. O toque final \u00e9 voltar a Bariloche com o p\u00f4r do sol sobre as montanhas: uma cena perfeita que voc\u00ea vai querer reviver v\u00e1rias vezes.<\/p>\n<h2 class=\"ai-optimize-12\">Detalhes da excurs\u00e3o<\/h2>\n<ul>\n<li class=\"ai-optimize-13\"><strong>Rota:<\/strong> Passeio terrestre pelo Parque Nacional Nahuel Huapi, com paradas em El Bols\u00f3n e Lago Puelo.<\/li>\n<li class=\"ai-optimize-14\"><strong>Dura\u00e7\u00e3o:<\/strong> Partida entre 8:30 e retorno previsto para 18:30 hs.<\/li>\n<li class=\"ai-optimize-15\"><strong>Ele inclui:<\/strong> Traslado de ida e volta, guia experiente (op\u00e7\u00e3o de guia que fala ingl\u00eas ou bil\u00edngue com custo adicional).<\/li>\n<li class=\"ai-optimize-16\"><strong>N\u00e3o inclu\u00eddo:<\/strong> Almo\u00e7o ou lanches durante o dia e taxas de entrada para os parques nacionais.<\/li>\n<\/ul>\n<h2 class=\"ai-optimize-17\">Perguntas frequentes (FAQ)<\/h2>\n<h3 class=\"ai-optimize-18\" data-start=\"faq1\" data-end=\"faq1\">A caminhada continua em caso de chuva ou neve?<\/h3>\n<p class=\"ai-optimize-19\">\u00c9 claro que o passeio acontece em qualquer clima. Lembre-se de que o clima na Patag\u00f4nia pode mudar repentinamente, portanto, traga roupas confort\u00e1veis para n\u00e3o ter que se preocupar e se concentrar em se divertir.<\/p>\n<h3 class=\"ai-optimize-20\" data-start=\"faq2\" data-end=\"faq2\">Qual \u00e9 o custo para entrar no parque nacional?<\/h3>\n<p class=\"ai-optimize-21\">A taxa de entrada para o Parque Nacional Lago Puelo \u00e9 paga separadamente, diretamente na bilheteria. Junte-se a n\u00f3s sem se preocupar com formalidades pr\u00e9vias: pense apenas em aproveitar ao m\u00e1ximo cada momento.<\/p>","protected":false},"excerpt":{"rendered":"<p class=\"ai-optimize-6\">Experimente uma viagem inesquec\u00edvel de Bariloche at\u00e9 o fascinante Bols\u00f3n e o Lago Puelo. Desfrute de vistas de tirar o f\u00f4lego, produtos artesanais t\u00edpicos e a atmosfera \u00fanica da Patag\u00f4nia durante essa proposta exclusiva.<\/p>","protected":false},"featured_media":378007,"comment_status":"open","ping_status":"closed","template":"","meta":[],"product_brand":[],"product_cat":[49,53,54,57,60,64,67,69],"product_tag":[],"class_list":{"0":"post-377909","1":"product","2":"type-product","3":"status-publish","4":"has-post-thumbnail","6":"product_cat-adultos","7":"product_cat-con-traslado","8":"product_cat-familia","9":"product_cat-jubilados","10":"product_cat-ninos","11":"product_cat-sin-comida","12":"product_cat-terrestre","13":"product_cat-todo-el-ano","15":"first","16":"instock","17":"virtual","18":"sold-individually","19":"purchasable","20":"product-type-booking"},"booking_location":"","booking_location_type":"","booking_duration":1,"booking_duration_unit":"hour","booking_buffer":0,"booking_cost":0,"booking_resources":[],"exclude_global_add_ons":false,"addons":[{"name":"STD: Passageiros","type":"input_multiplier","position":0,"required":false,"title_format":"label","default":"","description_enable":false,"description":"","placeholder_enable":false,"placeholder":"","display":"select","restrictions_type":"any_text","adjust_price":true,"price":"59400","price_type":"flat_fee","restrictions":false,"min":"0","max":"0","options":[],"id":1773237174}],"yoast_head":"<!-- This site is optimized with the Yoast SEO Premium plugin v25.2 (Yoast SEO v25.2) - https:\/\/yoast.com\/wordpress\/plugins\/seo\/ -->\n<title>El Bols\u00f3n y Lago Puelo - Rafting Bariloche<\/title>\n<meta name=\"description\" content=\"Excursi\u00f3n a El Bols\u00f3n y Lago Puelo desde Bariloche. Ruta esc\u00e9nica, ferias artesanales y paisajes naturales de la Patagonia.\" \/>\n<meta name=\"robots\" content=\"index, follow, max-snippet:-1, max-image-preview:large, max-video-preview:-1\" \/>\n<link rel=\"canonical\" href=\"https:\/\/raftingbariloche.ar\/pt\/produto\/bolson-e-lago-puelo\/\" \/>\n<meta property=\"og:locale\" content=\"pt_BR\" \/>\n<meta property=\"og:type\" content=\"article\" \/>\n<meta property=\"og:title\" content=\"El Bols\u00f3n y Lago Puelo: ruta esc\u00e9nica, cultura artesanal y naturaleza viva\" \/>\n<meta property=\"og:description\" content=\"Excursi\u00f3n a El Bols\u00f3n y Lago Puelo desde Bariloche. Ruta esc\u00e9nica, ferias artesanales y paisajes naturales de la Patagonia.\" \/>\n<meta property=\"og:url\" content=\"https:\/\/raftingbariloche.ar\/pt\/produto\/bolson-e-lago-puelo\/\" \/>\n<meta property=\"og:site_name\" content=\"Rafting Bariloche\" \/>\n<meta property=\"article:modified_time\" content=\"2026-04-08T19:25:52+00:00\" \/>\n<meta property=\"og:image\" content=\"https:\/\/raftingbariloche.ar\/wp-content\/uploads\/sites\/5\/2025\/08\/10-B-Feria-regional-el-bolson.jpg\" \/>\n\t<meta property=\"og:image:width\" content=\"850\" \/>\n\t<meta property=\"og:image:height\" content=\"1133\" \/>\n\t<meta property=\"og:image:type\" content=\"image\/jpeg\" \/>\n<meta name=\"twitter:card\" content=\"summary_large_image\" \/>\n<meta name=\"twitter:label1\" content=\"Pre\u00e7o\" \/>\n\t<meta name=\"twitter:data1\" content=\"&#036;59,400.00\" \/>\n\t<meta name=\"twitter:label2\" content=\"Disponibilidade\" \/>\n\t<meta name=\"twitter:data2\" content=\"Em Estoque\" \/>\n<script type=\"application\/ld+json\" class=\"yoast-schema-graph\">{\"@context\":\"https:\/\/schema.org\",\"@graph\":[{\"@type\":\"WebPage\",\"@id\":\"https:\/\/raftingbariloche.ar\/producto\/bolson-y-lago-puelo\/\",\"url\":\"https:\/\/raftingbariloche.ar\/producto\/bolson-y-lago-puelo\/\",\"name\":\"El Bols\u00f3n y Lago Puelo - Rafting Bariloche\",\"isPartOf\":{\"@id\":\"https:\/\/raftingbariloche.ar\/#website\"},\"primaryImageOfPage\":{\"@id\":\"https:\/\/raftingbariloche.ar\/producto\/bolson-y-lago-puelo\/#primaryimage\"},\"image\":{\"@id\":\"https:\/\/raftingbariloche.ar\/producto\/bolson-y-lago-puelo\/#primaryimage\"},\"thumbnailUrl\":\"https:\/\/raftingbariloche.ar\/wp-content\/uploads\/sites\/5\/2025\/08\/10-B-Feria-regional-el-bolson.jpg\",\"datePublished\":\"2025-08-18T16:56:34+00:00\",\"dateModified\":\"2026-04-08T19:25:52+00:00\",\"description\":\"Excursi\u00f3n a El Bols\u00f3n y Lago Puelo desde Bariloche. Ruta esc\u00e9nica, ferias artesanales y paisajes naturales de la Patagonia.\",\"breadcrumb\":{\"@id\":\"https:\/\/raftingbariloche.ar\/producto\/bolson-y-lago-puelo\/#breadcrumb\"},\"inLanguage\":\"pt-BR\",\"potentialAction\":[{\"@type\":\"ReadAction\",\"target\":[\"https:\/\/raftingbariloche.ar\/producto\/bolson-y-lago-puelo\/\"]}]},{\"@type\":\"ImageObject\",\"inLanguage\":\"pt-BR\",\"@id\":\"https:\/\/raftingbariloche.ar\/producto\/bolson-y-lago-puelo\/#primaryimage\",\"url\":\"https:\/\/raftingbariloche.ar\/wp-content\/uploads\/sites\/5\/2025\/08\/10-B-Feria-regional-el-bolson.jpg\",\"contentUrl\":\"https:\/\/raftingbariloche.ar\/wp-content\/uploads\/sites\/5\/2025\/08\/10-B-Feria-regional-el-bolson.jpg\",\"width\":850,\"height\":1133},{\"@type\":\"BreadcrumbList\",\"@id\":\"https:\/\/raftingbariloche.ar\/producto\/bolson-y-lago-puelo\/#breadcrumb\",\"itemListElement\":[{\"@type\":\"ListItem\",\"position\":1,\"name\":\"Inicio\",\"item\":\"https:\/\/raftingbariloche.ar\/\"},{\"@type\":\"ListItem\",\"position\":2,\"name\":\"Tienda\",\"item\":\"https:\/\/raftingbariloche.ar\/tienda\/\"},{\"@type\":\"ListItem\",\"position\":3,\"name\":\"El Bols\u00f3n y Lago Puelo: ruta esc\u00e9nica, cultura artesanal y naturaleza viva\"}]},{\"@type\":\"WebSite\",\"@id\":\"https:\/\/raftingbariloche.ar\/#website\",\"url\":\"https:\/\/raftingbariloche.ar\/\",\"name\":\"Rafting Bariloche\",\"description\":\"\",\"potentialAction\":[{\"@type\":\"SearchAction\",\"target\":{\"@type\":\"EntryPoint\",\"urlTemplate\":\"https:\/\/raftingbariloche.ar\/?s={search_term_string}\"},\"query-input\":{\"@type\":\"PropertyValueSpecification\",\"valueRequired\":true,\"valueName\":\"search_term_string\"}}],\"inLanguage\":\"pt-BR\"}]}<\/script>\n<meta property=\"product:price:amount\" content=\"59400.00\" \/>\n<meta property=\"product:price:currency\" content=\"ARS\" \/>\n<meta property=\"og:availability\" content=\"instock\" \/>\n<meta property=\"product:availability\" content=\"instock\" \/>\n<meta property=\"product:retailer_item_id\" content=\"ADV2025BOYLAPYFHS\" \/>\n<meta property=\"product:condition\" content=\"new\" \/>\n<!-- \/ Yoast SEO Premium plugin. -->","yoast_head_json":{"title":"El Bols\u00f3n e Lago Puelo - Rafting Bariloche","description":"Excurs\u00e3o a El Bols\u00f3n e Lago Puelo saindo de Bariloche. Rota c\u00eanica, feiras de artesanato e paisagens naturais da Patag\u00f4nia.","robots":{"index":"index","follow":"follow","max-snippet":"max-snippet:-1","max-image-preview":"max-image-preview:large","max-video-preview":"max-video-preview:-1"},"canonical":"https:\/\/raftingbariloche.ar\/pt\/produto\/bolson-e-lago-puelo\/","og_locale":"pt_BR","og_type":"article","og_title":"El Bols\u00f3n y Lago Puelo: ruta esc\u00e9nica, cultura artesanal y naturaleza viva","og_description":"Excursi\u00f3n a El Bols\u00f3n y Lago Puelo desde Bariloche. Ruta esc\u00e9nica, ferias artesanales y paisajes naturales de la Patagonia.","og_url":"https:\/\/raftingbariloche.ar\/pt\/produto\/bolson-e-lago-puelo\/","og_site_name":"Rafting Bariloche","article_modified_time":"2026-04-08T19:25:52+00:00","og_image":[{"width":850,"height":1133,"url":"https:\/\/raftingbariloche.ar\/wp-content\/uploads\/sites\/5\/2025\/08\/10-B-Feria-regional-el-bolson.jpg","type":"image\/jpeg"}],"twitter_card":"summary_large_image","twitter_misc":{"Pre\u00e7o":"&#36;59,400.00","Disponibilidade":"Em Estoque"},"schema":{"@context":"https:\/\/schema.org","@graph":[{"@type":"WebPage","@id":"https:\/\/raftingbariloche.ar\/producto\/bolson-y-lago-puelo\/","url":"https:\/\/raftingbariloche.ar\/producto\/bolson-y-lago-puelo\/","name":"El Bols\u00f3n e Lago Puelo - Rafting Bariloche","isPartOf":{"@id":"https:\/\/raftingbariloche.ar\/#website"},"primaryImageOfPage":{"@id":"https:\/\/raftingbariloche.ar\/producto\/bolson-y-lago-puelo\/#primaryimage"},"image":{"@id":"https:\/\/raftingbariloche.ar\/producto\/bolson-y-lago-puelo\/#primaryimage"},"thumbnailUrl":"https:\/\/raftingbariloche.ar\/wp-content\/uploads\/sites\/5\/2025\/08\/10-B-Feria-regional-el-bolson.jpg","datePublished":"2025-08-18T16:56:34+00:00","dateModified":"2026-04-08T19:25:52+00:00","description":"Excurs\u00e3o a El Bols\u00f3n e Lago Puelo saindo de Bariloche. Rota c\u00eanica, feiras de artesanato e paisagens naturais da Patag\u00f4nia.","breadcrumb":{"@id":"https:\/\/raftingbariloche.ar\/producto\/bolson-y-lago-puelo\/#breadcrumb"},"inLanguage":"pt-BR","potentialAction":[{"@type":"ReadAction","target":["https:\/\/raftingbariloche.ar\/producto\/bolson-y-lago-puelo\/"]}]},{"@type":"ImageObject","inLanguage":"pt-BR","@id":"https:\/\/raftingbariloche.ar\/producto\/bolson-y-lago-puelo\/#primaryimage","url":"https:\/\/raftingbariloche.ar\/wp-content\/uploads\/sites\/5\/2025\/08\/10-B-Feria-regional-el-bolson.jpg","contentUrl":"https:\/\/raftingbariloche.ar\/wp-content\/uploads\/sites\/5\/2025\/08\/10-B-Feria-regional-el-bolson.jpg","width":850,"height":1133},{"@type":"BreadcrumbList","@id":"https:\/\/raftingbariloche.ar\/producto\/bolson-y-lago-puelo\/#breadcrumb","itemListElement":[{"@type":"ListItem","position":1,"name":"Inicio","item":"https:\/\/raftingbariloche.ar\/"},{"@type":"ListItem","position":2,"name":"Tienda","item":"https:\/\/raftingbariloche.ar\/tienda\/"},{"@type":"ListItem","position":3,"name":"El Bols\u00f3n y Lago Puelo: ruta esc\u00e9nica, cultura artesanal y naturaleza viva"}]},{"@type":"WebSite","@id":"https:\/\/raftingbariloche.ar\/#website","url":"https:\/\/raftingbariloche.ar\/","name":"Rafting em Bariloche","description":"","potentialAction":[{"@type":"SearchAction","target":{"@type":"EntryPoint","urlTemplate":"https:\/\/raftingbariloche.ar\/?s={search_term_string}"},"query-input":{"@type":"PropertyValueSpecification","valueRequired":true,"valueName":"search_term_string"}}],"inLanguage":"pt-BR"}]},"product_price_amount":"59400.00","product_price_currency":"ARS","og_availability":"instock","product_availability":"instock","product_retailer_item_id":"ADV2025BOYLAPYFHS","product_condition":"new"},"_links":{"self":[{"href":"https:\/\/raftingbariloche.ar\/pt\/wp-json\/wp\/v2\/product\/377909","targetHints":{"allow":["GET"]}}],"collection":[{"href":"https:\/\/raftingbariloche.ar\/pt\/wp-json\/wp\/v2\/product"}],"about":[{"href":"https:\/\/raftingbariloche.ar\/pt\/wp-json\/wp\/v2\/types\/product"}],"replies":[{"embeddable":true,"href":"https:\/\/raftingbariloche.ar\/pt\/wp-json\/wp\/v2\/comments?post=377909"}],"wp:featuredmedia":[{"embeddable":true,"href":"https:\/\/raftingbariloche.ar\/pt\/wp-json\/wp\/v2\/media\/378007"}],"wp:attachment":[{"href":"https:\/\/raftingbariloche.ar\/pt\/wp-json\/wp\/v2\/media?parent=377909"}],"wp:term":[{"taxonomy":"product_brand","embeddable":true,"href":"https:\/\/raftingbariloche.ar\/pt\/wp-json\/wp\/v2\/product_brand?post=377909"},{"taxonomy":"product_cat","embeddable":true,"href":"https:\/\/raftingbariloche.ar\/pt\/wp-json\/wp\/v2\/product_cat?post=377909"},{"taxonomy":"product_tag","embeddable":true,"href":"https:\/\/raftingbariloche.ar\/pt\/wp-json\/wp\/v2\/product_tag?post=377909"}],"curies":[{"name":"wp","href":"https:\/\/api.w.org\/{rel}","templated":true}]}}