{"id":377903,"date":"2025-08-18T13:54:44","date_gmt":"2025-08-18T16:54:44","guid":{"rendered":"https:\/\/raftingbariloche.ar\/producto\/seguro-de-reprogramacion-cambia-la-fecha-de-tu-excursion-sin-penalidades\/"},"modified":"2025-08-25T15:49:21","modified_gmt":"2025-08-25T18:49:21","slug":"seguro-de-reprogramacion-cambia-la-fecha-de-tu-excursion-sin-penalidades","status":"publish","type":"product","link":"https:\/\/raftingbariloche.ar\/pt\/produto\/o-seguro-de-reagendamento-altera-a-data-de-sua-excursao-sem-penalidades\/","title":{"rendered":"Seguro de reagendamento - Altere a data de sua excurs\u00e3o sem penalidade"},"content":{"rendered":"<h3 data-start=\"245\" data-end=\"300\">Deixe de lado o estresse e personalize sua viagem quando precisar.<\/h3>\n<p data-start=\"302\" data-end=\"521\">Gra\u00e7as ao Seguro de Reagendamento, voc\u00ea tem a liberdade de alterar a data de sua excurs\u00e3o sem pagar extras ou multas, com at\u00e9 um dia de anteced\u00eancia. Escolha viajar com tranquilidade, com a flexibilidade ideal para quem prefere se proteger e aproveitar Bariloche sem preocupa\u00e7\u00f5es.<\/p>\n<h3 data-start=\"528\" data-end=\"555\">O que esse seguro oferece a voc\u00ea?<\/h3>\n<ul data-start=\"557\" data-end=\"846\">\n<li data-start=\"557\" data-end=\"628\">\n<p data-start=\"559\" data-end=\"628\">Mudan\u00e7a de data sem multa at\u00e9 o dia anterior \u00e0 excurs\u00e3o.<\/p>\n<\/li>\n<li data-start=\"629\" data-end=\"678\">\n<p data-start=\"631\" data-end=\"678\">Reagendamento direto, sujeito a disponibilidade.<\/p>\n<\/li>\n<li data-start=\"679\" data-end=\"738\">\n<p data-start=\"681\" data-end=\"738\">Gerenciamento r\u00e1pido: n\u00e3o h\u00e1 necessidade de explicar.<\/p>\n<\/li>\n<li data-start=\"739\" data-end=\"786\">\n<p data-start=\"741\" data-end=\"786\">Ele \u00e9 adquirido por pessoa para cada passeio.<\/p>\n<\/li>\n<li data-start=\"787\" data-end=\"846\">\n<p data-start=\"789\" data-end=\"846\">Voc\u00ea tem tempo para adicion\u00e1-lo at\u00e9 meia hora depois de gerar o voucher.<\/p>\n<\/li>\n<\/ul>\n<h3 data-start=\"853\" data-end=\"880\">Condi\u00e7\u00f5es a serem levadas em conta<\/h3>\n<ul data-start=\"882\" data-end=\"1214\">\n<li data-start=\"882\" data-end=\"957\">\n<p data-start=\"884\" data-end=\"957\">O seguro \u00e9 pessoal: corresponde a cada passageiro e a cada excurs\u00e3o escolhida.<\/p>\n<\/li>\n<li data-start=\"958\" data-end=\"1050\">\n<p data-start=\"960\" data-end=\"1050\">A nova data depende da disponibilidade no momento do pedido.<\/p>\n<\/li>\n<li data-start=\"1051\" data-end=\"1119\">\n<p data-start=\"1053\" data-end=\"1119\">Nenhuma altera\u00e7\u00e3o pode ser solicitada no dia do passeio.<\/p>\n<\/li>\n<li data-start=\"1120\" data-end=\"1214\">\n<p data-start=\"1122\" data-end=\"1214\">Deve ser adicionado no momento da reserva ou at\u00e9 30 minutos ap\u00f3s a obten\u00e7\u00e3o do voucher.<\/p>\n<\/li>\n<\/ul>\n<h3 data-start=\"1221\" data-end=\"1245\">Perguntas frequentes<\/h3>\n<p data-start=\"1247\" data-end=\"1380\"><strong data-start=\"1247\" data-end=\"1303\">Quando posso adicionar o Seguro de Reprograma\u00e7\u00e3o?<\/strong><br data-start=\"1303\" data-end=\"1306\" \/>Quando voc\u00ea confirmar sua reserva ou at\u00e9 meia hora depois de receber seu voucher.<\/p>\n<p data-start=\"1382\" data-end=\"1501\"><strong data-start=\"1382\" data-end=\"1441\">\u00c9 necess\u00e1rio justificar a mudan\u00e7a de data da minha excurs\u00e3o?<\/strong><br data-start=\"1441\" data-end=\"1444\" \/>N\u00e3o, voc\u00ea pode remarcar sem dar motivos.<\/p>\n<p data-start=\"1503\" data-end=\"1654\"><strong data-start=\"1503\" data-end=\"1563\">Meu novo par est\u00e1 coberto por esse seguro?<\/strong><br data-start=\"1563\" data-end=\"1566\" \/>A altera\u00e7\u00e3o est\u00e1 sujeita a vagas gratuitas no momento da solicita\u00e7\u00e3o do ajuste.<\/p>\n<p data-start=\"1656\" data-end=\"1766\"><strong data-start=\"1656\" data-end=\"1701\">Tenho a op\u00e7\u00e3o de reagendar no mesmo dia?<\/strong><br data-start=\"1701\" data-end=\"1704\" \/>N\u00e3o, o benef\u00edcio \u00e9 v\u00e1lido at\u00e9 o dia anterior \u00e0 excurs\u00e3o.<\/p>","protected":false},"excerpt":{"rendered":"<p class=\"ai-optimize-6\">Cobertura de mudan\u00e7a de data em Bariloche. Altere o dia de sua excurs\u00e3o sem custo adicional com at\u00e9 24 horas de anteced\u00eancia. Adicione-o \u00e0 sua compra no momento da reserva.<\/p>","protected":false},"featured_media":378005,"comment_status":"open","ping_status":"closed","template":"","meta":[],"product_brand":[],"product_cat":[38],"product_tag":[],"class_list":{"0":"post-377903","1":"product","2":"type-product","3":"status-publish","4":"has-post-thumbnail","6":"product_cat-otros","8":"first","9":"instock","10":"virtual","11":"purchasable","12":"product-type-simple"},"booking_location":null,"booking_location_type":null,"booking_duration":null,"booking_duration_unit":null,"booking_buffer":null,"booking_cost":null,"booking_resources":null,"exclude_global_add_ons":[],"addons":[],"yoast_head":"<!-- This site is optimized with the Yoast SEO Premium plugin v25.2 (Yoast SEO v25.2) - https:\/\/yoast.com\/wordpress\/plugins\/seo\/ -->\n<title>Seguro de Reprogramaci\u00f3n \u2013 Cambi\u00e1 la fecha de tu excursi\u00f3n sin penalidades - Rafting Bariloche<\/title>\n<meta name=\"robots\" content=\"index, follow, max-snippet:-1, max-image-preview:large, max-video-preview:-1\" \/>\n<link rel=\"canonical\" href=\"https:\/\/raftingbariloche.ar\/pt\/produto\/o-seguro-de-reagendamento-altera-a-data-de-sua-excursao-sem-penalidades\/\" \/>\n<meta property=\"og:locale\" content=\"pt_BR\" \/>\n<meta property=\"og:type\" content=\"article\" \/>\n<meta property=\"og:title\" content=\"Seguro de Reprogramaci\u00f3n \u2013 Cambi\u00e1 la fecha de tu excursi\u00f3n sin penalidades\" \/>\n<meta property=\"og:description\" content=\"Cobertura de Cambio de Fecha en Bariloche. Modific\u00e1 el d\u00eda de tu tour sin cargos extra hasta 24 horas antes. Sumalo a tu compra al momento de reservar.\" \/>\n<meta property=\"og:url\" content=\"https:\/\/raftingbariloche.ar\/pt\/produto\/o-seguro-de-reagendamento-altera-a-data-de-sua-excursao-sem-penalidades\/\" \/>\n<meta property=\"og:site_name\" content=\"Rafting Bariloche\" \/>\n<meta property=\"article:modified_time\" content=\"2025-08-25T18:49:21+00:00\" \/>\n<meta property=\"og:image\" content=\"https:\/\/raftingbariloche.ar\/wp-content\/uploads\/sites\/5\/2025\/08\/10-A-2.jpg\" \/>\n\t<meta property=\"og:image:width\" content=\"850\" \/>\n\t<meta property=\"og:image:height\" content=\"1133\" \/>\n\t<meta property=\"og:image:type\" content=\"image\/jpeg\" \/>\n<meta name=\"twitter:card\" content=\"summary_large_image\" \/>\n<meta name=\"twitter:label1\" content=\"Pre\u00e7o\" \/>\n\t<meta name=\"twitter:data1\" content=\"&#036;15,000.00\" \/>\n\t<meta name=\"twitter:label2\" content=\"Disponibilidade\" \/>\n\t<meta name=\"twitter:data2\" content=\"Em Estoque\" \/>\n<script type=\"application\/ld+json\" class=\"yoast-schema-graph\">{\"@context\":\"https:\/\/schema.org\",\"@graph\":[{\"@type\":\"WebPage\",\"@id\":\"https:\/\/raftingbariloche.ar\/producto\/seguro-de-reprogramacion-cambia-la-fecha-de-tu-excursion-sin-penalidades\/\",\"url\":\"https:\/\/raftingbariloche.ar\/producto\/seguro-de-reprogramacion-cambia-la-fecha-de-tu-excursion-sin-penalidades\/\",\"name\":\"Seguro de Reprogramaci\u00f3n \u2013 Cambi\u00e1 la fecha de tu excursi\u00f3n sin penalidades - Rafting Bariloche\",\"isPartOf\":{\"@id\":\"https:\/\/raftingbariloche.ar\/#website\"},\"primaryImageOfPage\":{\"@id\":\"https:\/\/raftingbariloche.ar\/producto\/seguro-de-reprogramacion-cambia-la-fecha-de-tu-excursion-sin-penalidades\/#primaryimage\"},\"image\":{\"@id\":\"https:\/\/raftingbariloche.ar\/producto\/seguro-de-reprogramacion-cambia-la-fecha-de-tu-excursion-sin-penalidades\/#primaryimage\"},\"thumbnailUrl\":\"https:\/\/raftingbariloche.ar\/wp-content\/uploads\/sites\/5\/2025\/08\/10-A-2.jpg\",\"datePublished\":\"2025-08-18T16:54:44+00:00\",\"dateModified\":\"2025-08-25T18:49:21+00:00\",\"breadcrumb\":{\"@id\":\"https:\/\/raftingbariloche.ar\/producto\/seguro-de-reprogramacion-cambia-la-fecha-de-tu-excursion-sin-penalidades\/#breadcrumb\"},\"inLanguage\":\"pt-BR\",\"potentialAction\":[{\"@type\":\"ReadAction\",\"target\":[\"https:\/\/raftingbariloche.ar\/producto\/seguro-de-reprogramacion-cambia-la-fecha-de-tu-excursion-sin-penalidades\/\"]}]},{\"@type\":\"ImageObject\",\"inLanguage\":\"pt-BR\",\"@id\":\"https:\/\/raftingbariloche.ar\/producto\/seguro-de-reprogramacion-cambia-la-fecha-de-tu-excursion-sin-penalidades\/#primaryimage\",\"url\":\"https:\/\/raftingbariloche.ar\/wp-content\/uploads\/sites\/5\/2025\/08\/10-A-2.jpg\",\"contentUrl\":\"https:\/\/raftingbariloche.ar\/wp-content\/uploads\/sites\/5\/2025\/08\/10-A-2.jpg\",\"width\":850,\"height\":1133},{\"@type\":\"BreadcrumbList\",\"@id\":\"https:\/\/raftingbariloche.ar\/producto\/seguro-de-reprogramacion-cambia-la-fecha-de-tu-excursion-sin-penalidades\/#breadcrumb\",\"itemListElement\":[{\"@type\":\"ListItem\",\"position\":1,\"name\":\"Inicio\",\"item\":\"https:\/\/raftingbariloche.ar\/\"},{\"@type\":\"ListItem\",\"position\":2,\"name\":\"Tienda\",\"item\":\"https:\/\/raftingbariloche.ar\/tienda\/\"},{\"@type\":\"ListItem\",\"position\":3,\"name\":\"Seguro de Reprogramaci\u00f3n \u2013 Cambi\u00e1 la fecha de tu excursi\u00f3n sin penalidades\"}]},{\"@type\":\"WebSite\",\"@id\":\"https:\/\/raftingbariloche.ar\/#website\",\"url\":\"https:\/\/raftingbariloche.ar\/\",\"name\":\"Rafting Bariloche\",\"description\":\"\",\"potentialAction\":[{\"@type\":\"SearchAction\",\"target\":{\"@type\":\"EntryPoint\",\"urlTemplate\":\"https:\/\/raftingbariloche.ar\/?s={search_term_string}\"},\"query-input\":{\"@type\":\"PropertyValueSpecification\",\"valueRequired\":true,\"valueName\":\"search_term_string\"}}],\"inLanguage\":\"pt-BR\"}]}<\/script>\n<meta property=\"product:price:amount\" content=\"15000.00\" \/>\n<meta property=\"product:price:currency\" content=\"ARS\" \/>\n<meta property=\"og:availability\" content=\"instock\" \/>\n<meta property=\"product:availability\" content=\"instock\" \/>\n<meta property=\"product:condition\" content=\"new\" \/>\n<!-- \/ Yoast SEO Premium plugin. -->","yoast_head_json":{"title":"Seguro de reprograma\u00e7\u00e3o - Altere a data de sua viagem sem penalidade - Rafting Bariloche","robots":{"index":"index","follow":"follow","max-snippet":"max-snippet:-1","max-image-preview":"max-image-preview:large","max-video-preview":"max-video-preview:-1"},"canonical":"https:\/\/raftingbariloche.ar\/pt\/produto\/o-seguro-de-reagendamento-altera-a-data-de-sua-excursao-sem-penalidades\/","og_locale":"pt_BR","og_type":"article","og_title":"Seguro de Reprogramaci\u00f3n \u2013 Cambi\u00e1 la fecha de tu excursi\u00f3n sin penalidades","og_description":"Cobertura de Cambio de Fecha en Bariloche. Modific\u00e1 el d\u00eda de tu tour sin cargos extra hasta 24 horas antes. Sumalo a tu compra al momento de reservar.","og_url":"https:\/\/raftingbariloche.ar\/pt\/produto\/o-seguro-de-reagendamento-altera-a-data-de-sua-excursao-sem-penalidades\/","og_site_name":"Rafting Bariloche","article_modified_time":"2025-08-25T18:49:21+00:00","og_image":[{"width":850,"height":1133,"url":"https:\/\/raftingbariloche.ar\/wp-content\/uploads\/sites\/5\/2025\/08\/10-A-2.jpg","type":"image\/jpeg"}],"twitter_card":"summary_large_image","twitter_misc":{"Pre\u00e7o":"&#36;15,000.00","Disponibilidade":"Em Estoque"},"schema":{"@context":"https:\/\/schema.org","@graph":[{"@type":"WebPage","@id":"https:\/\/raftingbariloche.ar\/producto\/seguro-de-reprogramacion-cambia-la-fecha-de-tu-excursion-sin-penalidades\/","url":"https:\/\/raftingbariloche.ar\/producto\/seguro-de-reprogramacion-cambia-la-fecha-de-tu-excursion-sin-penalidades\/","name":"Seguro de reprograma\u00e7\u00e3o - Altere a data de sua viagem sem penalidade - Rafting Bariloche","isPartOf":{"@id":"https:\/\/raftingbariloche.ar\/#website"},"primaryImageOfPage":{"@id":"https:\/\/raftingbariloche.ar\/producto\/seguro-de-reprogramacion-cambia-la-fecha-de-tu-excursion-sin-penalidades\/#primaryimage"},"image":{"@id":"https:\/\/raftingbariloche.ar\/producto\/seguro-de-reprogramacion-cambia-la-fecha-de-tu-excursion-sin-penalidades\/#primaryimage"},"thumbnailUrl":"https:\/\/raftingbariloche.ar\/wp-content\/uploads\/sites\/5\/2025\/08\/10-A-2.jpg","datePublished":"2025-08-18T16:54:44+00:00","dateModified":"2025-08-25T18:49:21+00:00","breadcrumb":{"@id":"https:\/\/raftingbariloche.ar\/producto\/seguro-de-reprogramacion-cambia-la-fecha-de-tu-excursion-sin-penalidades\/#breadcrumb"},"inLanguage":"pt-BR","potentialAction":[{"@type":"ReadAction","target":["https:\/\/raftingbariloche.ar\/producto\/seguro-de-reprogramacion-cambia-la-fecha-de-tu-excursion-sin-penalidades\/"]}]},{"@type":"ImageObject","inLanguage":"pt-BR","@id":"https:\/\/raftingbariloche.ar\/producto\/seguro-de-reprogramacion-cambia-la-fecha-de-tu-excursion-sin-penalidades\/#primaryimage","url":"https:\/\/raftingbariloche.ar\/wp-content\/uploads\/sites\/5\/2025\/08\/10-A-2.jpg","contentUrl":"https:\/\/raftingbariloche.ar\/wp-content\/uploads\/sites\/5\/2025\/08\/10-A-2.jpg","width":850,"height":1133},{"@type":"BreadcrumbList","@id":"https:\/\/raftingbariloche.ar\/producto\/seguro-de-reprogramacion-cambia-la-fecha-de-tu-excursion-sin-penalidades\/#breadcrumb","itemListElement":[{"@type":"ListItem","position":1,"name":"Inicio","item":"https:\/\/raftingbariloche.ar\/"},{"@type":"ListItem","position":2,"name":"Tienda","item":"https:\/\/raftingbariloche.ar\/tienda\/"},{"@type":"ListItem","position":3,"name":"Seguro de Reprogramaci\u00f3n \u2013 Cambi\u00e1 la fecha de tu excursi\u00f3n sin penalidades"}]},{"@type":"WebSite","@id":"https:\/\/raftingbariloche.ar\/#website","url":"https:\/\/raftingbariloche.ar\/","name":"Rafting em Bariloche","description":"","potentialAction":[{"@type":"SearchAction","target":{"@type":"EntryPoint","urlTemplate":"https:\/\/raftingbariloche.ar\/?s={search_term_string}"},"query-input":{"@type":"PropertyValueSpecification","valueRequired":true,"valueName":"search_term_string"}}],"inLanguage":"pt-BR"}]},"product_price_amount":"15000.00","product_price_currency":"ARS","og_availability":"instock","product_availability":"instock","product_condition":"new"},"_links":{"self":[{"href":"https:\/\/raftingbariloche.ar\/pt\/wp-json\/wp\/v2\/product\/377903","targetHints":{"allow":["GET"]}}],"collection":[{"href":"https:\/\/raftingbariloche.ar\/pt\/wp-json\/wp\/v2\/product"}],"about":[{"href":"https:\/\/raftingbariloche.ar\/pt\/wp-json\/wp\/v2\/types\/product"}],"replies":[{"embeddable":true,"href":"https:\/\/raftingbariloche.ar\/pt\/wp-json\/wp\/v2\/comments?post=377903"}],"wp:featuredmedia":[{"embeddable":true,"href":"https:\/\/raftingbariloche.ar\/pt\/wp-json\/wp\/v2\/media\/378005"}],"wp:attachment":[{"href":"https:\/\/raftingbariloche.ar\/pt\/wp-json\/wp\/v2\/media?parent=377903"}],"wp:term":[{"taxonomy":"product_brand","embeddable":true,"href":"https:\/\/raftingbariloche.ar\/pt\/wp-json\/wp\/v2\/product_brand?post=377903"},{"taxonomy":"product_cat","embeddable":true,"href":"https:\/\/raftingbariloche.ar\/pt\/wp-json\/wp\/v2\/product_cat?post=377903"},{"taxonomy":"product_tag","embeddable":true,"href":"https:\/\/raftingbariloche.ar\/pt\/wp-json\/wp\/v2\/product_tag?post=377903"}],"curies":[{"name":"wp","href":"https:\/\/api.w.org\/{rel}","templated":true}]}}