{"id":377898,"date":"2025-08-18T13:53:47","date_gmt":"2025-08-18T16:53:47","guid":{"rendered":"https:\/\/raftingbariloche.ar\/producto\/rafting-en-rio-limay-desde-bariloche-naturaleza-aventura-y-estepa-patagonica\/"},"modified":"2026-04-28T10:57:57","modified_gmt":"2026-04-28T13:57:57","slug":"rafting-rio-limay-desde-bariloche","status":"publish","type":"product","link":"https:\/\/raftingbariloche.ar\/pt\/produto\/rafting-no-rio-limay-saindo-de-bariloche\/","title":{"rendered":"Rafting no rio Limay desde Bariloche: natureza, aventura e estepe patag\u00f4nica"},"content":{"rendered":"<h2 class=\"ai-optimize-21\">Viva uma experi\u00eancia exclusiva na Patag\u00f4nia<\/h2>\n<p class=\"ai-optimize-introduction ai-optimize-22\">Venha descobrir o imponente ambiente natural do Rio Limay com uma excurs\u00e3o de rafting de baixa dificuldade. Essa proposta \u00e9 ideal para aqueles que desejam combinar aventura, bem-estar e a emo\u00e7\u00e3o de viajar por paisagens patag\u00f4nicas incompar\u00e1veis. \u00c9 perfeita para fam\u00edlias, grupos e iniciantes que querem come\u00e7ar a praticar rafting em um ambiente seguro e emocionante.<\/p>\n<h3 class=\"ai-optimize-23\">Principais vantagens<\/h3>\n<ul>\n<li class=\"ai-optimize-24\"><strong>Op\u00e7\u00e3o segura para todos:<\/strong> Corredeiras de classe I\/II, seguras para maiores de 3 anos de idade.<\/li>\n<li class=\"ai-optimize-25\"><strong>Tudo inclu\u00eddo e traslado:<\/strong> Inclu\u00edmos coletes salva-vidas, remos, traslado e coordena\u00e7\u00e3o no ponto de encontro.<\/li>\n<li class=\"ai-optimize-26\"><strong>Sa\u00eddas pontuais:<\/strong> O passeio come\u00e7a \u00e0s 13:00, para maximizar o dia e o relaxamento.<\/li>\n<li class=\"ai-optimize-27\"><strong>Reabastecer a energia:<\/strong> Inclu\u00edmos caf\u00e9 da manh\u00e3 ou um lanche, perfeito para continuar desfrutando com as baterias recarregadas.<\/li>\n<\/ul>\n<h3 class=\"ai-optimize-28\">Conforto e natureza em uma experi\u00eancia inesquec\u00edvel<\/h3>\n<p class=\"ai-optimize-29\">Participe de uma jornada \u00fanica que equilibra a calma das \u00e1guas calmas e a alegria das corredeiras suaves no Rio Limay. Cada momento \u00e9 planejado para tornar sua experi\u00eancia memor\u00e1vel, misturando o esplendor da Patag\u00f4nia com a distin\u00e7\u00e3o de uma atividade em que a seguran\u00e7a e a divers\u00e3o s\u00e3o prioridade.<\/p>\n<h3 class=\"ai-optimize-30\">Perguntas frequentes (FAQ)<\/h3>\n<ul>\n<li class=\"ai-optimize-31\"><strong>Quais servi\u00e7os a excurs\u00e3o cobre?<\/strong>A proposta inclui traslado at\u00e9 o ponto de encontro, equipamento completo (colete e remos), al\u00e9m de caf\u00e9 da manh\u00e3 ou lanche, proporcionando uma experi\u00eancia completa.<\/li>\n<li class=\"ai-optimize-32\"><strong>Ele foi projetado para fam\u00edlias e crian\u00e7as?<\/strong>Obviamente, o passeio foi projetado para ser compartilhado por pessoas de todas as idades, permitindo a participa\u00e7\u00e3o de crian\u00e7as a partir de 3 anos de idade; perfeito para planos familiares.<\/li>\n<li class=\"ai-optimize-33\"><strong>Qual \u00e9 o grau de dificuldade da rota?<\/strong>A viagem \u00e9 feita em corredeiras de classe I\/II, garantindo uma experi\u00eancia segura e acess\u00edvel para aqueles que est\u00e3o dando seus primeiros passos no rafting.<\/li>\n<li class=\"ai-optimize-34\"><strong>\u00c9 necess\u00e1rio ter experi\u00eancia pr\u00e9via em rafting?<\/strong>N\u00e3o \u00e9 necess\u00e1ria nenhuma experi\u00eancia anterior. Tudo est\u00e1 preparado para aqueles que querem experimentar o rafting em um ambiente emocionante e cuidadoso.<\/li>\n<\/ul>\n<p class=\"ai-optimize-23\"><strong>Aviso importante<\/strong>Este passeio j\u00e1 est\u00e1 dispon\u00edvel para pr\u00e9-reserva. As sa\u00eddas operam de 30 de abril a 30 de setembro, sujeitas ao calend\u00e1rio sazonal.<\/p>","protected":false},"excerpt":{"rendered":"<p class=\"ai-optimize-6\">Conhe\u00e7a o Limay por dentro com um tranquilo passeio de rafting, projetado para garantir conforto e seguran\u00e7a em uma paisagem patag\u00f4nica sem igual. Perfeito para iniciantes ou para quem procura uma atividade familiar diferente.<\/p>","protected":false},"featured_media":378053,"comment_status":"open","ping_status":"closed","template":"","meta":[],"product_brand":[],"product_cat":[49,51,53,64,69],"product_tag":[],"class_list":{"0":"post-377898","1":"product","2":"type-product","3":"status-publish","4":"has-post-thumbnail","6":"product_cat-adultos","7":"product_cat-aventura","8":"product_cat-con-traslado","9":"product_cat-sin-comida","10":"product_cat-todo-el-ano","12":"first","13":"instock","14":"virtual","15":"sold-individually","16":"purchasable","17":"product-type-booking"},"booking_location":"","booking_location_type":"","booking_duration":1,"booking_duration_unit":"hour","booking_buffer":0,"booking_cost":0,"booking_resources":[],"exclude_global_add_ons":false,"addons":[{"name":"ADU: Adulto","type":"input_multiplier","position":0,"required":false,"title_format":"label","default":"","description_enable":false,"description":"","placeholder_enable":false,"placeholder":"","display":"select","restrictions_type":"any_text","adjust_price":true,"price":"99500","price_type":"quantity_based","restrictions":false,"min":"0","max":"0","options":[],"id":1777373587}],"yoast_head":"<!-- This site is optimized with the Yoast SEO Premium plugin v25.2 (Yoast SEO v25.2) - https:\/\/yoast.com\/wordpress\/plugins\/seo\/ -->\n<title>Rafting R\u00edo Limay desde Bariloche - Rafting Bariloche<\/title>\n<meta name=\"description\" content=\"Viv\u00ed una experiencia segura de rafting en el R\u00edo Limay. Naturaleza, diversi\u00f3n y relax en paisajes patag\u00f3nicos \u00fanicos, ideal para toda la familia.\" \/>\n<meta name=\"robots\" content=\"index, follow, max-snippet:-1, max-image-preview:large, max-video-preview:-1\" \/>\n<link rel=\"canonical\" href=\"https:\/\/raftingbariloche.ar\/pt\/produto\/rafting-no-rio-limay-saindo-de-bariloche\/\" \/>\n<meta property=\"og:locale\" content=\"pt_BR\" \/>\n<meta property=\"og:type\" content=\"article\" \/>\n<meta property=\"og:title\" content=\"Rafting en R\u00edo Limay desde Bariloche: Naturaleza, Aventura y Estepa Patag\u00f3nica\" \/>\n<meta property=\"og:description\" content=\"Viv\u00ed una experiencia segura de rafting en el R\u00edo Limay. Naturaleza, diversi\u00f3n y relax en paisajes patag\u00f3nicos \u00fanicos, ideal para toda la familia.\" \/>\n<meta property=\"og:url\" content=\"https:\/\/raftingbariloche.ar\/pt\/produto\/rafting-no-rio-limay-saindo-de-bariloche\/\" \/>\n<meta property=\"og:site_name\" content=\"Rafting Bariloche\" \/>\n<meta property=\"article:modified_time\" content=\"2026-04-28T13:57:57+00:00\" \/>\n<meta property=\"og:image\" content=\"https:\/\/raftingbariloche.ar\/wp-content\/uploads\/sites\/5\/2025\/08\/9-B-animate-a-hacer-rafting.jpg\" \/>\n\t<meta property=\"og:image:width\" content=\"850\" \/>\n\t<meta property=\"og:image:height\" content=\"1133\" \/>\n\t<meta property=\"og:image:type\" content=\"image\/jpeg\" \/>\n<meta name=\"twitter:card\" content=\"summary_large_image\" \/>\n<meta name=\"twitter:label1\" content=\"Pre\u00e7o\" \/>\n\t<meta name=\"twitter:data1\" content=\"&#036;99,500.00\" \/>\n\t<meta name=\"twitter:label2\" content=\"Disponibilidade\" \/>\n\t<meta name=\"twitter:data2\" content=\"Em Estoque\" \/>\n<script type=\"application\/ld+json\" class=\"yoast-schema-graph\">{\"@context\":\"https:\/\/schema.org\",\"@graph\":[{\"@type\":\"WebPage\",\"@id\":\"https:\/\/raftingbariloche.ar\/producto\/rafting-rio-limay-desde-bariloche\/\",\"url\":\"https:\/\/raftingbariloche.ar\/producto\/rafting-rio-limay-desde-bariloche\/\",\"name\":\"Rafting R\u00edo Limay desde Bariloche - Rafting Bariloche\",\"isPartOf\":{\"@id\":\"https:\/\/raftingbariloche.ar\/#website\"},\"primaryImageOfPage\":{\"@id\":\"https:\/\/raftingbariloche.ar\/producto\/rafting-rio-limay-desde-bariloche\/#primaryimage\"},\"image\":{\"@id\":\"https:\/\/raftingbariloche.ar\/producto\/rafting-rio-limay-desde-bariloche\/#primaryimage\"},\"thumbnailUrl\":\"https:\/\/raftingbariloche.ar\/wp-content\/uploads\/sites\/5\/2025\/08\/9-B-animate-a-hacer-rafting.jpg\",\"datePublished\":\"2025-08-18T16:53:47+00:00\",\"dateModified\":\"2026-04-28T13:57:57+00:00\",\"description\":\"Viv\u00ed una experiencia segura de rafting en el R\u00edo Limay. Naturaleza, diversi\u00f3n y relax en paisajes patag\u00f3nicos \u00fanicos, ideal para toda la familia.\",\"breadcrumb\":{\"@id\":\"https:\/\/raftingbariloche.ar\/producto\/rafting-rio-limay-desde-bariloche\/#breadcrumb\"},\"inLanguage\":\"pt-BR\",\"potentialAction\":[{\"@type\":\"ReadAction\",\"target\":[\"https:\/\/raftingbariloche.ar\/producto\/rafting-rio-limay-desde-bariloche\/\"]}]},{\"@type\":\"ImageObject\",\"inLanguage\":\"pt-BR\",\"@id\":\"https:\/\/raftingbariloche.ar\/producto\/rafting-rio-limay-desde-bariloche\/#primaryimage\",\"url\":\"https:\/\/raftingbariloche.ar\/wp-content\/uploads\/sites\/5\/2025\/08\/9-B-animate-a-hacer-rafting.jpg\",\"contentUrl\":\"https:\/\/raftingbariloche.ar\/wp-content\/uploads\/sites\/5\/2025\/08\/9-B-animate-a-hacer-rafting.jpg\",\"width\":850,\"height\":1133},{\"@type\":\"BreadcrumbList\",\"@id\":\"https:\/\/raftingbariloche.ar\/producto\/rafting-rio-limay-desde-bariloche\/#breadcrumb\",\"itemListElement\":[{\"@type\":\"ListItem\",\"position\":1,\"name\":\"Inicio\",\"item\":\"https:\/\/raftingbariloche.ar\/\"},{\"@type\":\"ListItem\",\"position\":2,\"name\":\"Tienda\",\"item\":\"https:\/\/raftingbariloche.ar\/tienda\/\"},{\"@type\":\"ListItem\",\"position\":3,\"name\":\"Rafting en R\u00edo Limay desde Bariloche: Naturaleza, Aventura y Estepa Patag\u00f3nica\"}]},{\"@type\":\"WebSite\",\"@id\":\"https:\/\/raftingbariloche.ar\/#website\",\"url\":\"https:\/\/raftingbariloche.ar\/\",\"name\":\"Rafting Bariloche\",\"description\":\"\",\"potentialAction\":[{\"@type\":\"SearchAction\",\"target\":{\"@type\":\"EntryPoint\",\"urlTemplate\":\"https:\/\/raftingbariloche.ar\/?s={search_term_string}\"},\"query-input\":{\"@type\":\"PropertyValueSpecification\",\"valueRequired\":true,\"valueName\":\"search_term_string\"}}],\"inLanguage\":\"pt-BR\"}]}<\/script>\n<meta property=\"product:price:amount\" content=\"99500.00\" \/>\n<meta property=\"product:price:currency\" content=\"ARS\" \/>\n<meta property=\"og:availability\" content=\"instock\" \/>\n<meta property=\"product:availability\" content=\"instock\" \/>\n<meta property=\"product:retailer_item_id\" content=\"ADV2025RALIPO7XQ4\" \/>\n<meta property=\"product:condition\" content=\"new\" \/>\n<!-- \/ Yoast SEO Premium plugin. -->","yoast_head_json":{"title":"Rafting no rio Limay desde Bariloche - Rafting Bariloche","description":"Viva uma experi\u00eancia segura de rafting no Rio Limay. Natureza, divers\u00e3o e relaxamento em paisagens patag\u00f4nicas \u00fanicas, ideais para toda a fam\u00edlia.","robots":{"index":"index","follow":"follow","max-snippet":"max-snippet:-1","max-image-preview":"max-image-preview:large","max-video-preview":"max-video-preview:-1"},"canonical":"https:\/\/raftingbariloche.ar\/pt\/produto\/rafting-no-rio-limay-saindo-de-bariloche\/","og_locale":"pt_BR","og_type":"article","og_title":"Rafting en R\u00edo Limay desde Bariloche: Naturaleza, Aventura y Estepa Patag\u00f3nica","og_description":"Viv\u00ed una experiencia segura de rafting en el R\u00edo Limay. Naturaleza, diversi\u00f3n y relax en paisajes patag\u00f3nicos \u00fanicos, ideal para toda la familia.","og_url":"https:\/\/raftingbariloche.ar\/pt\/produto\/rafting-no-rio-limay-saindo-de-bariloche\/","og_site_name":"Rafting Bariloche","article_modified_time":"2026-04-28T13:57:57+00:00","og_image":[{"width":850,"height":1133,"url":"https:\/\/raftingbariloche.ar\/wp-content\/uploads\/sites\/5\/2025\/08\/9-B-animate-a-hacer-rafting.jpg","type":"image\/jpeg"}],"twitter_card":"summary_large_image","twitter_misc":{"Pre\u00e7o":"&#36;99,500.00","Disponibilidade":"Em Estoque"},"schema":{"@context":"https:\/\/schema.org","@graph":[{"@type":"WebPage","@id":"https:\/\/raftingbariloche.ar\/producto\/rafting-rio-limay-desde-bariloche\/","url":"https:\/\/raftingbariloche.ar\/producto\/rafting-rio-limay-desde-bariloche\/","name":"Rafting no rio Limay desde Bariloche - Rafting Bariloche","isPartOf":{"@id":"https:\/\/raftingbariloche.ar\/#website"},"primaryImageOfPage":{"@id":"https:\/\/raftingbariloche.ar\/producto\/rafting-rio-limay-desde-bariloche\/#primaryimage"},"image":{"@id":"https:\/\/raftingbariloche.ar\/producto\/rafting-rio-limay-desde-bariloche\/#primaryimage"},"thumbnailUrl":"https:\/\/raftingbariloche.ar\/wp-content\/uploads\/sites\/5\/2025\/08\/9-B-animate-a-hacer-rafting.jpg","datePublished":"2025-08-18T16:53:47+00:00","dateModified":"2026-04-28T13:57:57+00:00","description":"Viva uma experi\u00eancia segura de rafting no Rio Limay. Natureza, divers\u00e3o e relaxamento em paisagens patag\u00f4nicas \u00fanicas, ideais para toda a fam\u00edlia.","breadcrumb":{"@id":"https:\/\/raftingbariloche.ar\/producto\/rafting-rio-limay-desde-bariloche\/#breadcrumb"},"inLanguage":"pt-BR","potentialAction":[{"@type":"ReadAction","target":["https:\/\/raftingbariloche.ar\/producto\/rafting-rio-limay-desde-bariloche\/"]}]},{"@type":"ImageObject","inLanguage":"pt-BR","@id":"https:\/\/raftingbariloche.ar\/producto\/rafting-rio-limay-desde-bariloche\/#primaryimage","url":"https:\/\/raftingbariloche.ar\/wp-content\/uploads\/sites\/5\/2025\/08\/9-B-animate-a-hacer-rafting.jpg","contentUrl":"https:\/\/raftingbariloche.ar\/wp-content\/uploads\/sites\/5\/2025\/08\/9-B-animate-a-hacer-rafting.jpg","width":850,"height":1133},{"@type":"BreadcrumbList","@id":"https:\/\/raftingbariloche.ar\/producto\/rafting-rio-limay-desde-bariloche\/#breadcrumb","itemListElement":[{"@type":"ListItem","position":1,"name":"Inicio","item":"https:\/\/raftingbariloche.ar\/"},{"@type":"ListItem","position":2,"name":"Tienda","item":"https:\/\/raftingbariloche.ar\/tienda\/"},{"@type":"ListItem","position":3,"name":"Rafting en R\u00edo Limay desde Bariloche: Naturaleza, Aventura y Estepa Patag\u00f3nica"}]},{"@type":"WebSite","@id":"https:\/\/raftingbariloche.ar\/#website","url":"https:\/\/raftingbariloche.ar\/","name":"Rafting em Bariloche","description":"","potentialAction":[{"@type":"SearchAction","target":{"@type":"EntryPoint","urlTemplate":"https:\/\/raftingbariloche.ar\/?s={search_term_string}"},"query-input":{"@type":"PropertyValueSpecification","valueRequired":true,"valueName":"search_term_string"}}],"inLanguage":"pt-BR"}]},"product_price_amount":"99500.00","product_price_currency":"ARS","og_availability":"instock","product_availability":"instock","product_retailer_item_id":"ADV2025RALIPO7XQ4","product_condition":"new"},"_links":{"self":[{"href":"https:\/\/raftingbariloche.ar\/pt\/wp-json\/wp\/v2\/product\/377898","targetHints":{"allow":["GET"]}}],"collection":[{"href":"https:\/\/raftingbariloche.ar\/pt\/wp-json\/wp\/v2\/product"}],"about":[{"href":"https:\/\/raftingbariloche.ar\/pt\/wp-json\/wp\/v2\/types\/product"}],"replies":[{"embeddable":true,"href":"https:\/\/raftingbariloche.ar\/pt\/wp-json\/wp\/v2\/comments?post=377898"}],"wp:featuredmedia":[{"embeddable":true,"href":"https:\/\/raftingbariloche.ar\/pt\/wp-json\/wp\/v2\/media\/378053"}],"wp:attachment":[{"href":"https:\/\/raftingbariloche.ar\/pt\/wp-json\/wp\/v2\/media?parent=377898"}],"wp:term":[{"taxonomy":"product_brand","embeddable":true,"href":"https:\/\/raftingbariloche.ar\/pt\/wp-json\/wp\/v2\/product_brand?post=377898"},{"taxonomy":"product_cat","embeddable":true,"href":"https:\/\/raftingbariloche.ar\/pt\/wp-json\/wp\/v2\/product_cat?post=377898"},{"taxonomy":"product_tag","embeddable":true,"href":"https:\/\/raftingbariloche.ar\/pt\/wp-json\/wp\/v2\/product_tag?post=377898"}],"curies":[{"name":"wp","href":"https:\/\/api.w.org\/{rel}","templated":true}]}}