{"id":377924,"date":"2025-08-18T14:02:58","date_gmt":"2025-08-18T17:02:58","guid":{"rendered":"https:\/\/raftingbariloche.ar\/producto\/excursion-a-puerto-blest-y-lago-frias-con-traslado\/"},"modified":"2026-04-07T12:05:39","modified_gmt":"2026-04-07T15:05:39","slug":"puerto-blest-lago-frias-con-traslado","status":"publish","type":"product","link":"https:\/\/raftingbariloche.ar\/en\/product\/puerto-blest-lake-frias-with-transfer\/","title":{"rendered":"Excursion to Puerto Blest and Frias Lake with transfer"},"content":{"rendered":"<h2 class=\"ai-optimize-22\">Experience the Greatness of Puerto Blest and the \u201cLos C\u00e1ntaros\u201d waterfall.\u201d<\/h2>\n<p class=\"ai-optimize-23 ai-optimize-introduction\">Take the opportunity to enjoy an unforgettable experience starting from the charming <strong>Puerto Pa\u00f1uelo<\/strong>, located minutes away from downtown San Carlos de Bariloche. Throughout an exciting boat trip of about sixty minutes, you will enjoy the visit to the iconic <strong>Sentinel Islet<\/strong>, where the remains of the famous Perito Moreno rest.<\/p>\n<p class=\"ai-optimize-24\">We continue on our way to a circuit of walkways that will give you unique views of the imposing <strong>Los C\u00e1ntaros Waterfall<\/strong>. This natural spectacle impresses with its enormous granite walls and a thousand-year-old larch tree that treasures more than 1,500 years in its rings.<\/p>\n<h3 class=\"ai-optimize-25\">Panoramic Navigation on the Lake<\/h3>\n<p class=\"ai-optimize-26\">Get on a last generation catamaran and feel the immensity of the sea. <strong>incomparable landscapes of the Nahuel Huapi lake<\/strong> and the imposing peaks of the <strong>Andes mountain range<\/strong>. Let the magic of the islands and the unique scenery of this area fill you with wonder.<\/p>\n<h2 class=\"ai-optimize-27\">Dive into Lake Frias: A Hidden Treasure<\/h2>\n<p class=\"ai-optimize-28\">When you disembark in Puerto Blest, a corner that seduces travelers from all over the world, you will be dazzled by the <strong>Lake Frias<\/strong>. Its green tones are a gift from the glacial sediments brought by Cerro Tronador.<\/p>\n<p class=\"ai-optimize-29\">For those looking to extend the pleasure, a short 3 km bus ride will drop you off at <strong>Puerto Alegre<\/strong>From there, you will be able to embark and get even closer to these waters that surprise everyone with their beauty.<\/p>\n<h3 class=\"ai-optimize-30\">Fun Options for Everyone<\/h3>\n<ul>\n<li class=\"ai-optimize-31\">Guided hikes through the Valdivian rainforest, a sanctuary of life and nature.<\/li>\n<li class=\"ai-optimize-32\">Boat rides on the calm Frias Lake, ideal for discovering incredible views.<\/li>\n<\/ul>\n<h2 class=\"ai-optimize-33\">Key Data for your Adventure<\/h2>\n<ul>\n<li class=\"ai-optimize-34\"><strong>Duration:<\/strong> From 9:00 am to approximately 5:30 pm.<\/li>\n<li class=\"ai-optimize-35\"><strong>Includes:<\/strong> Roundtrip transportation, guide during navigation and hikes.<\/li>\n<li class=\"ai-optimize-36\"><strong>Does not include:<\/strong> Food (option to purchase at the Paradores) and entrance fees to National Parks.<\/li>\n<\/ul>\n<h2 class=\"ai-optimize-37\">Frequently Asked Questions<\/h2>\n<ul>\n<li class=\"ai-optimize-38\"><strong>When do I pay the entrance fees to National Parks?<\/strong><br \/>\nPayment is made the same day of the excursion in Puerto Pa\u00f1uelo, only in cash and in local currency. There are discounts for residents and children under five years old.<\/li>\n<li class=\"ai-optimize-39\"><strong>Are there discounts for foreign retirees?<\/strong><br \/>\nNo, the benefits apply only to Argentine retirees, who must show their credentials when boarding.<\/li>\n<li class=\"ai-optimize-40\"><strong>Is it possible to bring your own food?<\/strong><br \/>\nOf course, you can bring your own lunch or buy something to eat both on board and at the different stops.<\/li>\n<li class=\"ai-optimize-41\"><strong>What is the boat used for the experience?<\/strong><br \/>\nShe usually sails on the historic Modesta Victoria, although this may change without notice.<\/li>\n<li class=\"ai-optimize-42\"><strong>Can it be added to other activities?<\/strong><br \/>\nYes, especially if your excursion starts in the afternoon. Connecting this tour with the Circuito Chico is highly recommended to make the most of the day.<\/li>\n<\/ul>","protected":false},"excerpt":{"rendered":"<p class=\"ai-optimize-6\">Live a unique experience touring Puerto Blest and Los C\u00e1ntaros Waterfall. Enjoy a boat ride and be amazed by the breathtaking scenery of Lake Frias. Buy your ticket now and be part of a day surrounded by extraordinary nature.<\/p>","protected":false},"featured_media":378022,"comment_status":"open","ping_status":"closed","template":"","meta":[],"product_brand":[],"product_cat":[49,53,54,57,58,60,64,69],"product_tag":[],"class_list":{"0":"post-377924","1":"product","2":"type-product","3":"status-publish","4":"has-post-thumbnail","6":"product_cat-adultos","7":"product_cat-con-traslado","8":"product_cat-familia","9":"product_cat-jubilados","10":"product_cat-lacustre","11":"product_cat-ninos","12":"product_cat-sin-comida","13":"product_cat-todo-el-ano","15":"first","16":"instock","17":"virtual","18":"sold-individually","19":"purchasable","20":"product-type-booking"},"booking_location":"","booking_location_type":"","booking_duration":60,"booking_duration_unit":"minute","booking_buffer":0,"booking_cost":0,"booking_resources":[],"exclude_global_add_ons":false,"addons":[{"name":"ADU | Adult","type":"input_multiplier","position":0,"required":true,"title_format":"label","default":"","description_enable":false,"description":"","placeholder_enable":false,"placeholder":"","display":"select","restrictions_type":"any_text","adjust_price":true,"price":"212000","price_type":"quantity_based","restrictions":false,"min":"0","max":"0","options":[],"id":1773233993},{"name":"MEN512 | from 5 to 12","type":"input_multiplier","position":1,"required":false,"title_format":"label","default":"","description_enable":false,"description":"","placeholder_enable":false,"placeholder":"","display":"select","restrictions_type":"any_text","adjust_price":true,"price":"119000","price_type":"quantity_based","restrictions":false,"min":"0","max":"0","options":[],"id":1773233994},{"name":"ADUJ : Retired","type":"input_multiplier","position":2,"required":false,"title_format":"label","default":"","description_enable":false,"description":"","placeholder_enable":false,"placeholder":"","display":"select","restrictions_type":"any_text","adjust_price":true,"price":"119000","price_type":"quantity_based","restrictions":false,"min":"0","max":"0","options":[],"id":1773233995}],"yoast_head":"<!-- This site is optimized with the Yoast SEO Premium plugin v25.2 (Yoast SEO v25.2) - https:\/\/yoast.com\/wordpress\/plugins\/seo\/ -->\n<title>Excursi\u00f3n a Puerto Blest y Lago Fr\u00edas con traslado - Rafting Bariloche<\/title>\n<meta name=\"description\" content=\"Explor\u00e1 Puerto Blest y Lago Fr\u00edas con traslado desde Bariloche. Navegaci\u00f3n, cascadas y vistas inolvidables de la Patagonia.\" \/>\n<meta name=\"robots\" content=\"index, follow, max-snippet:-1, max-image-preview:large, max-video-preview:-1\" \/>\n<link rel=\"canonical\" href=\"https:\/\/raftingbariloche.ar\/en\/product\/puerto-blest-lake-frias-with-transfer\/\" \/>\n<meta property=\"og:locale\" content=\"en_US\" \/>\n<meta property=\"og:type\" content=\"article\" \/>\n<meta property=\"og:title\" content=\"Excursi\u00f3n a Puerto Blest y Lago Fr\u00edas con traslado\" \/>\n<meta property=\"og:description\" content=\"Explor\u00e1 Puerto Blest y Lago Fr\u00edas con traslado desde Bariloche. Navegaci\u00f3n, cascadas y vistas inolvidables de la Patagonia.\" \/>\n<meta property=\"og:url\" content=\"https:\/\/raftingbariloche.ar\/en\/product\/puerto-blest-lake-frias-with-transfer\/\" \/>\n<meta property=\"og:site_name\" content=\"Rafting Bariloche\" \/>\n<meta property=\"article:modified_time\" content=\"2026-04-07T15:05:39+00:00\" \/>\n<meta property=\"og:image\" content=\"https:\/\/raftingbariloche.ar\/wp-content\/uploads\/sites\/5\/2025\/08\/10-D-509002547_1177476341076885_4650642580703209424_n.jpg\" \/>\n\t<meta property=\"og:image:width\" content=\"850\" \/>\n\t<meta property=\"og:image:height\" content=\"1133\" \/>\n\t<meta property=\"og:image:type\" content=\"image\/jpeg\" \/>\n<meta name=\"twitter:card\" content=\"summary_large_image\" \/>\n<meta name=\"twitter:label1\" content=\"Price\" \/>\n\t<meta name=\"twitter:data1\" content=\"&#036;212,000.00\" \/>\n\t<meta name=\"twitter:label2\" content=\"Availability\" \/>\n\t<meta name=\"twitter:data2\" content=\"In stock\" \/>\n<script type=\"application\/ld+json\" class=\"yoast-schema-graph\">{\"@context\":\"https:\/\/schema.org\",\"@graph\":[{\"@type\":\"WebPage\",\"@id\":\"https:\/\/raftingbariloche.ar\/producto\/puerto-blest-lago-frias-con-traslado\/\",\"url\":\"https:\/\/raftingbariloche.ar\/producto\/puerto-blest-lago-frias-con-traslado\/\",\"name\":\"Excursi\u00f3n a Puerto Blest y Lago Fr\u00edas con traslado - Rafting Bariloche\",\"isPartOf\":{\"@id\":\"https:\/\/raftingbariloche.ar\/#website\"},\"primaryImageOfPage\":{\"@id\":\"https:\/\/raftingbariloche.ar\/producto\/puerto-blest-lago-frias-con-traslado\/#primaryimage\"},\"image\":{\"@id\":\"https:\/\/raftingbariloche.ar\/producto\/puerto-blest-lago-frias-con-traslado\/#primaryimage\"},\"thumbnailUrl\":\"https:\/\/raftingbariloche.ar\/wp-content\/uploads\/sites\/5\/2025\/08\/10-D-509002547_1177476341076885_4650642580703209424_n.jpg\",\"datePublished\":\"2025-08-18T17:02:58+00:00\",\"dateModified\":\"2026-04-07T15:05:39+00:00\",\"description\":\"Explor\u00e1 Puerto Blest y Lago Fr\u00edas con traslado desde Bariloche. Navegaci\u00f3n, cascadas y vistas inolvidables de la Patagonia.\",\"breadcrumb\":{\"@id\":\"https:\/\/raftingbariloche.ar\/producto\/puerto-blest-lago-frias-con-traslado\/#breadcrumb\"},\"inLanguage\":\"en-US\",\"potentialAction\":[{\"@type\":\"ReadAction\",\"target\":[\"https:\/\/raftingbariloche.ar\/producto\/puerto-blest-lago-frias-con-traslado\/\"]}]},{\"@type\":\"ImageObject\",\"inLanguage\":\"en-US\",\"@id\":\"https:\/\/raftingbariloche.ar\/producto\/puerto-blest-lago-frias-con-traslado\/#primaryimage\",\"url\":\"https:\/\/raftingbariloche.ar\/wp-content\/uploads\/sites\/5\/2025\/08\/10-D-509002547_1177476341076885_4650642580703209424_n.jpg\",\"contentUrl\":\"https:\/\/raftingbariloche.ar\/wp-content\/uploads\/sites\/5\/2025\/08\/10-D-509002547_1177476341076885_4650642580703209424_n.jpg\",\"width\":850,\"height\":1133},{\"@type\":\"BreadcrumbList\",\"@id\":\"https:\/\/raftingbariloche.ar\/producto\/puerto-blest-lago-frias-con-traslado\/#breadcrumb\",\"itemListElement\":[{\"@type\":\"ListItem\",\"position\":1,\"name\":\"Inicio\",\"item\":\"https:\/\/raftingbariloche.ar\/\"},{\"@type\":\"ListItem\",\"position\":2,\"name\":\"Tienda\",\"item\":\"https:\/\/raftingbariloche.ar\/tienda\/\"},{\"@type\":\"ListItem\",\"position\":3,\"name\":\"Excursi\u00f3n a Puerto Blest y Lago Fr\u00edas con traslado\"}]},{\"@type\":\"WebSite\",\"@id\":\"https:\/\/raftingbariloche.ar\/#website\",\"url\":\"https:\/\/raftingbariloche.ar\/\",\"name\":\"Rafting Bariloche\",\"description\":\"\",\"potentialAction\":[{\"@type\":\"SearchAction\",\"target\":{\"@type\":\"EntryPoint\",\"urlTemplate\":\"https:\/\/raftingbariloche.ar\/?s={search_term_string}\"},\"query-input\":{\"@type\":\"PropertyValueSpecification\",\"valueRequired\":true,\"valueName\":\"search_term_string\"}}],\"inLanguage\":\"en-US\"}]}<\/script>\n<meta property=\"product:price:amount\" content=\"212000.00\" \/>\n<meta property=\"product:price:currency\" content=\"ARS\" \/>\n<meta property=\"og:availability\" content=\"instock\" \/>\n<meta property=\"product:availability\" content=\"instock\" \/>\n<meta property=\"product:retailer_item_id\" content=\"ADV2025PUBLYC9CR1\" \/>\n<meta property=\"product:condition\" content=\"new\" \/>\n<!-- \/ Yoast SEO Premium plugin. -->","yoast_head_json":{"title":"Excursion to Puerto Blest and Frias Lake with transfer - Rafting Bariloche","description":"Explore Puerto Blest and Frias Lake with transfer from Bariloche. Navigation, waterfalls and unforgettable views of Patagonia.","robots":{"index":"index","follow":"follow","max-snippet":"max-snippet:-1","max-image-preview":"max-image-preview:large","max-video-preview":"max-video-preview:-1"},"canonical":"https:\/\/raftingbariloche.ar\/en\/product\/puerto-blest-lake-frias-with-transfer\/","og_locale":"en_US","og_type":"article","og_title":"Excursi\u00f3n a Puerto Blest y Lago Fr\u00edas con traslado","og_description":"Explor\u00e1 Puerto Blest y Lago Fr\u00edas con traslado desde Bariloche. Navegaci\u00f3n, cascadas y vistas inolvidables de la Patagonia.","og_url":"https:\/\/raftingbariloche.ar\/en\/product\/puerto-blest-lake-frias-with-transfer\/","og_site_name":"Rafting Bariloche","article_modified_time":"2026-04-07T15:05:39+00:00","og_image":[{"width":850,"height":1133,"url":"https:\/\/raftingbariloche.ar\/wp-content\/uploads\/sites\/5\/2025\/08\/10-D-509002547_1177476341076885_4650642580703209424_n.jpg","type":"image\/jpeg"}],"twitter_card":"summary_large_image","twitter_misc":{"Price":"&#36;212,000.00","Availability":"In stock"},"schema":{"@context":"https:\/\/schema.org","@graph":[{"@type":"WebPage","@id":"https:\/\/raftingbariloche.ar\/producto\/puerto-blest-lago-frias-con-traslado\/","url":"https:\/\/raftingbariloche.ar\/producto\/puerto-blest-lago-frias-con-traslado\/","name":"Excursion to Puerto Blest and Frias Lake with transfer - Rafting Bariloche","isPartOf":{"@id":"https:\/\/raftingbariloche.ar\/#website"},"primaryImageOfPage":{"@id":"https:\/\/raftingbariloche.ar\/producto\/puerto-blest-lago-frias-con-traslado\/#primaryimage"},"image":{"@id":"https:\/\/raftingbariloche.ar\/producto\/puerto-blest-lago-frias-con-traslado\/#primaryimage"},"thumbnailUrl":"https:\/\/raftingbariloche.ar\/wp-content\/uploads\/sites\/5\/2025\/08\/10-D-509002547_1177476341076885_4650642580703209424_n.jpg","datePublished":"2025-08-18T17:02:58+00:00","dateModified":"2026-04-07T15:05:39+00:00","description":"Explore Puerto Blest and Frias Lake with transfer from Bariloche. Navigation, waterfalls and unforgettable views of Patagonia.","breadcrumb":{"@id":"https:\/\/raftingbariloche.ar\/producto\/puerto-blest-lago-frias-con-traslado\/#breadcrumb"},"inLanguage":"en-US","potentialAction":[{"@type":"ReadAction","target":["https:\/\/raftingbariloche.ar\/producto\/puerto-blest-lago-frias-con-traslado\/"]}]},{"@type":"ImageObject","inLanguage":"en-US","@id":"https:\/\/raftingbariloche.ar\/producto\/puerto-blest-lago-frias-con-traslado\/#primaryimage","url":"https:\/\/raftingbariloche.ar\/wp-content\/uploads\/sites\/5\/2025\/08\/10-D-509002547_1177476341076885_4650642580703209424_n.jpg","contentUrl":"https:\/\/raftingbariloche.ar\/wp-content\/uploads\/sites\/5\/2025\/08\/10-D-509002547_1177476341076885_4650642580703209424_n.jpg","width":850,"height":1133},{"@type":"BreadcrumbList","@id":"https:\/\/raftingbariloche.ar\/producto\/puerto-blest-lago-frias-con-traslado\/#breadcrumb","itemListElement":[{"@type":"ListItem","position":1,"name":"Inicio","item":"https:\/\/raftingbariloche.ar\/"},{"@type":"ListItem","position":2,"name":"Tienda","item":"https:\/\/raftingbariloche.ar\/tienda\/"},{"@type":"ListItem","position":3,"name":"Excursi\u00f3n a Puerto Blest y Lago Fr\u00edas con traslado"}]},{"@type":"WebSite","@id":"https:\/\/raftingbariloche.ar\/#website","url":"https:\/\/raftingbariloche.ar\/","name":"Rafting Bariloche","description":"","potentialAction":[{"@type":"SearchAction","target":{"@type":"EntryPoint","urlTemplate":"https:\/\/raftingbariloche.ar\/?s={search_term_string}"},"query-input":{"@type":"PropertyValueSpecification","valueRequired":true,"valueName":"search_term_string"}}],"inLanguage":"en-US"}]},"product_price_amount":"212000.00","product_price_currency":"ARS","og_availability":"instock","product_availability":"instock","product_retailer_item_id":"ADV2025PUBLYC9CR1","product_condition":"new"},"_links":{"self":[{"href":"https:\/\/raftingbariloche.ar\/en\/wp-json\/wp\/v2\/product\/377924","targetHints":{"allow":["GET"]}}],"collection":[{"href":"https:\/\/raftingbariloche.ar\/en\/wp-json\/wp\/v2\/product"}],"about":[{"href":"https:\/\/raftingbariloche.ar\/en\/wp-json\/wp\/v2\/types\/product"}],"replies":[{"embeddable":true,"href":"https:\/\/raftingbariloche.ar\/en\/wp-json\/wp\/v2\/comments?post=377924"}],"wp:featuredmedia":[{"embeddable":true,"href":"https:\/\/raftingbariloche.ar\/en\/wp-json\/wp\/v2\/media\/378022"}],"wp:attachment":[{"href":"https:\/\/raftingbariloche.ar\/en\/wp-json\/wp\/v2\/media?parent=377924"}],"wp:term":[{"taxonomy":"product_brand","embeddable":true,"href":"https:\/\/raftingbariloche.ar\/en\/wp-json\/wp\/v2\/product_brand?post=377924"},{"taxonomy":"product_cat","embeddable":true,"href":"https:\/\/raftingbariloche.ar\/en\/wp-json\/wp\/v2\/product_cat?post=377924"},{"taxonomy":"product_tag","embeddable":true,"href":"https:\/\/raftingbariloche.ar\/en\/wp-json\/wp\/v2\/product_tag?post=377924"}],"curies":[{"name":"wp","href":"https:\/\/api.w.org\/{rel}","templated":true}]}}