{"id":377923,"date":"2025-08-18T14:02:36","date_gmt":"2025-08-18T17:02:36","guid":{"rendered":"https:\/\/raftingbariloche.ar\/producto\/puerto-blest-y-cascada-los-cantaros-con-traslado\/"},"modified":"2026-04-08T16:26:16","modified_gmt":"2026-04-08T19:26:16","slug":"puerto-blest-cascada-los-cantaros-con-traslado","status":"publish","type":"product","link":"https:\/\/raftingbariloche.ar\/en\/product\/puerto-blest-los-cantaros-waterfall-with-transfer\/","title":{"rendered":"Puerto Blest and \u201cLos Cantaros\u201d Waterfall with transfer"},"content":{"rendered":"<h2 class=\"ai-optimize-22\">Experience the Greatness of Puerto Blest and the \u201cLos C\u00e1ntaros\u201d waterfall.\u201d<\/h2>\n<p class=\"ai-optimize-23 ai-optimize-introduction\">Dare to experience new sensations in the heart of Patagonia. With your transfer reservation, you will start your adventure from the heart of Bariloche to the emblematic Puerto Pa\u00f1uelo, located only 25 km from downtown. On the way, take the opportunity to appreciate the landscapes of the mountain range and the unique calm of the southern lakes that renew your spirits.<\/p>\n<h3 class=\"ai-optimize-24\">An Experience to Remember<\/h3>\n<p class=\"ai-optimize-25\">Get on the catamaran and set sail for about an hour. While sailing, you will come across the Centinela islet, the historical site where the remains of the great Perito Moreno rest. The trip concludes on the trails that lead to the impressive <strong>Los C\u00e1ntaros Waterfall<\/strong>The huge blocks of granite, shaped by the Patagonian glaciers, bear witness to the force of nature.<\/p>\n<h3 class=\"ai-optimize-26\">Wonders of Puerto Blest<\/h3>\n<ul>\n<li class=\"ai-optimize-27\"><strong>Bah\u00eda So\u00f1ada:<\/strong> Surprise yourself with the landscapes of the bay and the unique green of Lake Frias, fed by the thaws of the giant Cerro Tronador.<\/li>\n<li class=\"ai-optimize-28\"><strong>Hiking in the Valdivian Rainforest:<\/strong> Walking its circuits you will connect with the unequaled diversity of this exclusive natural environment of the region.<\/li>\n<\/ul>\n<h3 class=\"ai-optimize-29\">A Memory for Life<\/h3>\n<p class=\"ai-optimize-30\">The return through the Blest Arm puts the finishing touch: seeing Cerro Tronador on the horizon at sunset is a postcard impossible to forget. Take the opportunity to make this inspiring and surprising experience your own.<\/p>\n<h3 class=\"ai-optimize-31\">Key Information<\/h3>\n<ul>\n<li class=\"ai-optimize-32\"><strong>Schedule:<\/strong> From 09:00 to 18:00 hs.<\/li>\n<li class=\"ai-optimize-33\"><strong>Includes:<\/strong> Round trip transfer, guided catamaran cruise and guided walking tours through the forest.<\/li>\n<li class=\"ai-optimize-34\"><strong>Does not include:<\/strong> Lunches (there are stops with lunch options), access to National Parks and boarding fees.<\/li>\n<\/ul>\n<h3 class=\"ai-optimize-35\">Usual Inquiries<\/h3>\n<h4 class=\"ai-optimize-36\">Can everyone take the tour?<\/h4>\n<p class=\"ai-optimize-37\">Of course, this outing was designed so that children and adults can enjoy it without any problems.<\/p>\n<h4 class=\"ai-optimize-38\">What clothes should I wear?<\/h4>\n<p class=\"ai-optimize-39\">We suggest you wear comfortable clothes and walking shoes, plus a jacket in case the weather changes suddenly.<\/p>\n<h4 class=\"ai-optimize-40\">Is the \u201cLos C\u00e1ntaros\u201d waterfall accessible at any time?<\/h4>\n<p class=\"ai-optimize-41\">Generally, the excursion operates all year round. However, we suggest you check availability if you go in winter.<\/p>","protected":false},"excerpt":{"rendered":"<p class=\"ai-optimize-6\">Discover the magic of Puerto Blest and the imposing \u00abLos C\u00e1ntaros\u00bb waterfall. Enjoy a catamaran ride on the Nahuel Huapi Lake and immerse yourself in the lush Valdivian rainforest. This trip offers extraordinary views and unique moments in the middle of nature. Secure your experience and feel Patagonia like never before.<\/p>","protected":false},"featured_media":378018,"comment_status":"open","ping_status":"closed","template":"","meta":[],"product_brand":[],"product_cat":[49,53,54,57,58,60,64,69],"product_tag":[],"class_list":{"0":"post-377923","1":"product","2":"type-product","3":"status-publish","4":"has-post-thumbnail","6":"product_cat-adultos","7":"product_cat-con-traslado","8":"product_cat-familia","9":"product_cat-jubilados","10":"product_cat-lacustre","11":"product_cat-ninos","12":"product_cat-sin-comida","13":"product_cat-todo-el-ano","15":"first","16":"instock","17":"virtual","18":"sold-individually","19":"purchasable","20":"product-type-booking"},"booking_location":"","booking_location_type":"","booking_duration":60,"booking_duration_unit":"minute","booking_buffer":0,"booking_cost":0,"booking_resources":[],"exclude_global_add_ons":false,"addons":[{"name":"ADU | Adult","type":"input_multiplier","position":0,"required":false,"title_format":"label","default":"","description_enable":false,"description":"","placeholder_enable":false,"placeholder":"","display":"select","restrictions_type":"any_text","adjust_price":true,"price":"158000","price_type":"quantity_based","restrictions":false,"min":"0","max":"0","options":[],"id":1773234438},{"name":"MEN512 | from 5 to 12","type":"input_multiplier","position":1,"required":false,"title_format":"label","default":"","description_enable":false,"description":"","placeholder_enable":false,"placeholder":"","display":"select","restrictions_type":"any_text","adjust_price":true,"price":"92000","price_type":"quantity_based","restrictions":false,"min":"0","max":"0","options":[],"id":1773234439},{"name":"ADUJ : Retired","type":"input_multiplier","position":2,"required":false,"title_format":"label","default":"","description_enable":false,"description":"","placeholder_enable":false,"placeholder":"","display":"select","restrictions_type":"any_text","adjust_price":true,"price":"92000","price_type":"quantity_based","restrictions":false,"min":"0","max":"0","options":[],"id":1773234440}],"yoast_head":"<!-- This site is optimized with the Yoast SEO Premium plugin v25.2 (Yoast SEO v25.2) - https:\/\/yoast.com\/wordpress\/plugins\/seo\/ -->\n<title>Puerto Blest y Cascada &quot;Los Cantaros&quot; con traslado - Rafting Bariloche<\/title>\n<meta name=\"description\" content=\"Naveg\u00e1 el Nahuel Huapi hasta Puerto Blest y Cascada Los C\u00e1ntaros. Traslado incluido y paisajes \u00fanicos de la selva valdiviana.\" \/>\n<meta name=\"robots\" content=\"index, follow, max-snippet:-1, max-image-preview:large, max-video-preview:-1\" \/>\n<link rel=\"canonical\" href=\"https:\/\/raftingbariloche.ar\/en\/product\/puerto-blest-los-cantaros-waterfall-with-transfer\/\" \/>\n<meta property=\"og:locale\" content=\"en_US\" \/>\n<meta property=\"og:type\" content=\"article\" \/>\n<meta property=\"og:title\" content=\"Puerto Blest y Cascada &quot;Los Cantaros&quot; con traslado\" \/>\n<meta property=\"og:description\" content=\"Naveg\u00e1 el Nahuel Huapi hasta Puerto Blest y Cascada Los C\u00e1ntaros. Traslado incluido y paisajes \u00fanicos de la selva valdiviana.\" \/>\n<meta property=\"og:url\" content=\"https:\/\/raftingbariloche.ar\/en\/product\/puerto-blest-los-cantaros-waterfall-with-transfer\/\" \/>\n<meta property=\"og:site_name\" content=\"Rafting Bariloche\" \/>\n<meta property=\"article:modified_time\" content=\"2026-04-08T19:26:16+00:00\" \/>\n<meta property=\"og:image\" content=\"https:\/\/raftingbariloche.ar\/wp-content\/uploads\/sites\/5\/2025\/08\/10-A-492006039_1131449762346210_6381907563300999664_n.jpg\" \/>\n\t<meta property=\"og:image:width\" content=\"850\" \/>\n\t<meta property=\"og:image:height\" content=\"1133\" \/>\n\t<meta property=\"og:image:type\" content=\"image\/jpeg\" \/>\n<meta name=\"twitter:card\" content=\"summary_large_image\" \/>\n<meta name=\"twitter:label1\" content=\"Price\" \/>\n\t<meta name=\"twitter:data1\" content=\"&#036;158,000.00\" \/>\n\t<meta name=\"twitter:label2\" content=\"Availability\" \/>\n\t<meta name=\"twitter:data2\" content=\"In stock\" \/>\n<script type=\"application\/ld+json\" class=\"yoast-schema-graph\">{\"@context\":\"https:\/\/schema.org\",\"@graph\":[{\"@type\":\"WebPage\",\"@id\":\"https:\/\/raftingbariloche.ar\/producto\/puerto-blest-cascada-los-cantaros-con-traslado\/\",\"url\":\"https:\/\/raftingbariloche.ar\/producto\/puerto-blest-cascada-los-cantaros-con-traslado\/\",\"name\":\"Puerto Blest y Cascada \\\"Los Cantaros\\\" con traslado - Rafting Bariloche\",\"isPartOf\":{\"@id\":\"https:\/\/raftingbariloche.ar\/#website\"},\"primaryImageOfPage\":{\"@id\":\"https:\/\/raftingbariloche.ar\/producto\/puerto-blest-cascada-los-cantaros-con-traslado\/#primaryimage\"},\"image\":{\"@id\":\"https:\/\/raftingbariloche.ar\/producto\/puerto-blest-cascada-los-cantaros-con-traslado\/#primaryimage\"},\"thumbnailUrl\":\"https:\/\/raftingbariloche.ar\/wp-content\/uploads\/sites\/5\/2025\/08\/10-A-492006039_1131449762346210_6381907563300999664_n.jpg\",\"datePublished\":\"2025-08-18T17:02:36+00:00\",\"dateModified\":\"2026-04-08T19:26:16+00:00\",\"description\":\"Naveg\u00e1 el Nahuel Huapi hasta Puerto Blest y Cascada Los C\u00e1ntaros. Traslado incluido y paisajes \u00fanicos de la selva valdiviana.\",\"breadcrumb\":{\"@id\":\"https:\/\/raftingbariloche.ar\/producto\/puerto-blest-cascada-los-cantaros-con-traslado\/#breadcrumb\"},\"inLanguage\":\"en-US\",\"potentialAction\":[{\"@type\":\"ReadAction\",\"target\":[\"https:\/\/raftingbariloche.ar\/producto\/puerto-blest-cascada-los-cantaros-con-traslado\/\"]}]},{\"@type\":\"ImageObject\",\"inLanguage\":\"en-US\",\"@id\":\"https:\/\/raftingbariloche.ar\/producto\/puerto-blest-cascada-los-cantaros-con-traslado\/#primaryimage\",\"url\":\"https:\/\/raftingbariloche.ar\/wp-content\/uploads\/sites\/5\/2025\/08\/10-A-492006039_1131449762346210_6381907563300999664_n.jpg\",\"contentUrl\":\"https:\/\/raftingbariloche.ar\/wp-content\/uploads\/sites\/5\/2025\/08\/10-A-492006039_1131449762346210_6381907563300999664_n.jpg\",\"width\":850,\"height\":1133},{\"@type\":\"BreadcrumbList\",\"@id\":\"https:\/\/raftingbariloche.ar\/producto\/puerto-blest-cascada-los-cantaros-con-traslado\/#breadcrumb\",\"itemListElement\":[{\"@type\":\"ListItem\",\"position\":1,\"name\":\"Inicio\",\"item\":\"https:\/\/raftingbariloche.ar\/\"},{\"@type\":\"ListItem\",\"position\":2,\"name\":\"Tienda\",\"item\":\"https:\/\/raftingbariloche.ar\/tienda\/\"},{\"@type\":\"ListItem\",\"position\":3,\"name\":\"Puerto Blest y Cascada \u00abLos Cantaros\u00bb con traslado\"}]},{\"@type\":\"WebSite\",\"@id\":\"https:\/\/raftingbariloche.ar\/#website\",\"url\":\"https:\/\/raftingbariloche.ar\/\",\"name\":\"Rafting Bariloche\",\"description\":\"\",\"potentialAction\":[{\"@type\":\"SearchAction\",\"target\":{\"@type\":\"EntryPoint\",\"urlTemplate\":\"https:\/\/raftingbariloche.ar\/?s={search_term_string}\"},\"query-input\":{\"@type\":\"PropertyValueSpecification\",\"valueRequired\":true,\"valueName\":\"search_term_string\"}}],\"inLanguage\":\"en-US\"}]}<\/script>\n<meta property=\"product:price:amount\" content=\"158000.00\" \/>\n<meta property=\"product:price:currency\" content=\"ARS\" \/>\n<meta property=\"og:availability\" content=\"instock\" \/>\n<meta property=\"product:availability\" content=\"instock\" \/>\n<meta property=\"product:retailer_item_id\" content=\"ADV2025PUBLYCO2Q8\" \/>\n<meta property=\"product:condition\" content=\"new\" \/>\n<!-- \/ Yoast SEO Premium plugin. -->","yoast_head_json":{"title":"Puerto Blest and \"Los Cantaros\" waterfall with transfer - Rafting Bariloche","description":"Navigate the Nahuel Huapi to Puerto Blest and Los C\u00e1ntaros waterfall. Transfer included and unique landscapes of the Valdivian rainforest.","robots":{"index":"index","follow":"follow","max-snippet":"max-snippet:-1","max-image-preview":"max-image-preview:large","max-video-preview":"max-video-preview:-1"},"canonical":"https:\/\/raftingbariloche.ar\/en\/product\/puerto-blest-los-cantaros-waterfall-with-transfer\/","og_locale":"en_US","og_type":"article","og_title":"Puerto Blest y Cascada \"Los Cantaros\" con traslado","og_description":"Naveg\u00e1 el Nahuel Huapi hasta Puerto Blest y Cascada Los C\u00e1ntaros. Traslado incluido y paisajes \u00fanicos de la selva valdiviana.","og_url":"https:\/\/raftingbariloche.ar\/en\/product\/puerto-blest-los-cantaros-waterfall-with-transfer\/","og_site_name":"Rafting Bariloche","article_modified_time":"2026-04-08T19:26:16+00:00","og_image":[{"width":850,"height":1133,"url":"https:\/\/raftingbariloche.ar\/wp-content\/uploads\/sites\/5\/2025\/08\/10-A-492006039_1131449762346210_6381907563300999664_n.jpg","type":"image\/jpeg"}],"twitter_card":"summary_large_image","twitter_misc":{"Price":"&#36;158,000.00","Availability":"In stock"},"schema":{"@context":"https:\/\/schema.org","@graph":[{"@type":"WebPage","@id":"https:\/\/raftingbariloche.ar\/producto\/puerto-blest-cascada-los-cantaros-con-traslado\/","url":"https:\/\/raftingbariloche.ar\/producto\/puerto-blest-cascada-los-cantaros-con-traslado\/","name":"Puerto Blest and \"Los Cantaros\" waterfall with transfer - Rafting Bariloche","isPartOf":{"@id":"https:\/\/raftingbariloche.ar\/#website"},"primaryImageOfPage":{"@id":"https:\/\/raftingbariloche.ar\/producto\/puerto-blest-cascada-los-cantaros-con-traslado\/#primaryimage"},"image":{"@id":"https:\/\/raftingbariloche.ar\/producto\/puerto-blest-cascada-los-cantaros-con-traslado\/#primaryimage"},"thumbnailUrl":"https:\/\/raftingbariloche.ar\/wp-content\/uploads\/sites\/5\/2025\/08\/10-A-492006039_1131449762346210_6381907563300999664_n.jpg","datePublished":"2025-08-18T17:02:36+00:00","dateModified":"2026-04-08T19:26:16+00:00","description":"Navigate the Nahuel Huapi to Puerto Blest and Los C\u00e1ntaros waterfall. Transfer included and unique landscapes of the Valdivian rainforest.","breadcrumb":{"@id":"https:\/\/raftingbariloche.ar\/producto\/puerto-blest-cascada-los-cantaros-con-traslado\/#breadcrumb"},"inLanguage":"en-US","potentialAction":[{"@type":"ReadAction","target":["https:\/\/raftingbariloche.ar\/producto\/puerto-blest-cascada-los-cantaros-con-traslado\/"]}]},{"@type":"ImageObject","inLanguage":"en-US","@id":"https:\/\/raftingbariloche.ar\/producto\/puerto-blest-cascada-los-cantaros-con-traslado\/#primaryimage","url":"https:\/\/raftingbariloche.ar\/wp-content\/uploads\/sites\/5\/2025\/08\/10-A-492006039_1131449762346210_6381907563300999664_n.jpg","contentUrl":"https:\/\/raftingbariloche.ar\/wp-content\/uploads\/sites\/5\/2025\/08\/10-A-492006039_1131449762346210_6381907563300999664_n.jpg","width":850,"height":1133},{"@type":"BreadcrumbList","@id":"https:\/\/raftingbariloche.ar\/producto\/puerto-blest-cascada-los-cantaros-con-traslado\/#breadcrumb","itemListElement":[{"@type":"ListItem","position":1,"name":"Inicio","item":"https:\/\/raftingbariloche.ar\/"},{"@type":"ListItem","position":2,"name":"Tienda","item":"https:\/\/raftingbariloche.ar\/tienda\/"},{"@type":"ListItem","position":3,"name":"Puerto Blest y Cascada \u00abLos Cantaros\u00bb con traslado"}]},{"@type":"WebSite","@id":"https:\/\/raftingbariloche.ar\/#website","url":"https:\/\/raftingbariloche.ar\/","name":"Rafting Bariloche","description":"","potentialAction":[{"@type":"SearchAction","target":{"@type":"EntryPoint","urlTemplate":"https:\/\/raftingbariloche.ar\/?s={search_term_string}"},"query-input":{"@type":"PropertyValueSpecification","valueRequired":true,"valueName":"search_term_string"}}],"inLanguage":"en-US"}]},"product_price_amount":"158000.00","product_price_currency":"ARS","og_availability":"instock","product_availability":"instock","product_retailer_item_id":"ADV2025PUBLYCO2Q8","product_condition":"new"},"_links":{"self":[{"href":"https:\/\/raftingbariloche.ar\/en\/wp-json\/wp\/v2\/product\/377923","targetHints":{"allow":["GET"]}}],"collection":[{"href":"https:\/\/raftingbariloche.ar\/en\/wp-json\/wp\/v2\/product"}],"about":[{"href":"https:\/\/raftingbariloche.ar\/en\/wp-json\/wp\/v2\/types\/product"}],"replies":[{"embeddable":true,"href":"https:\/\/raftingbariloche.ar\/en\/wp-json\/wp\/v2\/comments?post=377923"}],"wp:featuredmedia":[{"embeddable":true,"href":"https:\/\/raftingbariloche.ar\/en\/wp-json\/wp\/v2\/media\/378018"}],"wp:attachment":[{"href":"https:\/\/raftingbariloche.ar\/en\/wp-json\/wp\/v2\/media?parent=377923"}],"wp:term":[{"taxonomy":"product_brand","embeddable":true,"href":"https:\/\/raftingbariloche.ar\/en\/wp-json\/wp\/v2\/product_brand?post=377923"},{"taxonomy":"product_cat","embeddable":true,"href":"https:\/\/raftingbariloche.ar\/en\/wp-json\/wp\/v2\/product_cat?post=377923"},{"taxonomy":"product_tag","embeddable":true,"href":"https:\/\/raftingbariloche.ar\/en\/wp-json\/wp\/v2\/product_tag?post=377923"}],"curies":[{"name":"wp","href":"https:\/\/api.w.org\/{rel}","templated":true}]}}