{"id":377912,"date":"2025-08-18T13:57:47","date_gmt":"2025-08-18T16:57:47","guid":{"rendered":"https:\/\/raftingbariloche.ar\/producto\/circuito-chico-y-cerro-campanario-explora-bariloche-como-nunca-antes\/"},"modified":"2026-04-08T16:25:39","modified_gmt":"2026-04-08T19:25:39","slug":"circuito-chico-cerro-campanario","status":"publish","type":"product","link":"https:\/\/raftingbariloche.ar\/en\/product\/cerro-campanario-small-circuit\/","title":{"rendered":"Circuito Chico and Cerro Campanario: explore Bariloche like never before"},"content":{"rendered":"<h3 class=\"ai-optimize-6\" data-start=\"417\" data-end=\"500\"><strong data-start=\"421\" data-end=\"500\">Amazing landscapes, legendary trails and postcards that will thrill you<\/strong><\/h3>\n<p class=\"ai-optimize-7 ai-optimize-introduction\" data-start=\"502\" data-end=\"756\">We encourage you to explore in a few hours the most representative areas of Bariloche with this tour designed for those who seek to merge nature, past and dazzling views. The <strong data-start=\"677\" data-end=\"695\">Small Circuit<\/strong> is the most chosen proposal to start your experience in the city.<\/p>\n<p class=\"ai-optimize-8\" data-start=\"758\" data-end=\"1088\">The tour departs from central stops and along km 8 of Bustillo Av. or Pioneros Av. During the trip, you will travel along the coast of the <strong data-start=\"910\" data-end=\"931\">Nahuel Huapi Lake<\/strong>, admire the majestic <strong data-start=\"957\" data-end=\"976\">Hotel Llao Llao<\/strong>, the iconic <strong data-start=\"993\" data-end=\"1016\">St. Edward's Chapel<\/strong> and the <strong data-start=\"1022\" data-end=\"1040\">Puerto Pa\u00f1uelo<\/strong>, from where the navigations depart.<\/p>\n<p class=\"ai-optimize-9\" data-start=\"1090\" data-end=\"1241\">In addition, you will reach places such as <strong data-start=\"1125\" data-end=\"1140\">Villa Tacul<\/strong>, the <strong data-start=\"1145\" data-end=\"1163\">Hidden Lake<\/strong> and the <strong data-start=\"1169\" data-end=\"1184\">Cerro Lopez<\/strong>, with stops designed for you to capture the moment and live the environment.<\/p>\n<p class=\"ai-optimize-10\" data-start=\"1243\" data-end=\"1484\">The closing of the tour is at the <strong data-start=\"1272\" data-end=\"1292\">Cerro Campanario<\/strong>, where you can take a chairlift to one of the most impressive panoramic points in the world. From the top, the view of mountains, lagoons and valleys gives you a unique visual experience.<\/p>\n<p class=\"ai-optimize-11\" data-start=\"1486\" data-end=\"1665\">The tour takes place from 8:30 am to 12:30 pm or from 3:00 pm to 7:00 pm. It includes transfers and an expert Spanish speaking guide (available in other languages). The chairlift pass and meals are not included.<\/p>\n<h3 class=\"ai-optimize-12\" data-start=\"1672\" data-end=\"1700\"><strong data-start=\"1676\" data-end=\"1700\">Frequently asked questions<\/strong><\/h3>\n<p class=\"ai-optimize-13\" data-start=\"1702\" data-end=\"1844\"><strong data-start=\"1702\" data-end=\"1746\">Can I combine this tour with another tour?<\/strong><br data-start=\"1746\" data-end=\"1749\" \/>Totally, it is ideal for adding a tour to the <strong data-start=\"1787\" data-end=\"1805\">Cerro Catedral<\/strong> or an output to <strong data-start=\"1813\" data-end=\"1830\">Victoria Island<\/strong> in the afternoon.<\/p>\n<p class=\"ai-optimize-14\" data-start=\"1846\" data-end=\"1951\"><strong data-start=\"1846\" data-end=\"1878\">Is the chairlift included?<\/strong><br data-start=\"1878\" data-end=\"1881\" \/>No, the ascent to Cerro Campanario is optional and is paid directly there.<\/p>\n<p class=\"ai-optimize-15\" data-start=\"1953\" data-end=\"2056\"><strong data-start=\"1953\" data-end=\"1986\">Can I enter the Llao Llao Llao Hotel?<\/strong><br data-start=\"1986\" data-end=\"1989\" \/>Admission is not foreseen. The visit includes the exterior and the surrounding landscapes.<\/p>\n<p class=\"ai-optimize-16\" data-start=\"2058\" data-end=\"2192\"><strong data-start=\"2058\" data-end=\"2082\">Is it a physical walk?<\/strong><br data-start=\"2082\" data-end=\"2085\" \/>It does not require physical effort. It is accessible to anyone and highly recommended for a first trip to Bariloche.<\/p>","protected":false},"excerpt":{"rendered":"<p class=\"ai-optimize-6\">Experience Bariloche exploring the Circuito Chico and reaching the top of Cerro Campanario. Walk along the picturesque Bustillo Avenue, contemplate the majesty of the Llao Llao Llao Hotel and ascend the Cerro Campanario to enjoy a unique panoramic view. An experience that combines landscapes, comfort and a never-to-be-repeated adventure.<\/p>","protected":false},"featured_media":378113,"comment_status":"open","ping_status":"closed","template":"","meta":[],"product_brand":[],"product_cat":[49,53,54,60,64,67,69],"product_tag":[],"class_list":{"0":"post-377912","1":"product","2":"type-product","3":"status-publish","4":"has-post-thumbnail","6":"product_cat-adultos","7":"product_cat-con-traslado","8":"product_cat-familia","9":"product_cat-ninos","10":"product_cat-sin-comida","11":"product_cat-terrestre","12":"product_cat-todo-el-ano","14":"first","15":"instock","16":"virtual","17":"sold-individually","18":"purchasable","19":"product-type-booking"},"booking_location":"","booking_location_type":"","booking_duration":1,"booking_duration_unit":"hour","booking_buffer":0,"booking_cost":0,"booking_resources":[],"exclude_global_add_ons":false,"addons":[{"name":"STD | Passengers","type":"input_multiplier","position":0,"required":false,"title_format":"label","default":"","description_enable":false,"description":"","placeholder_enable":false,"placeholder":"","display":"select","restrictions_type":"any_text","adjust_price":true,"price":"23400","price_type":"flat_fee","restrictions":false,"min":"0","max":"0","options":[],"id":1773236982}],"yoast_head":"<!-- This site is optimized with the Yoast SEO Premium plugin v25.2 (Yoast SEO v25.2) - https:\/\/yoast.com\/wordpress\/plugins\/seo\/ -->\n<title>Circuito Chico y Cerro Campanario - Rafting Bariloche<\/title>\n<meta name=\"description\" content=\"Descubr\u00ed el Circuito Chico y Cerro Campanario en Bariloche. Miradores incre\u00edbles, lago Nahuel Huapi y paisajes \u00fanicos en una excursi\u00f3n imperdible.\" \/>\n<meta name=\"robots\" content=\"index, follow, max-snippet:-1, max-image-preview:large, max-video-preview:-1\" \/>\n<link rel=\"canonical\" href=\"https:\/\/raftingbariloche.ar\/en\/product\/cerro-campanario-small-circuit\/\" \/>\n<meta property=\"og:locale\" content=\"en_US\" \/>\n<meta property=\"og:type\" content=\"article\" \/>\n<meta property=\"og:title\" content=\"Circuito Chico y Cerro Campanario: explor\u00e1 Bariloche como nunca antes\" \/>\n<meta property=\"og:description\" content=\"Descubr\u00ed el Circuito Chico y Cerro Campanario en Bariloche. Miradores incre\u00edbles, lago Nahuel Huapi y paisajes \u00fanicos en una excursi\u00f3n imperdible.\" \/>\n<meta property=\"og:url\" content=\"https:\/\/raftingbariloche.ar\/en\/product\/cerro-campanario-small-circuit\/\" \/>\n<meta property=\"og:site_name\" content=\"Rafting Bariloche\" \/>\n<meta property=\"article:modified_time\" content=\"2026-04-08T19:25:39+00:00\" \/>\n<meta property=\"og:image\" content=\"https:\/\/raftingbariloche.ar\/wp-content\/uploads\/sites\/5\/2025\/08\/10-A-DSC_0103.jpg\" \/>\n\t<meta property=\"og:image:width\" content=\"850\" \/>\n\t<meta property=\"og:image:height\" content=\"1133\" \/>\n\t<meta property=\"og:image:type\" content=\"image\/jpeg\" \/>\n<meta name=\"twitter:card\" content=\"summary_large_image\" \/>\n<meta name=\"twitter:label1\" content=\"Price\" \/>\n\t<meta name=\"twitter:data1\" content=\"&#036;23,400.00\" \/>\n\t<meta name=\"twitter:label2\" content=\"Availability\" \/>\n\t<meta name=\"twitter:data2\" content=\"In stock\" \/>\n<script type=\"application\/ld+json\" class=\"yoast-schema-graph\">{\"@context\":\"https:\/\/schema.org\",\"@graph\":[{\"@type\":\"WebPage\",\"@id\":\"https:\/\/raftingbariloche.ar\/producto\/circuito-chico-cerro-campanario\/\",\"url\":\"https:\/\/raftingbariloche.ar\/producto\/circuito-chico-cerro-campanario\/\",\"name\":\"Circuito Chico y Cerro Campanario - Rafting Bariloche\",\"isPartOf\":{\"@id\":\"https:\/\/raftingbariloche.ar\/#website\"},\"primaryImageOfPage\":{\"@id\":\"https:\/\/raftingbariloche.ar\/producto\/circuito-chico-cerro-campanario\/#primaryimage\"},\"image\":{\"@id\":\"https:\/\/raftingbariloche.ar\/producto\/circuito-chico-cerro-campanario\/#primaryimage\"},\"thumbnailUrl\":\"https:\/\/raftingbariloche.ar\/wp-content\/uploads\/sites\/5\/2025\/08\/10-A-DSC_0103.jpg\",\"datePublished\":\"2025-08-18T16:57:47+00:00\",\"dateModified\":\"2026-04-08T19:25:39+00:00\",\"description\":\"Descubr\u00ed el Circuito Chico y Cerro Campanario en Bariloche. Miradores incre\u00edbles, lago Nahuel Huapi y paisajes \u00fanicos en una excursi\u00f3n imperdible.\",\"breadcrumb\":{\"@id\":\"https:\/\/raftingbariloche.ar\/producto\/circuito-chico-cerro-campanario\/#breadcrumb\"},\"inLanguage\":\"en-US\",\"potentialAction\":[{\"@type\":\"ReadAction\",\"target\":[\"https:\/\/raftingbariloche.ar\/producto\/circuito-chico-cerro-campanario\/\"]}]},{\"@type\":\"ImageObject\",\"inLanguage\":\"en-US\",\"@id\":\"https:\/\/raftingbariloche.ar\/producto\/circuito-chico-cerro-campanario\/#primaryimage\",\"url\":\"https:\/\/raftingbariloche.ar\/wp-content\/uploads\/sites\/5\/2025\/08\/10-A-DSC_0103.jpg\",\"contentUrl\":\"https:\/\/raftingbariloche.ar\/wp-content\/uploads\/sites\/5\/2025\/08\/10-A-DSC_0103.jpg\",\"width\":850,\"height\":1133},{\"@type\":\"BreadcrumbList\",\"@id\":\"https:\/\/raftingbariloche.ar\/producto\/circuito-chico-cerro-campanario\/#breadcrumb\",\"itemListElement\":[{\"@type\":\"ListItem\",\"position\":1,\"name\":\"Inicio\",\"item\":\"https:\/\/raftingbariloche.ar\/\"},{\"@type\":\"ListItem\",\"position\":2,\"name\":\"Tienda\",\"item\":\"https:\/\/raftingbariloche.ar\/tienda\/\"},{\"@type\":\"ListItem\",\"position\":3,\"name\":\"Circuito Chico y Cerro Campanario: explor\u00e1 Bariloche como nunca antes\"}]},{\"@type\":\"WebSite\",\"@id\":\"https:\/\/raftingbariloche.ar\/#website\",\"url\":\"https:\/\/raftingbariloche.ar\/\",\"name\":\"Rafting Bariloche\",\"description\":\"\",\"potentialAction\":[{\"@type\":\"SearchAction\",\"target\":{\"@type\":\"EntryPoint\",\"urlTemplate\":\"https:\/\/raftingbariloche.ar\/?s={search_term_string}\"},\"query-input\":{\"@type\":\"PropertyValueSpecification\",\"valueRequired\":true,\"valueName\":\"search_term_string\"}}],\"inLanguage\":\"en-US\"}]}<\/script>\n<meta property=\"product:price:amount\" content=\"23400.00\" \/>\n<meta property=\"product:price:currency\" content=\"ARS\" \/>\n<meta property=\"og:availability\" content=\"instock\" \/>\n<meta property=\"product:availability\" content=\"instock\" \/>\n<meta property=\"product:retailer_item_id\" content=\"ADV2025CICHYC1KOR\" \/>\n<meta property=\"product:condition\" content=\"new\" \/>\n<!-- \/ Yoast SEO Premium plugin. -->","yoast_head_json":{"title":"Circuito Chico and Cerro Campanario - Rafting Bariloche","description":"Discover the Circuito Chico and Cerro Campanario in Bariloche. Incredible viewpoints, Nahuel Huapi Lake and unique landscapes in an excursion not to be missed.","robots":{"index":"index","follow":"follow","max-snippet":"max-snippet:-1","max-image-preview":"max-image-preview:large","max-video-preview":"max-video-preview:-1"},"canonical":"https:\/\/raftingbariloche.ar\/en\/product\/cerro-campanario-small-circuit\/","og_locale":"en_US","og_type":"article","og_title":"Circuito Chico y Cerro Campanario: explor\u00e1 Bariloche como nunca antes","og_description":"Descubr\u00ed el Circuito Chico y Cerro Campanario en Bariloche. Miradores incre\u00edbles, lago Nahuel Huapi y paisajes \u00fanicos en una excursi\u00f3n imperdible.","og_url":"https:\/\/raftingbariloche.ar\/en\/product\/cerro-campanario-small-circuit\/","og_site_name":"Rafting Bariloche","article_modified_time":"2026-04-08T19:25:39+00:00","og_image":[{"width":850,"height":1133,"url":"https:\/\/raftingbariloche.ar\/wp-content\/uploads\/sites\/5\/2025\/08\/10-A-DSC_0103.jpg","type":"image\/jpeg"}],"twitter_card":"summary_large_image","twitter_misc":{"Price":"&#36;23,400.00","Availability":"In stock"},"schema":{"@context":"https:\/\/schema.org","@graph":[{"@type":"WebPage","@id":"https:\/\/raftingbariloche.ar\/producto\/circuito-chico-cerro-campanario\/","url":"https:\/\/raftingbariloche.ar\/producto\/circuito-chico-cerro-campanario\/","name":"Circuito Chico and Cerro Campanario - Rafting Bariloche","isPartOf":{"@id":"https:\/\/raftingbariloche.ar\/#website"},"primaryImageOfPage":{"@id":"https:\/\/raftingbariloche.ar\/producto\/circuito-chico-cerro-campanario\/#primaryimage"},"image":{"@id":"https:\/\/raftingbariloche.ar\/producto\/circuito-chico-cerro-campanario\/#primaryimage"},"thumbnailUrl":"https:\/\/raftingbariloche.ar\/wp-content\/uploads\/sites\/5\/2025\/08\/10-A-DSC_0103.jpg","datePublished":"2025-08-18T16:57:47+00:00","dateModified":"2026-04-08T19:25:39+00:00","description":"Discover the Circuito Chico and Cerro Campanario in Bariloche. Incredible viewpoints, Nahuel Huapi Lake and unique landscapes in an excursion not to be missed.","breadcrumb":{"@id":"https:\/\/raftingbariloche.ar\/producto\/circuito-chico-cerro-campanario\/#breadcrumb"},"inLanguage":"en-US","potentialAction":[{"@type":"ReadAction","target":["https:\/\/raftingbariloche.ar\/producto\/circuito-chico-cerro-campanario\/"]}]},{"@type":"ImageObject","inLanguage":"en-US","@id":"https:\/\/raftingbariloche.ar\/producto\/circuito-chico-cerro-campanario\/#primaryimage","url":"https:\/\/raftingbariloche.ar\/wp-content\/uploads\/sites\/5\/2025\/08\/10-A-DSC_0103.jpg","contentUrl":"https:\/\/raftingbariloche.ar\/wp-content\/uploads\/sites\/5\/2025\/08\/10-A-DSC_0103.jpg","width":850,"height":1133},{"@type":"BreadcrumbList","@id":"https:\/\/raftingbariloche.ar\/producto\/circuito-chico-cerro-campanario\/#breadcrumb","itemListElement":[{"@type":"ListItem","position":1,"name":"Inicio","item":"https:\/\/raftingbariloche.ar\/"},{"@type":"ListItem","position":2,"name":"Tienda","item":"https:\/\/raftingbariloche.ar\/tienda\/"},{"@type":"ListItem","position":3,"name":"Circuito Chico y Cerro Campanario: explor\u00e1 Bariloche como nunca antes"}]},{"@type":"WebSite","@id":"https:\/\/raftingbariloche.ar\/#website","url":"https:\/\/raftingbariloche.ar\/","name":"Rafting Bariloche","description":"","potentialAction":[{"@type":"SearchAction","target":{"@type":"EntryPoint","urlTemplate":"https:\/\/raftingbariloche.ar\/?s={search_term_string}"},"query-input":{"@type":"PropertyValueSpecification","valueRequired":true,"valueName":"search_term_string"}}],"inLanguage":"en-US"}]},"product_price_amount":"23400.00","product_price_currency":"ARS","og_availability":"instock","product_availability":"instock","product_retailer_item_id":"ADV2025CICHYC1KOR","product_condition":"new"},"_links":{"self":[{"href":"https:\/\/raftingbariloche.ar\/en\/wp-json\/wp\/v2\/product\/377912","targetHints":{"allow":["GET"]}}],"collection":[{"href":"https:\/\/raftingbariloche.ar\/en\/wp-json\/wp\/v2\/product"}],"about":[{"href":"https:\/\/raftingbariloche.ar\/en\/wp-json\/wp\/v2\/types\/product"}],"replies":[{"embeddable":true,"href":"https:\/\/raftingbariloche.ar\/en\/wp-json\/wp\/v2\/comments?post=377912"}],"wp:featuredmedia":[{"embeddable":true,"href":"https:\/\/raftingbariloche.ar\/en\/wp-json\/wp\/v2\/media\/378113"}],"wp:attachment":[{"href":"https:\/\/raftingbariloche.ar\/en\/wp-json\/wp\/v2\/media?parent=377912"}],"wp:term":[{"taxonomy":"product_brand","embeddable":true,"href":"https:\/\/raftingbariloche.ar\/en\/wp-json\/wp\/v2\/product_brand?post=377912"},{"taxonomy":"product_cat","embeddable":true,"href":"https:\/\/raftingbariloche.ar\/en\/wp-json\/wp\/v2\/product_cat?post=377912"},{"taxonomy":"product_tag","embeddable":true,"href":"https:\/\/raftingbariloche.ar\/en\/wp-json\/wp\/v2\/product_tag?post=377912"}],"curies":[{"name":"wp","href":"https:\/\/api.w.org\/{rel}","templated":true}]}}