{"id":377910,"date":"2025-08-18T13:56:57","date_gmt":"2025-08-18T16:56:57","guid":{"rendered":"https:\/\/raftingbariloche.ar\/producto\/cerro-tronador-y-ventisquero-negro-exploracion-total-en-el-corazon-de-la-patagonia\/"},"modified":"2026-04-08T16:26:16","modified_gmt":"2026-04-08T19:26:16","slug":"cerro-tronador-y-ventisquero-negro","status":"publish","type":"product","link":"https:\/\/raftingbariloche.ar\/en\/product\/cerro-tronador-and-ventisquero-negro\/","title":{"rendered":"Cerro Tronador and Ventisquero Negro: full exploration in the heart of Patagonia"},"content":{"rendered":"<h3 class=\"ai-optimize-6\" data-start=\"470\" data-end=\"552\"><strong data-start=\"474\" data-end=\"552\">Come and explore a unique landscape in the Patagonian Andes.<\/strong><\/h3>\n<p class=\"ai-optimize-7 ai-optimize-introduction\" data-start=\"554\" data-end=\"888\">This outing proposes to immerse yourself in one of the most amazing places of the Nahuel Huapi National Park. The <strong data-start=\"666\" data-end=\"684\">Cerro Tronador<\/strong>, The Patagonia National Park, famous for its active glaciers and perpetual snow, symbolizes adventure in the Argentine Patagonia and is the ideal plan for those looking for breathtaking landscapes and unforgettable moments in the open air.<\/p>\n<p class=\"ai-optimize-8\" data-start=\"890\" data-end=\"1248\">The tour starts at points in Bariloche (between downtown and km 8 of Bustillo Av. or Pioneros Av.), following a scenic route along the Gutierrez and Mascardi lakes. Along the way, there are unmissable stops for photos in places such as <strong data-start=\"1147\" data-end=\"1162\">Black Beach<\/strong> and the <strong data-start=\"1168\" data-end=\"1198\">Heart Island viewpoint<\/strong>, and a rest at Los R\u00e1pidos camping site.<\/p>\n<p class=\"ai-optimize-9\" data-start=\"1250\" data-end=\"1591\">The experience progresses to the <strong data-start=\"1287\" data-end=\"1308\">Black Snowdrift<\/strong>, a glacier that descends from the top of the Tronador. From there you will be amazed by the contrasts of dark ice and snow over the mountain range. At <strong data-start=\"1490\" data-end=\"1505\">Pampa Linda<\/strong>, You will have some free time to savor dishes at the inns and relax surrounded by pure nature.<\/p>\n<p class=\"ai-optimize-10\" data-start=\"1593\" data-end=\"1835\">The excursion runs from 9:00 am to 6:30 pm approx. and includes transfers, Spanish speaking guide and selected stops for you to experience this natural treasure to the fullest. Remember: lunch and access to the National Park are paid separately.<\/p>\n<h3 class=\"ai-optimize-11\" data-start=\"1842\" data-end=\"1870\"><strong data-start=\"1846\" data-end=\"1870\">Frequently asked questions<\/strong><\/h3>\n<p class=\"ai-optimize-12\" data-start=\"1872\" data-end=\"2010\"><strong data-start=\"1872\" data-end=\"1908\">Do you have to be physically fit?<\/strong><br data-start=\"1908\" data-end=\"1911\" \/>It is not necessary. The tour is by vehicle and there are only short walks to enjoy the viewpoints. Ideal for any age.<\/p>\n<p class=\"ai-optimize-13\" data-start=\"2012\" data-end=\"2124\"><strong data-start=\"2012\" data-end=\"2038\">Where do you have lunch?<\/strong><br data-start=\"2038\" data-end=\"2041\" \/>In Pampa Linda you will find inns with regional food and beverage options, perfect for tasting local flavors.<\/p>\n<p class=\"ai-optimize-14\" data-start=\"2126\" data-end=\"2290\"><strong data-start=\"2126\" data-end=\"2160\">What do I need to bring?<\/strong><br data-start=\"2160\" data-end=\"2163\" \/>Bring comfortable clothes, warm clothes, good walking shoes, sunscreen, water and some cash for access and meals.<\/p>\n<p class=\"ai-optimize-15\" data-start=\"2292\" data-end=\"2476\"><strong data-start=\"2292\" data-end=\"2322\">What does the tour cover?<\/strong><br data-start=\"2322\" data-end=\"2325\" \/>Includes transfer from the meeting points, guide accompaniment and the complete itinerary. It does not include lunch or the entrance fee to Nahuel Huapi National Park.<\/p>","protected":false},"excerpt":{"rendered":"<p class=\"ai-optimize-6\">Live a unique experience exploring the Nahuel Huapi National Park, admiring the imposing beauty of Cerro Tronador and the amazing Ventisquero Negro Glacier. An ideal combination of natural landscapes, adventure and comfort.<\/p>","protected":false},"featured_media":378013,"comment_status":"open","ping_status":"closed","template":"","meta":[],"product_brand":[],"product_cat":[49,53,54,60,64,67,69],"product_tag":[],"class_list":{"0":"post-377910","1":"product","2":"type-product","3":"status-publish","4":"has-post-thumbnail","6":"product_cat-adultos","7":"product_cat-con-traslado","8":"product_cat-familia","9":"product_cat-ninos","10":"product_cat-sin-comida","11":"product_cat-terrestre","12":"product_cat-todo-el-ano","14":"first","15":"instock","16":"virtual","17":"sold-individually","18":"purchasable","19":"product-type-booking"},"booking_location":"","booking_location_type":"","booking_duration":1,"booking_duration_unit":"hour","booking_buffer":0,"booking_cost":0,"booking_resources":[],"exclude_global_add_ons":false,"addons":[{"name":"STD | Passengers","type":"input_multiplier","position":0,"required":false,"title_format":"label","default":"","description_enable":false,"description":"","placeholder_enable":false,"placeholder":"","display":"select","restrictions_type":"any_text","adjust_price":true,"price":"59400","price_type":"quantity_based","restrictions":false,"min":"0","max":"0","options":[],"id":1773237140}],"yoast_head":"<!-- This site is optimized with the Yoast SEO Premium plugin v25.2 (Yoast SEO v25.2) - https:\/\/yoast.com\/wordpress\/plugins\/seo\/ -->\n<title>Cerro Tronador y Ventisquero Negro - Rafting Bariloche<\/title>\n<meta name=\"description\" content=\"Excursi\u00f3n al Cerro Tronador y Ventisquero Negro desde Bariloche. Glaciares, monta\u00f1as y naturaleza patag\u00f3nica en un d\u00eda completo.\" \/>\n<meta name=\"robots\" content=\"index, follow, max-snippet:-1, max-image-preview:large, max-video-preview:-1\" \/>\n<link rel=\"canonical\" href=\"https:\/\/raftingbariloche.ar\/en\/product\/cerro-tronador-and-ventisquero-negro\/\" \/>\n<meta property=\"og:locale\" content=\"en_US\" \/>\n<meta property=\"og:type\" content=\"article\" \/>\n<meta property=\"og:title\" content=\"Cerro Tronador y Ventisquero Negro: exploraci\u00f3n total en el coraz\u00f3n de la Patagonia\" \/>\n<meta property=\"og:description\" content=\"Excursi\u00f3n al Cerro Tronador y Ventisquero Negro desde Bariloche. Glaciares, monta\u00f1as y naturaleza patag\u00f3nica en un d\u00eda completo.\" \/>\n<meta property=\"og:url\" content=\"https:\/\/raftingbariloche.ar\/en\/product\/cerro-tronador-and-ventisquero-negro\/\" \/>\n<meta property=\"og:site_name\" content=\"Rafting Bariloche\" \/>\n<meta property=\"article:modified_time\" content=\"2026-04-08T19:26:16+00:00\" \/>\n<meta property=\"og:image\" content=\"https:\/\/raftingbariloche.ar\/wp-content\/uploads\/sites\/5\/2025\/08\/10-D-IMG_9104.jpg\" \/>\n\t<meta property=\"og:image:width\" content=\"850\" \/>\n\t<meta property=\"og:image:height\" content=\"1133\" \/>\n\t<meta property=\"og:image:type\" content=\"image\/jpeg\" \/>\n<meta name=\"twitter:card\" content=\"summary_large_image\" \/>\n<meta name=\"twitter:label1\" content=\"Price\" \/>\n\t<meta name=\"twitter:data1\" content=\"&#036;59,400.00\" \/>\n\t<meta name=\"twitter:label2\" content=\"Availability\" \/>\n\t<meta name=\"twitter:data2\" content=\"In stock\" \/>\n<script type=\"application\/ld+json\" class=\"yoast-schema-graph\">{\"@context\":\"https:\/\/schema.org\",\"@graph\":[{\"@type\":\"WebPage\",\"@id\":\"https:\/\/raftingbariloche.ar\/producto\/cerro-tronador-y-ventisquero-negro\/\",\"url\":\"https:\/\/raftingbariloche.ar\/producto\/cerro-tronador-y-ventisquero-negro\/\",\"name\":\"Cerro Tronador y Ventisquero Negro - Rafting Bariloche\",\"isPartOf\":{\"@id\":\"https:\/\/raftingbariloche.ar\/#website\"},\"primaryImageOfPage\":{\"@id\":\"https:\/\/raftingbariloche.ar\/producto\/cerro-tronador-y-ventisquero-negro\/#primaryimage\"},\"image\":{\"@id\":\"https:\/\/raftingbariloche.ar\/producto\/cerro-tronador-y-ventisquero-negro\/#primaryimage\"},\"thumbnailUrl\":\"https:\/\/raftingbariloche.ar\/wp-content\/uploads\/sites\/5\/2025\/08\/10-D-IMG_9104.jpg\",\"datePublished\":\"2025-08-18T16:56:57+00:00\",\"dateModified\":\"2026-04-08T19:26:16+00:00\",\"description\":\"Excursi\u00f3n al Cerro Tronador y Ventisquero Negro desde Bariloche. Glaciares, monta\u00f1as y naturaleza patag\u00f3nica en un d\u00eda completo.\",\"breadcrumb\":{\"@id\":\"https:\/\/raftingbariloche.ar\/producto\/cerro-tronador-y-ventisquero-negro\/#breadcrumb\"},\"inLanguage\":\"en-US\",\"potentialAction\":[{\"@type\":\"ReadAction\",\"target\":[\"https:\/\/raftingbariloche.ar\/producto\/cerro-tronador-y-ventisquero-negro\/\"]}]},{\"@type\":\"ImageObject\",\"inLanguage\":\"en-US\",\"@id\":\"https:\/\/raftingbariloche.ar\/producto\/cerro-tronador-y-ventisquero-negro\/#primaryimage\",\"url\":\"https:\/\/raftingbariloche.ar\/wp-content\/uploads\/sites\/5\/2025\/08\/10-D-IMG_9104.jpg\",\"contentUrl\":\"https:\/\/raftingbariloche.ar\/wp-content\/uploads\/sites\/5\/2025\/08\/10-D-IMG_9104.jpg\",\"width\":850,\"height\":1133},{\"@type\":\"BreadcrumbList\",\"@id\":\"https:\/\/raftingbariloche.ar\/producto\/cerro-tronador-y-ventisquero-negro\/#breadcrumb\",\"itemListElement\":[{\"@type\":\"ListItem\",\"position\":1,\"name\":\"Inicio\",\"item\":\"https:\/\/raftingbariloche.ar\/\"},{\"@type\":\"ListItem\",\"position\":2,\"name\":\"Tienda\",\"item\":\"https:\/\/raftingbariloche.ar\/tienda\/\"},{\"@type\":\"ListItem\",\"position\":3,\"name\":\"Cerro Tronador y Ventisquero Negro: exploraci\u00f3n total en el coraz\u00f3n de la Patagonia\"}]},{\"@type\":\"WebSite\",\"@id\":\"https:\/\/raftingbariloche.ar\/#website\",\"url\":\"https:\/\/raftingbariloche.ar\/\",\"name\":\"Rafting Bariloche\",\"description\":\"\",\"potentialAction\":[{\"@type\":\"SearchAction\",\"target\":{\"@type\":\"EntryPoint\",\"urlTemplate\":\"https:\/\/raftingbariloche.ar\/?s={search_term_string}\"},\"query-input\":{\"@type\":\"PropertyValueSpecification\",\"valueRequired\":true,\"valueName\":\"search_term_string\"}}],\"inLanguage\":\"en-US\"}]}<\/script>\n<meta property=\"product:price:amount\" content=\"59400.00\" \/>\n<meta property=\"product:price:currency\" content=\"ARS\" \/>\n<meta property=\"og:availability\" content=\"instock\" \/>\n<meta property=\"product:availability\" content=\"instock\" \/>\n<meta property=\"product:retailer_item_id\" content=\"ADV2025CETRYVHMNO\" \/>\n<meta property=\"product:condition\" content=\"new\" \/>\n<!-- \/ Yoast SEO Premium plugin. -->","yoast_head_json":{"title":"Cerro Tronador and Ventisquero Negro - Rafting Bariloche","description":"Excursion to Cerro Tronador and Ventisquero Negro from Bariloche. Glaciers, mountains and Patagonian nature in a full day.","robots":{"index":"index","follow":"follow","max-snippet":"max-snippet:-1","max-image-preview":"max-image-preview:large","max-video-preview":"max-video-preview:-1"},"canonical":"https:\/\/raftingbariloche.ar\/en\/product\/cerro-tronador-and-ventisquero-negro\/","og_locale":"en_US","og_type":"article","og_title":"Cerro Tronador y Ventisquero Negro: exploraci\u00f3n total en el coraz\u00f3n de la Patagonia","og_description":"Excursi\u00f3n al Cerro Tronador y Ventisquero Negro desde Bariloche. Glaciares, monta\u00f1as y naturaleza patag\u00f3nica en un d\u00eda completo.","og_url":"https:\/\/raftingbariloche.ar\/en\/product\/cerro-tronador-and-ventisquero-negro\/","og_site_name":"Rafting Bariloche","article_modified_time":"2026-04-08T19:26:16+00:00","og_image":[{"width":850,"height":1133,"url":"https:\/\/raftingbariloche.ar\/wp-content\/uploads\/sites\/5\/2025\/08\/10-D-IMG_9104.jpg","type":"image\/jpeg"}],"twitter_card":"summary_large_image","twitter_misc":{"Price":"&#36;59,400.00","Availability":"In stock"},"schema":{"@context":"https:\/\/schema.org","@graph":[{"@type":"WebPage","@id":"https:\/\/raftingbariloche.ar\/producto\/cerro-tronador-y-ventisquero-negro\/","url":"https:\/\/raftingbariloche.ar\/producto\/cerro-tronador-y-ventisquero-negro\/","name":"Cerro Tronador and Ventisquero Negro - Rafting Bariloche","isPartOf":{"@id":"https:\/\/raftingbariloche.ar\/#website"},"primaryImageOfPage":{"@id":"https:\/\/raftingbariloche.ar\/producto\/cerro-tronador-y-ventisquero-negro\/#primaryimage"},"image":{"@id":"https:\/\/raftingbariloche.ar\/producto\/cerro-tronador-y-ventisquero-negro\/#primaryimage"},"thumbnailUrl":"https:\/\/raftingbariloche.ar\/wp-content\/uploads\/sites\/5\/2025\/08\/10-D-IMG_9104.jpg","datePublished":"2025-08-18T16:56:57+00:00","dateModified":"2026-04-08T19:26:16+00:00","description":"Excursion to Cerro Tronador and Ventisquero Negro from Bariloche. Glaciers, mountains and Patagonian nature in a full day.","breadcrumb":{"@id":"https:\/\/raftingbariloche.ar\/producto\/cerro-tronador-y-ventisquero-negro\/#breadcrumb"},"inLanguage":"en-US","potentialAction":[{"@type":"ReadAction","target":["https:\/\/raftingbariloche.ar\/producto\/cerro-tronador-y-ventisquero-negro\/"]}]},{"@type":"ImageObject","inLanguage":"en-US","@id":"https:\/\/raftingbariloche.ar\/producto\/cerro-tronador-y-ventisquero-negro\/#primaryimage","url":"https:\/\/raftingbariloche.ar\/wp-content\/uploads\/sites\/5\/2025\/08\/10-D-IMG_9104.jpg","contentUrl":"https:\/\/raftingbariloche.ar\/wp-content\/uploads\/sites\/5\/2025\/08\/10-D-IMG_9104.jpg","width":850,"height":1133},{"@type":"BreadcrumbList","@id":"https:\/\/raftingbariloche.ar\/producto\/cerro-tronador-y-ventisquero-negro\/#breadcrumb","itemListElement":[{"@type":"ListItem","position":1,"name":"Inicio","item":"https:\/\/raftingbariloche.ar\/"},{"@type":"ListItem","position":2,"name":"Tienda","item":"https:\/\/raftingbariloche.ar\/tienda\/"},{"@type":"ListItem","position":3,"name":"Cerro Tronador y Ventisquero Negro: exploraci\u00f3n total en el coraz\u00f3n de la Patagonia"}]},{"@type":"WebSite","@id":"https:\/\/raftingbariloche.ar\/#website","url":"https:\/\/raftingbariloche.ar\/","name":"Rafting Bariloche","description":"","potentialAction":[{"@type":"SearchAction","target":{"@type":"EntryPoint","urlTemplate":"https:\/\/raftingbariloche.ar\/?s={search_term_string}"},"query-input":{"@type":"PropertyValueSpecification","valueRequired":true,"valueName":"search_term_string"}}],"inLanguage":"en-US"}]},"product_price_amount":"59400.00","product_price_currency":"ARS","og_availability":"instock","product_availability":"instock","product_retailer_item_id":"ADV2025CETRYVHMNO","product_condition":"new"},"_links":{"self":[{"href":"https:\/\/raftingbariloche.ar\/en\/wp-json\/wp\/v2\/product\/377910","targetHints":{"allow":["GET"]}}],"collection":[{"href":"https:\/\/raftingbariloche.ar\/en\/wp-json\/wp\/v2\/product"}],"about":[{"href":"https:\/\/raftingbariloche.ar\/en\/wp-json\/wp\/v2\/types\/product"}],"replies":[{"embeddable":true,"href":"https:\/\/raftingbariloche.ar\/en\/wp-json\/wp\/v2\/comments?post=377910"}],"wp:featuredmedia":[{"embeddable":true,"href":"https:\/\/raftingbariloche.ar\/en\/wp-json\/wp\/v2\/media\/378013"}],"wp:attachment":[{"href":"https:\/\/raftingbariloche.ar\/en\/wp-json\/wp\/v2\/media?parent=377910"}],"wp:term":[{"taxonomy":"product_brand","embeddable":true,"href":"https:\/\/raftingbariloche.ar\/en\/wp-json\/wp\/v2\/product_brand?post=377910"},{"taxonomy":"product_cat","embeddable":true,"href":"https:\/\/raftingbariloche.ar\/en\/wp-json\/wp\/v2\/product_cat?post=377910"},{"taxonomy":"product_tag","embeddable":true,"href":"https:\/\/raftingbariloche.ar\/en\/wp-json\/wp\/v2\/product_tag?post=377910"}],"curies":[{"name":"wp","href":"https:\/\/api.w.org\/{rel}","templated":true}]}}