{"id":377903,"date":"2025-08-18T13:54:44","date_gmt":"2025-08-18T16:54:44","guid":{"rendered":"https:\/\/raftingbariloche.ar\/producto\/seguro-de-reprogramacion-cambia-la-fecha-de-tu-excursion-sin-penalidades\/"},"modified":"2025-08-25T15:49:21","modified_gmt":"2025-08-25T18:49:21","slug":"seguro-de-reprogramacion-cambia-la-fecha-de-tu-excursion-sin-penalidades","status":"publish","type":"product","link":"https:\/\/raftingbariloche.ar\/en\/product\/rescheduling-insurance-changes-the-date-of-your-tour-without-penalties\/","title":{"rendered":"Rescheduling Insurance - Change the date of your excursion without penalty"},"content":{"rendered":"<h3 data-start=\"245\" data-end=\"300\">Let go of stress and customize your trip when you need it.<\/h3>\n<p data-start=\"302\" data-end=\"521\">Thanks to the Rescheduling Insurance you have the freedom to change the date of your excursion without paying extras or fines, up to one day before. Choose to travel with peace of mind, with the ideal flexibility for those who prefer to cover themselves and enjoy Bariloche without surprises.<\/p>\n<h3 data-start=\"528\" data-end=\"555\">What does this insurance offer you?<\/h3>\n<ul data-start=\"557\" data-end=\"846\">\n<li data-start=\"557\" data-end=\"628\">\n<p data-start=\"559\" data-end=\"628\">Penalty-free date change until the day before your excursion.<\/p>\n<\/li>\n<li data-start=\"629\" data-end=\"678\">\n<p data-start=\"631\" data-end=\"678\">Direct rescheduling, always subject to available space.<\/p>\n<\/li>\n<li data-start=\"679\" data-end=\"738\">\n<p data-start=\"681\" data-end=\"738\">Fast management: no need to explain.<\/p>\n<\/li>\n<li data-start=\"739\" data-end=\"786\">\n<p data-start=\"741\" data-end=\"786\">It is purchased per person for each outing.<\/p>\n<\/li>\n<li data-start=\"787\" data-end=\"846\">\n<p data-start=\"789\" data-end=\"846\">You have time to add it up to half an hour after generating the voucher.<\/p>\n<\/li>\n<\/ul>\n<h3 data-start=\"853\" data-end=\"880\">Conditions to take into account<\/h3>\n<ul data-start=\"882\" data-end=\"1214\">\n<li data-start=\"882\" data-end=\"957\">\n<p data-start=\"884\" data-end=\"957\">The insurance is personal: it corresponds to each passenger and to each excursion chosen.<\/p>\n<\/li>\n<li data-start=\"958\" data-end=\"1050\">\n<p data-start=\"960\" data-end=\"1050\">The new date depends on availability at the time of the order.<\/p>\n<\/li>\n<li data-start=\"1051\" data-end=\"1119\">\n<p data-start=\"1053\" data-end=\"1119\">No changes can be requested the same day of the excursion.<\/p>\n<\/li>\n<li data-start=\"1120\" data-end=\"1214\">\n<p data-start=\"1122\" data-end=\"1214\">Must be added when making the reservation or up to 30 minutes after obtaining the voucher.<\/p>\n<\/li>\n<\/ul>\n<h3 data-start=\"1221\" data-end=\"1245\">Frequently asked questions<\/h3>\n<p data-start=\"1247\" data-end=\"1380\"><strong data-start=\"1247\" data-end=\"1303\">At what point can I add Reprogramming Insurance?<\/strong><br data-start=\"1303\" data-end=\"1306\" \/>When you confirm your reservation or up to half an hour after receiving your voucher.<\/p>\n<p data-start=\"1382\" data-end=\"1501\"><strong data-start=\"1382\" data-end=\"1441\">Is it necessary to justify the change of date of my excursion?<\/strong><br data-start=\"1441\" data-end=\"1444\" \/>No, you can reschedule without explaining reasons or motives.<\/p>\n<p data-start=\"1503\" data-end=\"1654\"><strong data-start=\"1503\" data-end=\"1563\">Is my new date insured with this insurance?<\/strong><br data-start=\"1563\" data-end=\"1566\" \/>The change is subject to vacancies at the time of requesting the adjustment.<\/p>\n<p data-start=\"1656\" data-end=\"1766\"><strong data-start=\"1656\" data-end=\"1701\">Do I have the option to reschedule the same day?<\/strong><br data-start=\"1701\" data-end=\"1704\" \/>No, the benefit is valid until the day before the excursion.<\/p>","protected":false},"excerpt":{"rendered":"<p class=\"ai-optimize-6\">Date change coverage in Bariloche. Change the day of your tour at no extra charge up to 24 hours before. Add it to your purchase at the time of booking.<\/p>","protected":false},"featured_media":378005,"comment_status":"open","ping_status":"closed","template":"","meta":[],"product_brand":[],"product_cat":[38],"product_tag":[],"class_list":{"0":"post-377903","1":"product","2":"type-product","3":"status-publish","4":"has-post-thumbnail","6":"product_cat-otros","8":"first","9":"instock","10":"virtual","11":"purchasable","12":"product-type-simple"},"booking_location":null,"booking_location_type":null,"booking_duration":null,"booking_duration_unit":null,"booking_buffer":null,"booking_cost":null,"booking_resources":null,"exclude_global_add_ons":[],"addons":[],"yoast_head":"<!-- This site is optimized with the Yoast SEO Premium plugin v25.2 (Yoast SEO v25.2) - https:\/\/yoast.com\/wordpress\/plugins\/seo\/ -->\n<title>Seguro de Reprogramaci\u00f3n \u2013 Cambi\u00e1 la fecha de tu excursi\u00f3n sin penalidades - Rafting Bariloche<\/title>\n<meta name=\"robots\" content=\"index, follow, max-snippet:-1, max-image-preview:large, max-video-preview:-1\" \/>\n<link rel=\"canonical\" href=\"https:\/\/raftingbariloche.ar\/en\/product\/rescheduling-insurance-changes-the-date-of-your-tour-without-penalties\/\" \/>\n<meta property=\"og:locale\" content=\"en_US\" \/>\n<meta property=\"og:type\" content=\"article\" \/>\n<meta property=\"og:title\" content=\"Seguro de Reprogramaci\u00f3n \u2013 Cambi\u00e1 la fecha de tu excursi\u00f3n sin penalidades\" \/>\n<meta property=\"og:description\" content=\"Cobertura de Cambio de Fecha en Bariloche. Modific\u00e1 el d\u00eda de tu tour sin cargos extra hasta 24 horas antes. Sumalo a tu compra al momento de reservar.\" \/>\n<meta property=\"og:url\" content=\"https:\/\/raftingbariloche.ar\/en\/product\/rescheduling-insurance-changes-the-date-of-your-tour-without-penalties\/\" \/>\n<meta property=\"og:site_name\" content=\"Rafting Bariloche\" \/>\n<meta property=\"article:modified_time\" content=\"2025-08-25T18:49:21+00:00\" \/>\n<meta property=\"og:image\" content=\"https:\/\/raftingbariloche.ar\/wp-content\/uploads\/sites\/5\/2025\/08\/10-A-2.jpg\" \/>\n\t<meta property=\"og:image:width\" content=\"850\" \/>\n\t<meta property=\"og:image:height\" content=\"1133\" \/>\n\t<meta property=\"og:image:type\" content=\"image\/jpeg\" \/>\n<meta name=\"twitter:card\" content=\"summary_large_image\" \/>\n<meta name=\"twitter:label1\" content=\"Price\" \/>\n\t<meta name=\"twitter:data1\" content=\"&#036;15,000.00\" \/>\n\t<meta name=\"twitter:label2\" content=\"Availability\" \/>\n\t<meta name=\"twitter:data2\" content=\"In stock\" \/>\n<script type=\"application\/ld+json\" class=\"yoast-schema-graph\">{\"@context\":\"https:\/\/schema.org\",\"@graph\":[{\"@type\":\"WebPage\",\"@id\":\"https:\/\/raftingbariloche.ar\/producto\/seguro-de-reprogramacion-cambia-la-fecha-de-tu-excursion-sin-penalidades\/\",\"url\":\"https:\/\/raftingbariloche.ar\/producto\/seguro-de-reprogramacion-cambia-la-fecha-de-tu-excursion-sin-penalidades\/\",\"name\":\"Seguro de Reprogramaci\u00f3n \u2013 Cambi\u00e1 la fecha de tu excursi\u00f3n sin penalidades - Rafting Bariloche\",\"isPartOf\":{\"@id\":\"https:\/\/raftingbariloche.ar\/#website\"},\"primaryImageOfPage\":{\"@id\":\"https:\/\/raftingbariloche.ar\/producto\/seguro-de-reprogramacion-cambia-la-fecha-de-tu-excursion-sin-penalidades\/#primaryimage\"},\"image\":{\"@id\":\"https:\/\/raftingbariloche.ar\/producto\/seguro-de-reprogramacion-cambia-la-fecha-de-tu-excursion-sin-penalidades\/#primaryimage\"},\"thumbnailUrl\":\"https:\/\/raftingbariloche.ar\/wp-content\/uploads\/sites\/5\/2025\/08\/10-A-2.jpg\",\"datePublished\":\"2025-08-18T16:54:44+00:00\",\"dateModified\":\"2025-08-25T18:49:21+00:00\",\"breadcrumb\":{\"@id\":\"https:\/\/raftingbariloche.ar\/producto\/seguro-de-reprogramacion-cambia-la-fecha-de-tu-excursion-sin-penalidades\/#breadcrumb\"},\"inLanguage\":\"en-US\",\"potentialAction\":[{\"@type\":\"ReadAction\",\"target\":[\"https:\/\/raftingbariloche.ar\/producto\/seguro-de-reprogramacion-cambia-la-fecha-de-tu-excursion-sin-penalidades\/\"]}]},{\"@type\":\"ImageObject\",\"inLanguage\":\"en-US\",\"@id\":\"https:\/\/raftingbariloche.ar\/producto\/seguro-de-reprogramacion-cambia-la-fecha-de-tu-excursion-sin-penalidades\/#primaryimage\",\"url\":\"https:\/\/raftingbariloche.ar\/wp-content\/uploads\/sites\/5\/2025\/08\/10-A-2.jpg\",\"contentUrl\":\"https:\/\/raftingbariloche.ar\/wp-content\/uploads\/sites\/5\/2025\/08\/10-A-2.jpg\",\"width\":850,\"height\":1133},{\"@type\":\"BreadcrumbList\",\"@id\":\"https:\/\/raftingbariloche.ar\/producto\/seguro-de-reprogramacion-cambia-la-fecha-de-tu-excursion-sin-penalidades\/#breadcrumb\",\"itemListElement\":[{\"@type\":\"ListItem\",\"position\":1,\"name\":\"Inicio\",\"item\":\"https:\/\/raftingbariloche.ar\/\"},{\"@type\":\"ListItem\",\"position\":2,\"name\":\"Tienda\",\"item\":\"https:\/\/raftingbariloche.ar\/tienda\/\"},{\"@type\":\"ListItem\",\"position\":3,\"name\":\"Seguro de Reprogramaci\u00f3n \u2013 Cambi\u00e1 la fecha de tu excursi\u00f3n sin penalidades\"}]},{\"@type\":\"WebSite\",\"@id\":\"https:\/\/raftingbariloche.ar\/#website\",\"url\":\"https:\/\/raftingbariloche.ar\/\",\"name\":\"Rafting Bariloche\",\"description\":\"\",\"potentialAction\":[{\"@type\":\"SearchAction\",\"target\":{\"@type\":\"EntryPoint\",\"urlTemplate\":\"https:\/\/raftingbariloche.ar\/?s={search_term_string}\"},\"query-input\":{\"@type\":\"PropertyValueSpecification\",\"valueRequired\":true,\"valueName\":\"search_term_string\"}}],\"inLanguage\":\"en-US\"}]}<\/script>\n<meta property=\"product:price:amount\" content=\"15000.00\" \/>\n<meta property=\"product:price:currency\" content=\"ARS\" \/>\n<meta property=\"og:availability\" content=\"instock\" \/>\n<meta property=\"product:availability\" content=\"instock\" \/>\n<meta property=\"product:condition\" content=\"new\" \/>\n<!-- \/ Yoast SEO Premium plugin. -->","yoast_head_json":{"title":"Rescheduling Insurance - Change the date of your excursion without penalty - Rafting Bariloche","robots":{"index":"index","follow":"follow","max-snippet":"max-snippet:-1","max-image-preview":"max-image-preview:large","max-video-preview":"max-video-preview:-1"},"canonical":"https:\/\/raftingbariloche.ar\/en\/product\/rescheduling-insurance-changes-the-date-of-your-tour-without-penalties\/","og_locale":"en_US","og_type":"article","og_title":"Seguro de Reprogramaci\u00f3n \u2013 Cambi\u00e1 la fecha de tu excursi\u00f3n sin penalidades","og_description":"Cobertura de Cambio de Fecha en Bariloche. Modific\u00e1 el d\u00eda de tu tour sin cargos extra hasta 24 horas antes. Sumalo a tu compra al momento de reservar.","og_url":"https:\/\/raftingbariloche.ar\/en\/product\/rescheduling-insurance-changes-the-date-of-your-tour-without-penalties\/","og_site_name":"Rafting Bariloche","article_modified_time":"2025-08-25T18:49:21+00:00","og_image":[{"width":850,"height":1133,"url":"https:\/\/raftingbariloche.ar\/wp-content\/uploads\/sites\/5\/2025\/08\/10-A-2.jpg","type":"image\/jpeg"}],"twitter_card":"summary_large_image","twitter_misc":{"Price":"&#36;15,000.00","Availability":"In stock"},"schema":{"@context":"https:\/\/schema.org","@graph":[{"@type":"WebPage","@id":"https:\/\/raftingbariloche.ar\/producto\/seguro-de-reprogramacion-cambia-la-fecha-de-tu-excursion-sin-penalidades\/","url":"https:\/\/raftingbariloche.ar\/producto\/seguro-de-reprogramacion-cambia-la-fecha-de-tu-excursion-sin-penalidades\/","name":"Rescheduling Insurance - Change the date of your excursion without penalty - Rafting Bariloche","isPartOf":{"@id":"https:\/\/raftingbariloche.ar\/#website"},"primaryImageOfPage":{"@id":"https:\/\/raftingbariloche.ar\/producto\/seguro-de-reprogramacion-cambia-la-fecha-de-tu-excursion-sin-penalidades\/#primaryimage"},"image":{"@id":"https:\/\/raftingbariloche.ar\/producto\/seguro-de-reprogramacion-cambia-la-fecha-de-tu-excursion-sin-penalidades\/#primaryimage"},"thumbnailUrl":"https:\/\/raftingbariloche.ar\/wp-content\/uploads\/sites\/5\/2025\/08\/10-A-2.jpg","datePublished":"2025-08-18T16:54:44+00:00","dateModified":"2025-08-25T18:49:21+00:00","breadcrumb":{"@id":"https:\/\/raftingbariloche.ar\/producto\/seguro-de-reprogramacion-cambia-la-fecha-de-tu-excursion-sin-penalidades\/#breadcrumb"},"inLanguage":"en-US","potentialAction":[{"@type":"ReadAction","target":["https:\/\/raftingbariloche.ar\/producto\/seguro-de-reprogramacion-cambia-la-fecha-de-tu-excursion-sin-penalidades\/"]}]},{"@type":"ImageObject","inLanguage":"en-US","@id":"https:\/\/raftingbariloche.ar\/producto\/seguro-de-reprogramacion-cambia-la-fecha-de-tu-excursion-sin-penalidades\/#primaryimage","url":"https:\/\/raftingbariloche.ar\/wp-content\/uploads\/sites\/5\/2025\/08\/10-A-2.jpg","contentUrl":"https:\/\/raftingbariloche.ar\/wp-content\/uploads\/sites\/5\/2025\/08\/10-A-2.jpg","width":850,"height":1133},{"@type":"BreadcrumbList","@id":"https:\/\/raftingbariloche.ar\/producto\/seguro-de-reprogramacion-cambia-la-fecha-de-tu-excursion-sin-penalidades\/#breadcrumb","itemListElement":[{"@type":"ListItem","position":1,"name":"Inicio","item":"https:\/\/raftingbariloche.ar\/"},{"@type":"ListItem","position":2,"name":"Tienda","item":"https:\/\/raftingbariloche.ar\/tienda\/"},{"@type":"ListItem","position":3,"name":"Seguro de Reprogramaci\u00f3n \u2013 Cambi\u00e1 la fecha de tu excursi\u00f3n sin penalidades"}]},{"@type":"WebSite","@id":"https:\/\/raftingbariloche.ar\/#website","url":"https:\/\/raftingbariloche.ar\/","name":"Rafting Bariloche","description":"","potentialAction":[{"@type":"SearchAction","target":{"@type":"EntryPoint","urlTemplate":"https:\/\/raftingbariloche.ar\/?s={search_term_string}"},"query-input":{"@type":"PropertyValueSpecification","valueRequired":true,"valueName":"search_term_string"}}],"inLanguage":"en-US"}]},"product_price_amount":"15000.00","product_price_currency":"ARS","og_availability":"instock","product_availability":"instock","product_condition":"new"},"_links":{"self":[{"href":"https:\/\/raftingbariloche.ar\/en\/wp-json\/wp\/v2\/product\/377903","targetHints":{"allow":["GET"]}}],"collection":[{"href":"https:\/\/raftingbariloche.ar\/en\/wp-json\/wp\/v2\/product"}],"about":[{"href":"https:\/\/raftingbariloche.ar\/en\/wp-json\/wp\/v2\/types\/product"}],"replies":[{"embeddable":true,"href":"https:\/\/raftingbariloche.ar\/en\/wp-json\/wp\/v2\/comments?post=377903"}],"wp:featuredmedia":[{"embeddable":true,"href":"https:\/\/raftingbariloche.ar\/en\/wp-json\/wp\/v2\/media\/378005"}],"wp:attachment":[{"href":"https:\/\/raftingbariloche.ar\/en\/wp-json\/wp\/v2\/media?parent=377903"}],"wp:term":[{"taxonomy":"product_brand","embeddable":true,"href":"https:\/\/raftingbariloche.ar\/en\/wp-json\/wp\/v2\/product_brand?post=377903"},{"taxonomy":"product_cat","embeddable":true,"href":"https:\/\/raftingbariloche.ar\/en\/wp-json\/wp\/v2\/product_cat?post=377903"},{"taxonomy":"product_tag","embeddable":true,"href":"https:\/\/raftingbariloche.ar\/en\/wp-json\/wp\/v2\/product_tag?post=377903"}],"curies":[{"name":"wp","href":"https:\/\/api.w.org\/{rel}","templated":true}]}}