{"id":377899,"date":"2025-08-18T13:54:09","date_gmt":"2025-08-18T16:54:09","guid":{"rendered":"https:\/\/raftingbariloche.ar\/producto\/pack-de-reserva-flexible-viaja-con-tranquilidad-y-sin-preocupaciones\/"},"modified":"2025-09-19T14:21:50","modified_gmt":"2025-09-19T17:21:50","slug":"pack-de-reserva-flexible-viaja-con-tranquilidad-y-sin-preocupaciones","status":"publish","type":"product","link":"https:\/\/raftingbariloche.ar\/en\/product\/flexible-booking-pack-travel-with-peace-of-mind-and-without-worries\/","title":{"rendered":"Flexible Booking Pack - Travel with peace of mind and without worries"},"content":{"rendered":"<h3 class=\"ai-optimize-6\" data-start=\"232\" data-end=\"273\">Total flexibility for your agenda<\/h3>\n<p class=\"ai-optimize-7 ai-optimize-introduction\" data-start=\"275\" data-end=\"620\">With the Flexible Booking Pack you can organize your adventures in Bariloche with the certainty that, if your plans change, you can adjust or cancel your reservation in an agile and hassle-free way. This option combines the advantages of the Reprogramming Insurance and the Cancellation Insurance in the same contract, giving you freedom and comfort in a single step.<\/p>\n<h3 class=\"ai-optimize-8\" data-start=\"627\" data-end=\"652\">What does this Pack offer you?<\/h3>\n<ul data-start=\"654\" data-end=\"1014\">\n<li class=\"ai-optimize-9\" data-start=\"654\" data-end=\"726\">\n<p class=\"ai-optimize-10\" data-start=\"656\" data-end=\"726\">Modify the date without penalties until the day before the activity.<\/p>\n<\/li>\n<li class=\"ai-optimize-11\" data-start=\"727\" data-end=\"797\">\n<p class=\"ai-optimize-12\" data-start=\"729\" data-end=\"797\">Cancellation with partial refund until 7:00 p.m. of the previous day.<\/p>\n<\/li>\n<li class=\"ai-optimize-13\" data-start=\"798\" data-end=\"870\">\n<p class=\"ai-optimize-14\" data-start=\"800\" data-end=\"870\">Available up to 30 minutes after issuing your voucher.<\/p>\n<\/li>\n<li class=\"ai-optimize-15\" data-start=\"871\" data-end=\"930\">\n<p class=\"ai-optimize-16\" data-start=\"873\" data-end=\"930\">The Pack is purchased <strong data-start=\"893\" data-end=\"929\">per person per excursion<\/strong>.<\/p>\n<\/li>\n<li class=\"ai-optimize-17\" data-start=\"931\" data-end=\"1014\">\n<p class=\"ai-optimize-18\" data-start=\"933\" data-end=\"1014\">Perfect for relaxed travel, without stress due to unexpected changes.<\/p>\n<\/li>\n<\/ul>\n<h3 class=\"ai-optimize-19\" data-start=\"1021\" data-end=\"1048\">Key information<\/h3>\n<ul data-start=\"1050\" data-end=\"1393\">\n<li class=\"ai-optimize-20\" data-start=\"1050\" data-end=\"1134\">\n<p class=\"ai-optimize-21\" data-start=\"1052\" data-end=\"1134\">The Pack is personal: it corresponds to each traveler and for each excursion booked.<\/p>\n<\/li>\n<li class=\"ai-optimize-22\" data-start=\"1135\" data-end=\"1236\">\n<p class=\"ai-optimize-23\" data-start=\"1137\" data-end=\"1236\">It is purchased at the time of booking or up to 30 minutes after the voucher is issued.<\/p>\n<\/li>\n<li class=\"ai-optimize-24\" data-start=\"1237\" data-end=\"1317\">\n<p class=\"ai-optimize-25\" data-start=\"1239\" data-end=\"1317\">It is valid for most of the departures (ask for specific exceptions).<\/p>\n<\/li>\n<li class=\"ai-optimize-26\" data-start=\"1318\" data-end=\"1393\">\n<p class=\"ai-optimize-27\" data-start=\"1320\" data-end=\"1393\">Partial refunds for cancellations are made in accordance with current regulations.<\/p>\n<\/li>\n<\/ul>\n<h3 class=\"ai-optimize-28\" data-start=\"1400\" data-end=\"1424\">Common inquiries<\/h3>\n<p class=\"ai-optimize-29\" data-start=\"1426\" data-end=\"1565\"><strong data-start=\"1426\" data-end=\"1475\">Can this Pack be added after booking?<\/strong><br data-start=\"1475\" data-end=\"1478\" \/>Of course, you have 30 minutes after the voucher is issued to add it to your purchase. You have 30 minutes after the voucher is issued to add it to your purchase.<\/p>\n<p class=\"ai-optimize-30\" data-start=\"1567\" data-end=\"1731\"><strong data-start=\"1567\" data-end=\"1610\">Cancel it without giving reasons?<\/strong><br data-start=\"1610\" data-end=\"1613\" \/>Yes, you can cancel up to 7:00 p.m. the day before and recover part of the amount, without giving any reason.<\/p>\n<p class=\"ai-optimize-31\" data-start=\"1733\" data-end=\"1866\"><strong data-start=\"1733\" data-end=\"1781\">Can I reserve for another date at no additional charge?<\/strong><br data-start=\"1781\" data-end=\"1784\" \/>Yes, you have the option to reschedule the tour to the previous day, subject to availability.<\/p>\n<p class=\"ai-optimize-32\" data-start=\"1868\" data-end=\"2032\"><strong data-start=\"1868\" data-end=\"1910\">Does it work for all rides?<\/strong><br data-start=\"1910\" data-end=\"1913\" \/>In force in most of our proposals, except for some exceptions that are informed before contracting.<\/p>","protected":false},"excerpt":{"rendered":"<p class=\"ai-optimize-6\">Adaptable Reservation: change or cancel your departure individually and by experience, accessing a partial refund even up to the previous day. Travel to Bariloche with peace of mind and support.<\/p>","protected":false},"featured_media":378003,"comment_status":"open","ping_status":"closed","template":"","meta":[],"product_brand":[],"product_cat":[38],"product_tag":[],"class_list":{"0":"post-377899","1":"product","2":"type-product","3":"status-publish","4":"has-post-thumbnail","6":"product_cat-otros","8":"first","9":"instock","10":"sale","11":"virtual","12":"purchasable","13":"product-type-simple"},"booking_location":null,"booking_location_type":null,"booking_duration":null,"booking_duration_unit":null,"booking_buffer":null,"booking_cost":null,"booking_resources":null,"exclude_global_add_ons":[],"addons":[],"yoast_head":"<!-- This site is optimized with the Yoast SEO Premium plugin v25.2 (Yoast SEO v25.2) - https:\/\/yoast.com\/wordpress\/plugins\/seo\/ -->\n<title>Pack de Reserva Flexible \u2013 Viaj\u00e1 con tranquilidad y sin preocupaciones - Rafting Bariloche<\/title>\n<meta name=\"robots\" content=\"index, follow, max-snippet:-1, max-image-preview:large, max-video-preview:-1\" \/>\n<link rel=\"canonical\" href=\"https:\/\/raftingbariloche.ar\/en\/product\/flexible-booking-pack-travel-with-peace-of-mind-and-without-worries\/\" \/>\n<meta property=\"og:locale\" content=\"en_US\" \/>\n<meta property=\"og:type\" content=\"article\" \/>\n<meta property=\"og:title\" content=\"Pack de Reserva Flexible \u2013 Viaj\u00e1 con tranquilidad y sin preocupaciones\" \/>\n<meta property=\"og:description\" content=\"Reserva Adaptable: cambi\u00e1 o anul\u00e1 tu salida de manera individual y por experiencia, accediendo a un reintegro parcial incluso hasta el d\u00eda previo. Viaj\u00e1 a Bariloche con mayor tranquilidad y respaldo.\" \/>\n<meta property=\"og:url\" content=\"https:\/\/raftingbariloche.ar\/en\/product\/flexible-booking-pack-travel-with-peace-of-mind-and-without-worries\/\" \/>\n<meta property=\"og:site_name\" content=\"Rafting Bariloche\" \/>\n<meta property=\"article:modified_time\" content=\"2025-09-19T17:21:50+00:00\" \/>\n<meta property=\"og:image\" content=\"https:\/\/raftingbariloche.ar\/wp-content\/uploads\/sites\/5\/2025\/08\/10-A.jpg\" \/>\n\t<meta property=\"og:image:width\" content=\"850\" \/>\n\t<meta property=\"og:image:height\" content=\"1133\" \/>\n\t<meta property=\"og:image:type\" content=\"image\/jpeg\" \/>\n<meta name=\"twitter:card\" content=\"summary_large_image\" \/>\n<meta name=\"twitter:label1\" content=\"Price\" \/>\n\t<meta name=\"twitter:data1\" content=\"&#036;25,000.00\" \/>\n\t<meta name=\"twitter:label2\" content=\"Availability\" \/>\n\t<meta name=\"twitter:data2\" content=\"In stock\" \/>\n<script type=\"application\/ld+json\" class=\"yoast-schema-graph\">{\"@context\":\"https:\/\/schema.org\",\"@graph\":[{\"@type\":\"WebPage\",\"@id\":\"https:\/\/raftingbariloche.ar\/producto\/pack-de-reserva-flexible-viaja-con-tranquilidad-y-sin-preocupaciones\/\",\"url\":\"https:\/\/raftingbariloche.ar\/producto\/pack-de-reserva-flexible-viaja-con-tranquilidad-y-sin-preocupaciones\/\",\"name\":\"Pack de Reserva Flexible \u2013 Viaj\u00e1 con tranquilidad y sin preocupaciones - Rafting Bariloche\",\"isPartOf\":{\"@id\":\"https:\/\/raftingbariloche.ar\/#website\"},\"primaryImageOfPage\":{\"@id\":\"https:\/\/raftingbariloche.ar\/producto\/pack-de-reserva-flexible-viaja-con-tranquilidad-y-sin-preocupaciones\/#primaryimage\"},\"image\":{\"@id\":\"https:\/\/raftingbariloche.ar\/producto\/pack-de-reserva-flexible-viaja-con-tranquilidad-y-sin-preocupaciones\/#primaryimage\"},\"thumbnailUrl\":\"https:\/\/raftingbariloche.ar\/wp-content\/uploads\/sites\/5\/2025\/08\/10-A.jpg\",\"datePublished\":\"2025-08-18T16:54:09+00:00\",\"dateModified\":\"2025-09-19T17:21:50+00:00\",\"breadcrumb\":{\"@id\":\"https:\/\/raftingbariloche.ar\/producto\/pack-de-reserva-flexible-viaja-con-tranquilidad-y-sin-preocupaciones\/#breadcrumb\"},\"inLanguage\":\"en-US\",\"potentialAction\":[{\"@type\":\"ReadAction\",\"target\":[\"https:\/\/raftingbariloche.ar\/producto\/pack-de-reserva-flexible-viaja-con-tranquilidad-y-sin-preocupaciones\/\"]}]},{\"@type\":\"ImageObject\",\"inLanguage\":\"en-US\",\"@id\":\"https:\/\/raftingbariloche.ar\/producto\/pack-de-reserva-flexible-viaja-con-tranquilidad-y-sin-preocupaciones\/#primaryimage\",\"url\":\"https:\/\/raftingbariloche.ar\/wp-content\/uploads\/sites\/5\/2025\/08\/10-A.jpg\",\"contentUrl\":\"https:\/\/raftingbariloche.ar\/wp-content\/uploads\/sites\/5\/2025\/08\/10-A.jpg\",\"width\":850,\"height\":1133},{\"@type\":\"BreadcrumbList\",\"@id\":\"https:\/\/raftingbariloche.ar\/producto\/pack-de-reserva-flexible-viaja-con-tranquilidad-y-sin-preocupaciones\/#breadcrumb\",\"itemListElement\":[{\"@type\":\"ListItem\",\"position\":1,\"name\":\"Inicio\",\"item\":\"https:\/\/raftingbariloche.ar\/\"},{\"@type\":\"ListItem\",\"position\":2,\"name\":\"Tienda\",\"item\":\"https:\/\/raftingbariloche.ar\/tienda\/\"},{\"@type\":\"ListItem\",\"position\":3,\"name\":\"Pack de Reserva Flexible \u2013 Viaj\u00e1 con tranquilidad y sin preocupaciones\"}]},{\"@type\":\"WebSite\",\"@id\":\"https:\/\/raftingbariloche.ar\/#website\",\"url\":\"https:\/\/raftingbariloche.ar\/\",\"name\":\"Rafting Bariloche\",\"description\":\"\",\"potentialAction\":[{\"@type\":\"SearchAction\",\"target\":{\"@type\":\"EntryPoint\",\"urlTemplate\":\"https:\/\/raftingbariloche.ar\/?s={search_term_string}\"},\"query-input\":{\"@type\":\"PropertyValueSpecification\",\"valueRequired\":true,\"valueName\":\"search_term_string\"}}],\"inLanguage\":\"en-US\"}]}<\/script>\n<meta property=\"product:price:amount\" content=\"25000.00\" \/>\n<meta property=\"product:price:currency\" content=\"ARS\" \/>\n<meta property=\"og:availability\" content=\"instock\" \/>\n<meta property=\"product:availability\" content=\"instock\" \/>\n<meta property=\"product:condition\" content=\"new\" \/>\n<!-- \/ Yoast SEO Premium plugin. -->","yoast_head_json":{"title":"Flexible Booking Pack - Travel with peace of mind and without worries - Rafting Bariloche","robots":{"index":"index","follow":"follow","max-snippet":"max-snippet:-1","max-image-preview":"max-image-preview:large","max-video-preview":"max-video-preview:-1"},"canonical":"https:\/\/raftingbariloche.ar\/en\/product\/flexible-booking-pack-travel-with-peace-of-mind-and-without-worries\/","og_locale":"en_US","og_type":"article","og_title":"Pack de Reserva Flexible \u2013 Viaj\u00e1 con tranquilidad y sin preocupaciones","og_description":"Reserva Adaptable: cambi\u00e1 o anul\u00e1 tu salida de manera individual y por experiencia, accediendo a un reintegro parcial incluso hasta el d\u00eda previo. Viaj\u00e1 a Bariloche con mayor tranquilidad y respaldo.","og_url":"https:\/\/raftingbariloche.ar\/en\/product\/flexible-booking-pack-travel-with-peace-of-mind-and-without-worries\/","og_site_name":"Rafting Bariloche","article_modified_time":"2025-09-19T17:21:50+00:00","og_image":[{"width":850,"height":1133,"url":"https:\/\/raftingbariloche.ar\/wp-content\/uploads\/sites\/5\/2025\/08\/10-A.jpg","type":"image\/jpeg"}],"twitter_card":"summary_large_image","twitter_misc":{"Price":"&#36;25,000.00","Availability":"In stock"},"schema":{"@context":"https:\/\/schema.org","@graph":[{"@type":"WebPage","@id":"https:\/\/raftingbariloche.ar\/producto\/pack-de-reserva-flexible-viaja-con-tranquilidad-y-sin-preocupaciones\/","url":"https:\/\/raftingbariloche.ar\/producto\/pack-de-reserva-flexible-viaja-con-tranquilidad-y-sin-preocupaciones\/","name":"Flexible Booking Pack - Travel with peace of mind and without worries - Rafting Bariloche","isPartOf":{"@id":"https:\/\/raftingbariloche.ar\/#website"},"primaryImageOfPage":{"@id":"https:\/\/raftingbariloche.ar\/producto\/pack-de-reserva-flexible-viaja-con-tranquilidad-y-sin-preocupaciones\/#primaryimage"},"image":{"@id":"https:\/\/raftingbariloche.ar\/producto\/pack-de-reserva-flexible-viaja-con-tranquilidad-y-sin-preocupaciones\/#primaryimage"},"thumbnailUrl":"https:\/\/raftingbariloche.ar\/wp-content\/uploads\/sites\/5\/2025\/08\/10-A.jpg","datePublished":"2025-08-18T16:54:09+00:00","dateModified":"2025-09-19T17:21:50+00:00","breadcrumb":{"@id":"https:\/\/raftingbariloche.ar\/producto\/pack-de-reserva-flexible-viaja-con-tranquilidad-y-sin-preocupaciones\/#breadcrumb"},"inLanguage":"en-US","potentialAction":[{"@type":"ReadAction","target":["https:\/\/raftingbariloche.ar\/producto\/pack-de-reserva-flexible-viaja-con-tranquilidad-y-sin-preocupaciones\/"]}]},{"@type":"ImageObject","inLanguage":"en-US","@id":"https:\/\/raftingbariloche.ar\/producto\/pack-de-reserva-flexible-viaja-con-tranquilidad-y-sin-preocupaciones\/#primaryimage","url":"https:\/\/raftingbariloche.ar\/wp-content\/uploads\/sites\/5\/2025\/08\/10-A.jpg","contentUrl":"https:\/\/raftingbariloche.ar\/wp-content\/uploads\/sites\/5\/2025\/08\/10-A.jpg","width":850,"height":1133},{"@type":"BreadcrumbList","@id":"https:\/\/raftingbariloche.ar\/producto\/pack-de-reserva-flexible-viaja-con-tranquilidad-y-sin-preocupaciones\/#breadcrumb","itemListElement":[{"@type":"ListItem","position":1,"name":"Inicio","item":"https:\/\/raftingbariloche.ar\/"},{"@type":"ListItem","position":2,"name":"Tienda","item":"https:\/\/raftingbariloche.ar\/tienda\/"},{"@type":"ListItem","position":3,"name":"Pack de Reserva Flexible \u2013 Viaj\u00e1 con tranquilidad y sin preocupaciones"}]},{"@type":"WebSite","@id":"https:\/\/raftingbariloche.ar\/#website","url":"https:\/\/raftingbariloche.ar\/","name":"Rafting Bariloche","description":"","potentialAction":[{"@type":"SearchAction","target":{"@type":"EntryPoint","urlTemplate":"https:\/\/raftingbariloche.ar\/?s={search_term_string}"},"query-input":{"@type":"PropertyValueSpecification","valueRequired":true,"valueName":"search_term_string"}}],"inLanguage":"en-US"}]},"product_price_amount":"25000.00","product_price_currency":"ARS","og_availability":"instock","product_availability":"instock","product_condition":"new"},"_links":{"self":[{"href":"https:\/\/raftingbariloche.ar\/en\/wp-json\/wp\/v2\/product\/377899","targetHints":{"allow":["GET"]}}],"collection":[{"href":"https:\/\/raftingbariloche.ar\/en\/wp-json\/wp\/v2\/product"}],"about":[{"href":"https:\/\/raftingbariloche.ar\/en\/wp-json\/wp\/v2\/types\/product"}],"replies":[{"embeddable":true,"href":"https:\/\/raftingbariloche.ar\/en\/wp-json\/wp\/v2\/comments?post=377899"}],"wp:featuredmedia":[{"embeddable":true,"href":"https:\/\/raftingbariloche.ar\/en\/wp-json\/wp\/v2\/media\/378003"}],"wp:attachment":[{"href":"https:\/\/raftingbariloche.ar\/en\/wp-json\/wp\/v2\/media?parent=377899"}],"wp:term":[{"taxonomy":"product_brand","embeddable":true,"href":"https:\/\/raftingbariloche.ar\/en\/wp-json\/wp\/v2\/product_brand?post=377899"},{"taxonomy":"product_cat","embeddable":true,"href":"https:\/\/raftingbariloche.ar\/en\/wp-json\/wp\/v2\/product_cat?post=377899"},{"taxonomy":"product_tag","embeddable":true,"href":"https:\/\/raftingbariloche.ar\/en\/wp-json\/wp\/v2\/product_tag?post=377899"}],"curies":[{"name":"wp","href":"https:\/\/api.w.org\/{rel}","templated":true}]}}