{"id":377898,"date":"2025-08-18T13:53:47","date_gmt":"2025-08-18T16:53:47","guid":{"rendered":"https:\/\/raftingbariloche.ar\/producto\/rafting-en-rio-limay-desde-bariloche-naturaleza-aventura-y-estepa-patagonica\/"},"modified":"2026-04-28T10:57:57","modified_gmt":"2026-04-28T13:57:57","slug":"rafting-rio-limay-desde-bariloche","status":"publish","type":"product","link":"https:\/\/raftingbariloche.ar\/en\/product\/rafting-limay-river-from-bariloche\/","title":{"rendered":"Rafting on Limay River from Bariloche: Nature, Adventure and Patagonian Steppe"},"content":{"rendered":"<h2 class=\"ai-optimize-21\">Live an Exclusive Experience in Patagonia<\/h2>\n<p class=\"ai-optimize-introduction ai-optimize-22\">Come and discover the imposing natural environment of the Limay River with a low-difficulty rafting excursion. This proposal is ideal for those who wish to combine adventure, wellness and the thrill of touring incomparable Patagonian landscapes. Perfect for families, groups and beginners who want to start rafting in a safe and exciting environment.<\/p>\n<h3 class=\"ai-optimize-23\">Main Advantages<\/h3>\n<ul>\n<li class=\"ai-optimize-24\"><strong>Safe and Secure Option for All:<\/strong> Class I\/II rapids, safe for children over 3 years old.<\/li>\n<li class=\"ai-optimize-25\"><strong>All Inclusive and Transfer:<\/strong> We incorporate life jackets, paddles, transfer and coordination at the meeting point.<\/li>\n<li class=\"ai-optimize-26\"><strong>Punctual departures:<\/strong> The tour starts at 13:00, to maximize the day and relaxation.<\/li>\n<li class=\"ai-optimize-27\"><strong>Replenish Energy:<\/strong> We include breakfast or snack, perfect to continue enjoying with recharged batteries.<\/li>\n<\/ul>\n<h3 class=\"ai-optimize-28\">Comfort and Nature in an Unforgettable Experience<\/h3>\n<p class=\"ai-optimize-29\">Join a unique journey that balances the calm of calm waters and the joy of gentle rapids in the Limay River. Every moment is planned to make your experience memorable, mixing the splendor of Patagonia with the distinction of an activity where safety and enjoyment are a priority.<\/p>\n<h3 class=\"ai-optimize-30\">Frequently Asked Questions (FAQ)<\/h3>\n<ul>\n<li class=\"ai-optimize-31\"><strong>What services are included in the tour?<\/strong>The proposal covers transportation to the meeting point, complete equipment (vest and paddles), as well as breakfast or snack, providing a complete experience.<\/li>\n<li class=\"ai-optimize-32\"><strong>Is it designed for families and children?<\/strong>Of course, the outing is designed to be shared by people of all ages, allowing children as young as 3 years old to participate; perfect for family plans.<\/li>\n<li class=\"ai-optimize-33\"><strong>How difficult is the course?<\/strong>The trip is done in Class I\/II rapids, ensuring a safe and accessible experience for those taking their first steps in rafting.<\/li>\n<li class=\"ai-optimize-34\"><strong>Do I need previous rafting experience?<\/strong>No previous experience is required. Everything is prepared for those who want to experience rafting in a careful and exciting environment.<\/li>\n<\/ul>\n<p class=\"ai-optimize-23\"><strong>Important Notice<\/strong>This tour is now available for pre-booking. Departures operate from April 30 to September 30, subject to seasonal calendar.<\/p>","protected":false},"excerpt":{"rendered":"<p class=\"ai-optimize-6\">Experience the Limay from the inside with a quiet rafting trip, designed to guarantee comfort and safety in an unparalleled Patagonian landscape. Perfect for beginners or those looking for a different family activity.<\/p>","protected":false},"featured_media":378053,"comment_status":"open","ping_status":"closed","template":"","meta":[],"product_brand":[],"product_cat":[49,51,53,64,69],"product_tag":[],"class_list":{"0":"post-377898","1":"product","2":"type-product","3":"status-publish","4":"has-post-thumbnail","6":"product_cat-adultos","7":"product_cat-aventura","8":"product_cat-con-traslado","9":"product_cat-sin-comida","10":"product_cat-todo-el-ano","12":"first","13":"instock","14":"virtual","15":"sold-individually","16":"purchasable","17":"product-type-booking"},"booking_location":"","booking_location_type":"","booking_duration":1,"booking_duration_unit":"hour","booking_buffer":0,"booking_cost":0,"booking_resources":[],"exclude_global_add_ons":false,"addons":[{"name":"ADU | Adult","type":"input_multiplier","position":0,"required":false,"title_format":"label","default":"","description_enable":false,"description":"","placeholder_enable":false,"placeholder":"","display":"select","restrictions_type":"any_text","adjust_price":true,"price":"99500","price_type":"quantity_based","restrictions":false,"min":"0","max":"0","options":[],"id":1777373587}],"yoast_head":"<!-- This site is optimized with the Yoast SEO Premium plugin v25.2 (Yoast SEO v25.2) - https:\/\/yoast.com\/wordpress\/plugins\/seo\/ -->\n<title>Rafting R\u00edo Limay desde Bariloche - Rafting Bariloche<\/title>\n<meta name=\"description\" content=\"Viv\u00ed una experiencia segura de rafting en el R\u00edo Limay. Naturaleza, diversi\u00f3n y relax en paisajes patag\u00f3nicos \u00fanicos, ideal para toda la familia.\" \/>\n<meta name=\"robots\" content=\"index, follow, max-snippet:-1, max-image-preview:large, max-video-preview:-1\" \/>\n<link rel=\"canonical\" href=\"https:\/\/raftingbariloche.ar\/en\/product\/rafting-limay-river-from-bariloche\/\" \/>\n<meta property=\"og:locale\" content=\"en_US\" \/>\n<meta property=\"og:type\" content=\"article\" \/>\n<meta property=\"og:title\" content=\"Rafting en R\u00edo Limay desde Bariloche: Naturaleza, Aventura y Estepa Patag\u00f3nica\" \/>\n<meta property=\"og:description\" content=\"Viv\u00ed una experiencia segura de rafting en el R\u00edo Limay. Naturaleza, diversi\u00f3n y relax en paisajes patag\u00f3nicos \u00fanicos, ideal para toda la familia.\" \/>\n<meta property=\"og:url\" content=\"https:\/\/raftingbariloche.ar\/en\/product\/rafting-limay-river-from-bariloche\/\" \/>\n<meta property=\"og:site_name\" content=\"Rafting Bariloche\" \/>\n<meta property=\"article:modified_time\" content=\"2026-04-28T13:57:57+00:00\" \/>\n<meta property=\"og:image\" content=\"https:\/\/raftingbariloche.ar\/wp-content\/uploads\/sites\/5\/2025\/08\/9-B-animate-a-hacer-rafting.jpg\" \/>\n\t<meta property=\"og:image:width\" content=\"850\" \/>\n\t<meta property=\"og:image:height\" content=\"1133\" \/>\n\t<meta property=\"og:image:type\" content=\"image\/jpeg\" \/>\n<meta name=\"twitter:card\" content=\"summary_large_image\" \/>\n<meta name=\"twitter:label1\" content=\"Price\" \/>\n\t<meta name=\"twitter:data1\" content=\"&#036;99,500.00\" \/>\n\t<meta name=\"twitter:label2\" content=\"Availability\" \/>\n\t<meta name=\"twitter:data2\" content=\"In stock\" \/>\n<script type=\"application\/ld+json\" class=\"yoast-schema-graph\">{\"@context\":\"https:\/\/schema.org\",\"@graph\":[{\"@type\":\"WebPage\",\"@id\":\"https:\/\/raftingbariloche.ar\/producto\/rafting-rio-limay-desde-bariloche\/\",\"url\":\"https:\/\/raftingbariloche.ar\/producto\/rafting-rio-limay-desde-bariloche\/\",\"name\":\"Rafting R\u00edo Limay desde Bariloche - Rafting Bariloche\",\"isPartOf\":{\"@id\":\"https:\/\/raftingbariloche.ar\/#website\"},\"primaryImageOfPage\":{\"@id\":\"https:\/\/raftingbariloche.ar\/producto\/rafting-rio-limay-desde-bariloche\/#primaryimage\"},\"image\":{\"@id\":\"https:\/\/raftingbariloche.ar\/producto\/rafting-rio-limay-desde-bariloche\/#primaryimage\"},\"thumbnailUrl\":\"https:\/\/raftingbariloche.ar\/wp-content\/uploads\/sites\/5\/2025\/08\/9-B-animate-a-hacer-rafting.jpg\",\"datePublished\":\"2025-08-18T16:53:47+00:00\",\"dateModified\":\"2026-04-28T13:57:57+00:00\",\"description\":\"Viv\u00ed una experiencia segura de rafting en el R\u00edo Limay. Naturaleza, diversi\u00f3n y relax en paisajes patag\u00f3nicos \u00fanicos, ideal para toda la familia.\",\"breadcrumb\":{\"@id\":\"https:\/\/raftingbariloche.ar\/producto\/rafting-rio-limay-desde-bariloche\/#breadcrumb\"},\"inLanguage\":\"en-US\",\"potentialAction\":[{\"@type\":\"ReadAction\",\"target\":[\"https:\/\/raftingbariloche.ar\/producto\/rafting-rio-limay-desde-bariloche\/\"]}]},{\"@type\":\"ImageObject\",\"inLanguage\":\"en-US\",\"@id\":\"https:\/\/raftingbariloche.ar\/producto\/rafting-rio-limay-desde-bariloche\/#primaryimage\",\"url\":\"https:\/\/raftingbariloche.ar\/wp-content\/uploads\/sites\/5\/2025\/08\/9-B-animate-a-hacer-rafting.jpg\",\"contentUrl\":\"https:\/\/raftingbariloche.ar\/wp-content\/uploads\/sites\/5\/2025\/08\/9-B-animate-a-hacer-rafting.jpg\",\"width\":850,\"height\":1133},{\"@type\":\"BreadcrumbList\",\"@id\":\"https:\/\/raftingbariloche.ar\/producto\/rafting-rio-limay-desde-bariloche\/#breadcrumb\",\"itemListElement\":[{\"@type\":\"ListItem\",\"position\":1,\"name\":\"Inicio\",\"item\":\"https:\/\/raftingbariloche.ar\/\"},{\"@type\":\"ListItem\",\"position\":2,\"name\":\"Tienda\",\"item\":\"https:\/\/raftingbariloche.ar\/tienda\/\"},{\"@type\":\"ListItem\",\"position\":3,\"name\":\"Rafting en R\u00edo Limay desde Bariloche: Naturaleza, Aventura y Estepa Patag\u00f3nica\"}]},{\"@type\":\"WebSite\",\"@id\":\"https:\/\/raftingbariloche.ar\/#website\",\"url\":\"https:\/\/raftingbariloche.ar\/\",\"name\":\"Rafting Bariloche\",\"description\":\"\",\"potentialAction\":[{\"@type\":\"SearchAction\",\"target\":{\"@type\":\"EntryPoint\",\"urlTemplate\":\"https:\/\/raftingbariloche.ar\/?s={search_term_string}\"},\"query-input\":{\"@type\":\"PropertyValueSpecification\",\"valueRequired\":true,\"valueName\":\"search_term_string\"}}],\"inLanguage\":\"en-US\"}]}<\/script>\n<meta property=\"product:price:amount\" content=\"99500.00\" \/>\n<meta property=\"product:price:currency\" content=\"ARS\" \/>\n<meta property=\"og:availability\" content=\"instock\" \/>\n<meta property=\"product:availability\" content=\"instock\" \/>\n<meta property=\"product:retailer_item_id\" content=\"ADV2025RALIPO7XQ4\" \/>\n<meta property=\"product:condition\" content=\"new\" \/>\n<!-- \/ Yoast SEO Premium plugin. -->","yoast_head_json":{"title":"Rafting Limay River from Bariloche - Rafting Bariloche","description":"Live a safe rafting experience on the Limay River. Nature, fun and relaxation in unique Patagonian landscapes, ideal for the whole family.","robots":{"index":"index","follow":"follow","max-snippet":"max-snippet:-1","max-image-preview":"max-image-preview:large","max-video-preview":"max-video-preview:-1"},"canonical":"https:\/\/raftingbariloche.ar\/en\/product\/rafting-limay-river-from-bariloche\/","og_locale":"en_US","og_type":"article","og_title":"Rafting en R\u00edo Limay desde Bariloche: Naturaleza, Aventura y Estepa Patag\u00f3nica","og_description":"Viv\u00ed una experiencia segura de rafting en el R\u00edo Limay. Naturaleza, diversi\u00f3n y relax en paisajes patag\u00f3nicos \u00fanicos, ideal para toda la familia.","og_url":"https:\/\/raftingbariloche.ar\/en\/product\/rafting-limay-river-from-bariloche\/","og_site_name":"Rafting Bariloche","article_modified_time":"2026-04-28T13:57:57+00:00","og_image":[{"width":850,"height":1133,"url":"https:\/\/raftingbariloche.ar\/wp-content\/uploads\/sites\/5\/2025\/08\/9-B-animate-a-hacer-rafting.jpg","type":"image\/jpeg"}],"twitter_card":"summary_large_image","twitter_misc":{"Price":"&#36;99,500.00","Availability":"In stock"},"schema":{"@context":"https:\/\/schema.org","@graph":[{"@type":"WebPage","@id":"https:\/\/raftingbariloche.ar\/producto\/rafting-rio-limay-desde-bariloche\/","url":"https:\/\/raftingbariloche.ar\/producto\/rafting-rio-limay-desde-bariloche\/","name":"Rafting Limay River from Bariloche - Rafting Bariloche","isPartOf":{"@id":"https:\/\/raftingbariloche.ar\/#website"},"primaryImageOfPage":{"@id":"https:\/\/raftingbariloche.ar\/producto\/rafting-rio-limay-desde-bariloche\/#primaryimage"},"image":{"@id":"https:\/\/raftingbariloche.ar\/producto\/rafting-rio-limay-desde-bariloche\/#primaryimage"},"thumbnailUrl":"https:\/\/raftingbariloche.ar\/wp-content\/uploads\/sites\/5\/2025\/08\/9-B-animate-a-hacer-rafting.jpg","datePublished":"2025-08-18T16:53:47+00:00","dateModified":"2026-04-28T13:57:57+00:00","description":"Live a safe rafting experience on the Limay River. Nature, fun and relaxation in unique Patagonian landscapes, ideal for the whole family.","breadcrumb":{"@id":"https:\/\/raftingbariloche.ar\/producto\/rafting-rio-limay-desde-bariloche\/#breadcrumb"},"inLanguage":"en-US","potentialAction":[{"@type":"ReadAction","target":["https:\/\/raftingbariloche.ar\/producto\/rafting-rio-limay-desde-bariloche\/"]}]},{"@type":"ImageObject","inLanguage":"en-US","@id":"https:\/\/raftingbariloche.ar\/producto\/rafting-rio-limay-desde-bariloche\/#primaryimage","url":"https:\/\/raftingbariloche.ar\/wp-content\/uploads\/sites\/5\/2025\/08\/9-B-animate-a-hacer-rafting.jpg","contentUrl":"https:\/\/raftingbariloche.ar\/wp-content\/uploads\/sites\/5\/2025\/08\/9-B-animate-a-hacer-rafting.jpg","width":850,"height":1133},{"@type":"BreadcrumbList","@id":"https:\/\/raftingbariloche.ar\/producto\/rafting-rio-limay-desde-bariloche\/#breadcrumb","itemListElement":[{"@type":"ListItem","position":1,"name":"Inicio","item":"https:\/\/raftingbariloche.ar\/"},{"@type":"ListItem","position":2,"name":"Tienda","item":"https:\/\/raftingbariloche.ar\/tienda\/"},{"@type":"ListItem","position":3,"name":"Rafting en R\u00edo Limay desde Bariloche: Naturaleza, Aventura y Estepa Patag\u00f3nica"}]},{"@type":"WebSite","@id":"https:\/\/raftingbariloche.ar\/#website","url":"https:\/\/raftingbariloche.ar\/","name":"Rafting Bariloche","description":"","potentialAction":[{"@type":"SearchAction","target":{"@type":"EntryPoint","urlTemplate":"https:\/\/raftingbariloche.ar\/?s={search_term_string}"},"query-input":{"@type":"PropertyValueSpecification","valueRequired":true,"valueName":"search_term_string"}}],"inLanguage":"en-US"}]},"product_price_amount":"99500.00","product_price_currency":"ARS","og_availability":"instock","product_availability":"instock","product_retailer_item_id":"ADV2025RALIPO7XQ4","product_condition":"new"},"_links":{"self":[{"href":"https:\/\/raftingbariloche.ar\/en\/wp-json\/wp\/v2\/product\/377898","targetHints":{"allow":["GET"]}}],"collection":[{"href":"https:\/\/raftingbariloche.ar\/en\/wp-json\/wp\/v2\/product"}],"about":[{"href":"https:\/\/raftingbariloche.ar\/en\/wp-json\/wp\/v2\/types\/product"}],"replies":[{"embeddable":true,"href":"https:\/\/raftingbariloche.ar\/en\/wp-json\/wp\/v2\/comments?post=377898"}],"wp:featuredmedia":[{"embeddable":true,"href":"https:\/\/raftingbariloche.ar\/en\/wp-json\/wp\/v2\/media\/378053"}],"wp:attachment":[{"href":"https:\/\/raftingbariloche.ar\/en\/wp-json\/wp\/v2\/media?parent=377898"}],"wp:term":[{"taxonomy":"product_brand","embeddable":true,"href":"https:\/\/raftingbariloche.ar\/en\/wp-json\/wp\/v2\/product_brand?post=377898"},{"taxonomy":"product_cat","embeddable":true,"href":"https:\/\/raftingbariloche.ar\/en\/wp-json\/wp\/v2\/product_cat?post=377898"},{"taxonomy":"product_tag","embeddable":true,"href":"https:\/\/raftingbariloche.ar\/en\/wp-json\/wp\/v2\/product_tag?post=377898"}],"curies":[{"name":"wp","href":"https:\/\/api.w.org\/{rel}","templated":true}]}}